{"id":8476,"date":"2026-02-26T17:24:40","date_gmt":"2026-02-26T16:24:40","guid":{"rendered":"https:\/\/festiukulele77.fr\/?page_id=8476"},"modified":"2026-03-01T09:54:58","modified_gmt":"2026-03-01T08:54:58","slug":"inscriptions-scenes-ouvertes","status":"publish","type":"page","link":"https:\/\/festiukulele77.fr\/index.php\/inscriptions-scenes-ouvertes\/","title":{"rendered":"Inscriptions sc\u00e8nes ouvertes"},"content":{"rendered":"\t\t<div data-elementor-type=\"wp-page\" data-elementor-id=\"8476\" class=\"elementor elementor-8476\">\n\t\t\t\t\t\t<section class=\"elementor-section elementor-top-section elementor-element elementor-element-e356e23 elementor-section-boxed elementor-section-height-default elementor-section-height-default\" data-id=\"e356e23\" data-element_type=\"section\" data-e-type=\"section\">\n\t\t\t\t\t\t<div class=\"elementor-container elementor-column-gap-default\">\n\t\t\t\t\t<div class=\"elementor-column elementor-col-100 elementor-top-column elementor-element elementor-element-0462301\" data-id=\"0462301\" data-element_type=\"column\" data-e-type=\"column\">\n\t\t\t<div class=\"elementor-widget-wrap elementor-element-populated\">\n\t\t\t\t\t\t<div class=\"elementor-element elementor-element-83b914a elementor-widget elementor-widget-wp-widget-custom_html\" data-id=\"83b914a\" data-element_type=\"widget\" data-e-type=\"widget\" data-widget_type=\"wp-widget-custom_html.default\">\n\t\t\t\t<div class=\"elementor-widget-container\">\n\t\t\t\t\t<div class=\"textwidget custom-html-widget\"><div class=\"frm_forms  with_frm_style frm_style_style-formidable\" id=\"frm_form_4_container\" >\n<form enctype=\"multipart\/form-data\" method=\"post\" class=\"frm-show-form \" id=\"form_contact-form23\" >\n<div class=\"frm_form_fields \">\n<fieldset>\n<legend class=\"frm_screen_reader\">Inscriptions Sc\u00e8nes Ouvertes<\/legend>\r\n<h3 class=\"frm_form_title\">Inscriptions Sc\u00e8nes Ouvertes<\/h3>\r\n<div class=\"frm_description\"><p>Merci de respecter la r\u00e8gle : 1 inscription par nom ou par groupe<\/p>\n<p>Attention....... pour les sc\u00e8nes ouvertes du 8 mai de 19h30 \u00e0 23h00, r\u00e9servation obligatoire du repas sur la billetterie.<\/p>\n<\/div><div class=\"frm_fields_container\">\n<input type=\"hidden\" name=\"frm_action\" value=\"create\" \/>\n<input type=\"hidden\" name=\"form_id\" value=\"4\" \/>\n<input type=\"hidden\" name=\"frm_hide_fields_4\" id=\"frm_hide_fields_4\" value=\"\" \/>\n<input type=\"hidden\" name=\"form_key\" value=\"contact-form23\" \/>\n<input type=\"hidden\" name=\"item_meta[0]\" value=\"\" \/>\n<input type=\"hidden\" id=\"frm_submit_entry_4\" name=\"frm_submit_entry_4\" value=\"d4f63d4f8d\" \/><input type=\"hidden\" name=\"_wp_http_referer\" value=\"\/index.php\/wp-json\/wp\/v2\/pages\/8476\" \/><div id=\"frm_field_22_container\" class=\"frm_form_field form-field  frm_required_field frm_top_container frm4 frm_first\">\r\n\t<label for=\"field_qh4icy4\" id=\"field_qh4icy4_label\" class=\"frm_primary_label\">Nom ou Groupe\r\n\t\t<span class=\"frm_required\" aria-hidden=\"true\">*<\/span>\r\n\t<\/label>\r\n\t<input type=\"text\" id=\"field_qh4icy4\" name=\"item_meta[22]\" value=\"\"  data-reqmsg=\"Nom ou Groupe ne peut pas \u00eatre vide.\" aria-required=\"true\" data-invmsg=\"Nom ou Groupe est non valide\" aria-invalid=\"false\"   aria-describedby=\"frm_desc_field_qh4icy4\"\/>\r\n\t<div class=\"frm_description\" id=\"frm_desc_field_qh4icy4\">First<\/div>\r\n\t\r\n<\/div>\n<div id=\"frm_field_38_container\" class=\"frm_form_field form-field  frm_required_field frm_top_container frm4\">\r\n\t<label for=\"field_rmqb5\" id=\"field_rmqb5_label\" class=\"frm_primary_label\">Nbre de personnes\r\n\t\t<span class=\"frm_required\" aria-hidden=\"true\">*<\/span>\r\n\t<\/label>\r\n\t<input type=\"number\" id=\"field_rmqb5\" name=\"item_meta[38]\" value=\"\"  style=\"width:17%\" data-reqmsg=\"Nbre de personnes ne peut pas \u00eatre vide.\" aria-required=\"true\" data-invmsg=\"Nbre de personnes est non valide\" class=\"auto_width\" aria-invalid=\"false\"   min=\"0\" max=\"98\" step=\"any\"\/>\r\n\t\r\n\t\r\n<\/div>\n<div id=\"frm_field_48_container\" class=\"frm_form_field form-field  frm_required_field frm_top_container frm4\">\r\n\t<label for=\"field_n6s7w\" id=\"field_n6s7w_label\" class=\"frm_primary_label\">D\u00e9partement\r\n\t\t<span class=\"frm_required\" aria-hidden=\"true\">*<\/span>\r\n\t<\/label>\r\n\t<input type=\"number\" id=\"field_n6s7w\" name=\"item_meta[48]\" value=\"\"  style=\"width:18%\" data-reqmsg=\"D\u00e9partement ne peut pas \u00eatre vide.\" aria-required=\"true\" data-invmsg=\"D\u00e9partement est non valide\" class=\"auto_width\" aria-invalid=\"false\"   min=\"01\" max=\"98\" step=\"any\"\/>\r\n\t\r\n\t\r\n<\/div>\n<div id=\"frm_field_49_container\" class=\"frm_form_field form-field  frm_required_field frm_top_container frm6 frm_first\">\r\n\t<label for=\"field_7os2v\" id=\"field_7os2v_label\" class=\"frm_primary_label\">T\u00e9l\u00e9phone\r\n\t\t<span class=\"frm_required\" aria-hidden=\"true\">*<\/span>\r\n\t<\/label>\r\n\t<input type=\"tel\" id=\"field_7os2v\" name=\"item_meta[49]\" value=\"\"  style=\"width:50%\" data-reqmsg=\"T\u00e9l\u00e9phone ne peut pas \u00eatre vide.\" aria-required=\"true\" data-invmsg=\"T\u00e9l\u00e9phone est non valide\" class=\"auto_width\" aria-invalid=\"false\" pattern=\"((\\+\\d{1,3}(-|.| )?\\(?\\d\\)?(-| |.)?\\d{1,5})|(\\(?\\d{2,6}\\)?))(-|.| )?(\\d{3,4})(-|.| )?(\\d{4})(( x| ext)\\d{1,5}){0,1}$\"  \/>\r\n\t\r\n\t\r\n<\/div>\n<div id=\"frm_field_31_container\" class=\"frm_form_field form-field  frm_required_field frm_top_container frm6\">\r\n\t<label for=\"field_x1je8\" id=\"field_x1je8_label\" class=\"frm_primary_label\">E-mail\r\n\t\t<span class=\"frm_required\" aria-hidden=\"true\">*<\/span>\r\n\t<\/label>\r\n\t<input type=\"email\" id=\"field_x1je8\" name=\"item_meta[31]\" value=\"\"  data-reqmsg=\"E-mail ne peut pas \u00eatre vide.\" aria-required=\"true\" data-invmsg=\"E-mail est non valide\" aria-invalid=\"false\"  \/>\r\n\t\r\n\t\r\n<\/div>\n<div id=\"frm_field_42_container\" class=\"frm_form_field form-field  frm_top_container frm4 frm_first vertical_radio\">\r\n\t<div  id=\"field_m4ujs_label\" class=\"frm_primary_label\">Vendredi 8 mai 2026\r\n\t\t<span class=\"frm_required\" aria-hidden=\"true\"><\/span>\r\n\t<\/div>\r\n\t<div class=\"frm_opt_container\" aria-labelledby=\"field_m4ujs_label\" role=\"group\">\t\t<div class=\"frm_checkbox\" id=\"frm_checkbox_42-0\">\t\t\t<label  for=\"field_m4ujs-0\">\n\t\t\t<input type=\"checkbox\" name=\"item_meta[42][]\" id=\"field_m4ujs-0\" value=\"10h00 \u00e0 10h30 - Place de l&#039;Eglise\"  data-invmsg=\"Vendredi 8 mai 2026 est non valide\"   \/> 10h00 \u00e0 10h30 - Place de l'Eglise<\/label><\/div>\n\t\t<div class=\"frm_checkbox\" id=\"frm_checkbox_42-5\">\t\t\t<label  for=\"field_m4ujs-5\">\n\t\t\t<input type=\"checkbox\" name=\"item_meta[42][]\" id=\"field_m4ujs-5\" value=\"10h30 \u00e0 11h00 - Place de l&#039;Eglise\"  data-invmsg=\"Vendredi 8 mai 2026 est non valide\"   \/> 10h30 \u00e0 11h00 - Place de l'Eglise<\/label><\/div>\n\t\t<div class=\"frm_checkbox\" id=\"frm_checkbox_42-17\">\t\t\t<label  for=\"field_m4ujs-17\">\n\t\t\t<input type=\"checkbox\" name=\"item_meta[42][]\" id=\"field_m4ujs-17\" value=\"11h00 \u00e0 11h30 - Place de l&#039;Eglise\"  data-invmsg=\"Vendredi 8 mai 2026 est non valide\"   \/> 11h00 \u00e0 11h30 - Place de l'Eglise<\/label><\/div>\n\t\t<div class=\"frm_checkbox\" id=\"frm_checkbox_42-16\">\t\t\t<label  for=\"field_m4ujs-16\">\n\t\t\t<input type=\"checkbox\" name=\"item_meta[42][]\" id=\"field_m4ujs-16\" value=\"14h00 \u00e0 14h30 - Place de l&#039;Eglise\"  data-invmsg=\"Vendredi 8 mai 2026 est non valide\"   \/> 14h00 \u00e0 14h30 - Place de l'Eglise<\/label><\/div>\n\t\t<div class=\"frm_checkbox\" id=\"frm_checkbox_42-15\">\t\t\t<label  for=\"field_m4ujs-15\">\n\t\t\t<input type=\"checkbox\" name=\"item_meta[42][]\" id=\"field_m4ujs-15\" value=\"14h30 \u00e0 15h00 - Place de l&#039;Eglise\"  data-invmsg=\"Vendredi 8 mai 2026 est non valide\"   \/> 14h30 \u00e0 15h00 - Place de l'Eglise<\/label><\/div>\n\t\t<div class=\"frm_checkbox\" id=\"frm_checkbox_42-14\">\t\t\t<label  for=\"field_m4ujs-14\">\n\t\t\t<input type=\"checkbox\" name=\"item_meta[42][]\" id=\"field_m4ujs-14\" value=\"15h00 \u00e0 15h30 - Place de l&#039;Eglise\"  data-invmsg=\"Vendredi 8 mai 2026 est non valide\"   \/> 15h00 \u00e0 15h30 - Place de l'Eglise<\/label><\/div>\n\t\t<div class=\"frm_checkbox\" id=\"frm_checkbox_42-13\">\t\t\t<label  for=\"field_m4ujs-13\">\n\t\t\t<input type=\"checkbox\" name=\"item_meta[42][]\" id=\"field_m4ujs-13\" value=\"15h30 \u00e0 16h00 - Place de l&#039;Eglise\"  data-invmsg=\"Vendredi 8 mai 2026 est non valide\"   \/> 15h30 \u00e0 16h00 - Place de l'Eglise<\/label><\/div>\n<\/div>\r\n\t\r\n\t\r\n<\/div>\n<div id=\"frm_field_45_container\" class=\"frm_form_field form-field  frm_top_container frm4 vertical_radio\">\r\n\t<div  id=\"field_aggiv_label\" class=\"frm_primary_label\">Samedi 9 mai 2026\r\n\t\t<span class=\"frm_required\" aria-hidden=\"true\"><\/span>\r\n\t<\/div>\r\n\t<div class=\"frm_opt_container\" aria-labelledby=\"field_aggiv_label\" role=\"group\">\t\t<div class=\"frm_checkbox\" id=\"frm_checkbox_45-1\">\t\t\t<label  for=\"field_aggiv-1\">\n\t\t\t<input type=\"checkbox\" name=\"item_meta[45][]\" id=\"field_aggiv-1\" value=\"10h30 \u00e0 11h00 - Place de l&#039;Eglise\"  data-invmsg=\"Samedi 9 mai 2026 est non valide\"   \/> 10h30 \u00e0 11h00 - Place de l'Eglise<\/label><\/div>\n\t\t<div class=\"frm_checkbox\" id=\"frm_checkbox_45-6\">\t\t\t<label  for=\"field_aggiv-6\">\n\t\t\t<input type=\"checkbox\" name=\"item_meta[45][]\" id=\"field_aggiv-6\" value=\"10h30 \u00e0 11h00 - Grande sc\u00e8ne\"  data-invmsg=\"Samedi 9 mai 2026 est non valide\"   \/> 10h30 \u00e0 11h00 - Grande sc\u00e8ne<\/label><\/div>\n\t\t<div class=\"frm_checkbox\" id=\"frm_checkbox_45-21\">\t\t\t<label  for=\"field_aggiv-21\">\n\t\t\t<input type=\"checkbox\" name=\"item_meta[45][]\" id=\"field_aggiv-21\" value=\"11h00 \u00e0 11h30 - Grande sc\u00e8ne\"  data-invmsg=\"Samedi 9 mai 2026 est non valide\"   \/> 11h00 \u00e0 11h30 - Grande sc\u00e8ne<\/label><\/div>\n\t\t<div class=\"frm_checkbox\" id=\"frm_checkbox_45-11\">\t\t\t<label  for=\"field_aggiv-11\">\n\t\t\t<input type=\"checkbox\" name=\"item_meta[45][]\" id=\"field_aggiv-11\" value=\"12h30 \u00e0 13h00 - Place de l&#039;Eglise\"  data-invmsg=\"Samedi 9 mai 2026 est non valide\"   \/> 12h30 \u00e0 13h00 - Place de l'Eglise<\/label><\/div>\n\t\t<div class=\"frm_checkbox\" id=\"frm_checkbox_45-3\">\t\t\t<label  for=\"field_aggiv-3\">\n\t\t\t<input type=\"checkbox\" name=\"item_meta[45][]\" id=\"field_aggiv-3\" value=\"12h00 \u00e0 12h30 - Grande sc\u00e8ne\"  data-invmsg=\"Samedi 9 mai 2026 est non valide\"   \/> 12h00 \u00e0 12h30 - Grande sc\u00e8ne<\/label><\/div>\n\t\t<div class=\"frm_checkbox\" id=\"frm_checkbox_45-2\">\t\t\t<label  for=\"field_aggiv-2\">\n\t\t\t<input type=\"checkbox\" name=\"item_meta[45][]\" id=\"field_aggiv-2\" value=\"12h30 \u00e0 13h00 - Grande sc\u00e8ne\"  data-invmsg=\"Samedi 9 mai 2026 est non valide\"   \/> 12h30 \u00e0 13h00 - Grande sc\u00e8ne<\/label><\/div>\n\t\t<div class=\"frm_checkbox\" id=\"frm_checkbox_45-9\">\t\t\t<label  for=\"field_aggiv-9\">\n\t\t\t<input type=\"checkbox\" name=\"item_meta[45][]\" id=\"field_aggiv-9\" value=\"13h00 \u00e0 13h30 - Place de l&#039;Eglise\"  data-invmsg=\"Samedi 9 mai 2026 est non valide\"   \/> 13h00 \u00e0 13h30 - Place de l'Eglise<\/label><\/div>\n\t\t<div class=\"frm_checkbox\" id=\"frm_checkbox_45-22\">\t\t\t<label  for=\"field_aggiv-22\">\n\t\t\t<input type=\"checkbox\" name=\"item_meta[45][]\" id=\"field_aggiv-22\" value=\"13h30 \u00e0 14h00 - Grande sc\u00e8ne\"  data-invmsg=\"Samedi 9 mai 2026 est non valide\"   \/> 13h30 \u00e0 14h00 - Grande sc\u00e8ne<\/label><\/div>\n\t\t<div class=\"frm_checkbox\" id=\"frm_checkbox_45-8\">\t\t\t<label  for=\"field_aggiv-8\">\n\t\t\t<input type=\"checkbox\" name=\"item_meta[45][]\" id=\"field_aggiv-8\" value=\"13h30 \u00e0 14h00 - Place de l&#039;Eglise\"  data-invmsg=\"Samedi 9 mai 2026 est non valide\"   \/> 13h30 \u00e0 14h00 - Place de l'Eglise<\/label><\/div>\n\t\t<div class=\"frm_checkbox\" id=\"frm_checkbox_45-14\">\t\t\t<label  for=\"field_aggiv-14\">\n\t\t\t<input type=\"checkbox\" name=\"item_meta[45][]\" id=\"field_aggiv-14\" value=\"14h30 \u00e0 15h00 - Place de l&#039;Eglise\"  data-invmsg=\"Samedi 9 mai 2026 est non valide\"   \/> 14h30 \u00e0 15h00 - Place de l'Eglise<\/label><\/div>\n\t\t<div class=\"frm_checkbox\" id=\"frm_checkbox_45-20\">\t\t\t<label  for=\"field_aggiv-20\">\n\t\t\t<input type=\"checkbox\" name=\"item_meta[45][]\" id=\"field_aggiv-20\" value=\"15h00 \u00e0 15h30 - Place de l&#039;Eglise\"  data-invmsg=\"Samedi 9 mai 2026 est non valide\"   \/> 15h00 \u00e0 15h30 - Place de l'Eglise<\/label><\/div>\n\t\t<div class=\"frm_checkbox\" id=\"frm_checkbox_45-19\">\t\t\t<label  for=\"field_aggiv-19\">\n\t\t\t<input type=\"checkbox\" name=\"item_meta[45][]\" id=\"field_aggiv-19\" value=\"15h30 \u00e0 16h00 - Place de l&#039;Eglise\"  data-invmsg=\"Samedi 9 mai 2026 est non valide\"   \/> 15h30 \u00e0 16h00 - Place de l'Eglise<\/label><\/div>\n<\/div>\r\n\t\r\n\t\r\n<\/div>\n<div id=\"frm_field_44_container\" class=\"frm_form_field form-field  frm_top_container frm4 vertical_radio\">\r\n\t<div  id=\"field_vs75j_label\" class=\"frm_primary_label\">Dimanche 10 mai 2026\r\n\t\t<span class=\"frm_required\" aria-hidden=\"true\"><\/span>\r\n\t<\/div>\r\n\t<div class=\"frm_opt_container\" aria-labelledby=\"field_vs75j_label\" role=\"group\">\t\t<div class=\"frm_checkbox\" id=\"frm_checkbox_44-1\">\t\t\t<label  for=\"field_vs75j-1\">\n\t\t\t<input type=\"checkbox\" name=\"item_meta[44][]\" id=\"field_vs75j-1\" value=\"10h00 \u00e0 10h30 - Place de l&#039;Eglise\"  data-invmsg=\"Dimanche 10 mai 2026 est non valide\"   \/> 10h00 \u00e0 10h30 - Place de l'Eglise<\/label><\/div>\n\t\t<div class=\"frm_checkbox\" id=\"frm_checkbox_44-8\">\t\t\t<label  for=\"field_vs75j-8\">\n\t\t\t<input type=\"checkbox\" name=\"item_meta[44][]\" id=\"field_vs75j-8\" value=\"10h30 \u00e0 11h00 - Place de l&#039;Eglise\"  data-invmsg=\"Dimanche 10 mai 2026 est non valide\"   \/> 10h30 \u00e0 11h00 - Place de l'Eglise<\/label><\/div>\n\t\t<div class=\"frm_checkbox\" id=\"frm_checkbox_44-7\">\t\t\t<label  for=\"field_vs75j-7\">\n\t\t\t<input type=\"checkbox\" name=\"item_meta[44][]\" id=\"field_vs75j-7\" value=\"12h30 \u00e0 13h00 - Place de l&#039;Eglise\"  data-invmsg=\"Dimanche 10 mai 2026 est non valide\"   \/> 12h30 \u00e0 13h00 - Place de l'Eglise<\/label><\/div>\n<\/div>\r\n\t\r\n\t\r\n<\/div>\n<div id=\"frm_field_26_container\" class=\"frm_form_field form-field  frm_required_field frm_top_container frm_full\">\r\n\t<label for=\"field_9jv0r14\" id=\"field_9jv0r14_label\" class=\"frm_primary_label\">Message\r\n\t\t<span class=\"frm_required\" aria-hidden=\"true\">*<\/span>\r\n\t<\/label>\r\n\t<textarea name=\"item_meta[26]\" id=\"field_9jv0r14\" rows=\"5\"  data-reqmsg=\"Message ne peut pas \u00eatre vide.\" aria-required=\"true\" data-invmsg=\"Message est non valide\" aria-invalid=\"false\"  ><\/textarea>\r\n\t\r\n\t\r\n<\/div>\n<div id=\"frm_field_27_container\" class=\"frm_form_field form-field \">\r\n\t<div class=\"frm_submit frm_flex\">\r\n<button class=\"frm_button_submit\" type=\"submit\"  >Envoyer<\/button>\r\n\r\n\r\n\r\n<\/div>\r\n<\/div>\n\t<input type=\"hidden\" name=\"item_key\" value=\"\" \/>\n\t\t\t<div id=\"frm_field_50_container\">\n\t\t\t<label for=\"field_h18kw\" >\n\t\t\t\tSi vous \u00eates un humain, ne remplissez pas ce champ.\t\t\t<\/label>\n\t\t\t<input  id=\"field_h18kw\" type=\"text\" class=\"frm_form_field form-field frm_verify\" name=\"item_meta[50]\" value=\"\"  \/>\n\t\t<\/div>\n\t\t<input name=\"frm_state\" type=\"hidden\" value=\"Y3uP6DNxAgmDvexY03PZRHxhGQyE9jWRu4kv2DrylKY=\" \/><\/div>\n<\/fieldset>\n<\/div>\n\n<p style=\"display: none !important;\" class=\"akismet-fields-container\" data-prefix=\"ak_\"><label>&#916;<textarea name=\"ak_hp_textarea\" cols=\"45\" rows=\"8\" maxlength=\"100\"><\/textarea><\/label><input type=\"hidden\" id=\"ak_js_1\" name=\"ak_js\" value=\"40\"\/><script>document.getElementById( \"ak_js_1\" ).setAttribute( \"value\", ( new Date() ).getTime() );<\/script><\/p><\/form>\n<\/div>\n<\/div>\t\t\t\t<\/div>\n\t\t\t\t<\/div>\n\t\t\t\t\t<\/div>\n\t\t<\/div>\n\t\t\t\t\t<\/div>\n\t\t<\/section>\n\t\t\t\t<\/div>\n\t\t","protected":false},"excerpt":{"rendered":"","protected":false},"author":1,"featured_media":0,"parent":0,"menu_order":0,"comment_status":"closed","ping_status":"closed","template":"","meta":{"footnotes":""},"class_list":["post-8476","page","type-page","status-publish","hentry"],"yoast_head":"<!-- This site is optimized with the Yoast SEO plugin v27.2 - https:\/\/yoast.com\/product\/yoast-seo-wordpress\/ -->\n<title>Inscriptions sc\u00e8nes ouvertes - 6\u00e8me Festivillage Ukul\u00e9l\u00e9 - mai 2026<\/title>\n<meta name=\"robots\" content=\"index, follow, max-snippet:-1, max-image-preview:large, max-video-preview:-1\" \/>\n<link rel=\"canonical\" href=\"https:\/\/festiukulele77.fr\/index.php\/inscriptions-scenes-ouvertes\/\" \/>\n<meta property=\"og:locale\" content=\"fr_FR\" \/>\n<meta property=\"og:type\" content=\"article\" \/>\n<meta property=\"og:title\" content=\"Inscriptions sc\u00e8nes ouvertes - 6\u00e8me Festivillage Ukul\u00e9l\u00e9 - mai 2026\" \/>\n<meta property=\"og:url\" content=\"https:\/\/festiukulele77.fr\/index.php\/inscriptions-scenes-ouvertes\/\" \/>\n<meta property=\"og:site_name\" content=\"6\u00e8me Festivillage Ukul\u00e9l\u00e9 - mai 2026\" \/>\n<meta property=\"article:modified_time\" content=\"2026-03-01T08:54:58+00:00\" \/>\n<meta name=\"twitter:card\" content=\"summary_large_image\" \/>\n<meta name=\"twitter:label1\" content=\"Dur\u00e9e de lecture estim\u00e9e\" \/>\n\t<meta name=\"twitter:data1\" content=\"1 minute\" \/>\n<script type=\"application\/ld+json\" class=\"yoast-schema-graph\">{\"@context\":\"https:\/\/schema.org\",\"@graph\":[{\"@type\":\"WebPage\",\"@id\":\"https:\/\/festiukulele77.fr\/index.php\/inscriptions-scenes-ouvertes\/\",\"url\":\"https:\/\/festiukulele77.fr\/index.php\/inscriptions-scenes-ouvertes\/\",\"name\":\"Inscriptions sc\u00e8nes ouvertes - 6\u00e8me Festivillage Ukul\u00e9l\u00e9 - mai 2026\",\"isPartOf\":{\"@id\":\"https:\/\/festiukulele77.fr\/#website\"},\"datePublished\":\"2026-02-26T16:24:40+00:00\",\"dateModified\":\"2026-03-01T08:54:58+00:00\",\"breadcrumb\":{\"@id\":\"https:\/\/festiukulele77.fr\/index.php\/inscriptions-scenes-ouvertes\/#breadcrumb\"},\"inLanguage\":\"fr-FR\",\"potentialAction\":[{\"@type\":\"ReadAction\",\"target\":[\"https:\/\/festiukulele77.fr\/index.php\/inscriptions-scenes-ouvertes\/\"]}]},{\"@type\":\"BreadcrumbList\",\"@id\":\"https:\/\/festiukulele77.fr\/index.php\/inscriptions-scenes-ouvertes\/#breadcrumb\",\"itemListElement\":[{\"@type\":\"ListItem\",\"position\":1,\"name\":\"Accueil\",\"item\":\"https:\/\/festiukulele77.fr\/\"},{\"@type\":\"ListItem\",\"position\":2,\"name\":\"Inscriptions sc\u00e8nes ouvertes\"}]},{\"@type\":\"WebSite\",\"@id\":\"https:\/\/festiukulele77.fr\/#website\",\"url\":\"https:\/\/festiukulele77.fr\/\",\"name\":\"6\u00e8me Festivillage Ukul\u00e9l\u00e9 - mai 2026\",\"description\":\"7 au 10 mai 2026 - Villeneuve le Comte (77), village du ukul\u00e9l\u00e9\",\"publisher\":{\"@id\":\"https:\/\/festiukulele77.fr\/#organization\"},\"potentialAction\":[{\"@type\":\"SearchAction\",\"target\":{\"@type\":\"EntryPoint\",\"urlTemplate\":\"https:\/\/festiukulele77.fr\/?s={search_term_string}\"},\"query-input\":{\"@type\":\"PropertyValueSpecification\",\"valueRequired\":true,\"valueName\":\"search_term_string\"}}],\"inLanguage\":\"fr-FR\"},{\"@type\":\"Organization\",\"@id\":\"https:\/\/festiukulele77.fr\/#organization\",\"name\":\"6\u00e8me Festivillage Ukul\u00e9l\u00e9 - mai 2026\",\"url\":\"https:\/\/festiukulele77.fr\/\",\"logo\":{\"@type\":\"ImageObject\",\"inLanguage\":\"fr-FR\",\"@id\":\"https:\/\/festiukulele77.fr\/#\/schema\/logo\/image\/\",\"url\":\"https:\/\/festiukulele77.fr\/wp-content\/uploads\/2025\/11\/cropped-Badge-Festival-avec-bulle-e1764321489617.png\",\"contentUrl\":\"https:\/\/festiukulele77.fr\/wp-content\/uploads\/2025\/11\/cropped-Badge-Festival-avec-bulle-e1764321489617.png\",\"width\":200,\"height\":200,\"caption\":\"6\u00e8me Festivillage Ukul\u00e9l\u00e9 - mai 2026\"},\"image\":{\"@id\":\"https:\/\/festiukulele77.fr\/#\/schema\/logo\/image\/\"}}]}<\/script>\n<!-- \/ Yoast SEO plugin. -->","yoast_head_json":{"title":"Inscriptions sc\u00e8nes ouvertes - 6\u00e8me Festivillage Ukul\u00e9l\u00e9 - mai 2026","robots":{"index":"index","follow":"follow","max-snippet":"max-snippet:-1","max-image-preview":"max-image-preview:large","max-video-preview":"max-video-preview:-1"},"canonical":"https:\/\/festiukulele77.fr\/index.php\/inscriptions-scenes-ouvertes\/","og_locale":"fr_FR","og_type":"article","og_title":"Inscriptions sc\u00e8nes ouvertes - 6\u00e8me Festivillage Ukul\u00e9l\u00e9 - mai 2026","og_url":"https:\/\/festiukulele77.fr\/index.php\/inscriptions-scenes-ouvertes\/","og_site_name":"6\u00e8me Festivillage Ukul\u00e9l\u00e9 - mai 2026","article_modified_time":"2026-03-01T08:54:58+00:00","twitter_card":"summary_large_image","twitter_misc":{"Dur\u00e9e de lecture estim\u00e9e":"1 minute"},"schema":{"@context":"https:\/\/schema.org","@graph":[{"@type":"WebPage","@id":"https:\/\/festiukulele77.fr\/index.php\/inscriptions-scenes-ouvertes\/","url":"https:\/\/festiukulele77.fr\/index.php\/inscriptions-scenes-ouvertes\/","name":"Inscriptions sc\u00e8nes ouvertes - 6\u00e8me Festivillage Ukul\u00e9l\u00e9 - mai 2026","isPartOf":{"@id":"https:\/\/festiukulele77.fr\/#website"},"datePublished":"2026-02-26T16:24:40+00:00","dateModified":"2026-03-01T08:54:58+00:00","breadcrumb":{"@id":"https:\/\/festiukulele77.fr\/index.php\/inscriptions-scenes-ouvertes\/#breadcrumb"},"inLanguage":"fr-FR","potentialAction":[{"@type":"ReadAction","target":["https:\/\/festiukulele77.fr\/index.php\/inscriptions-scenes-ouvertes\/"]}]},{"@type":"BreadcrumbList","@id":"https:\/\/festiukulele77.fr\/index.php\/inscriptions-scenes-ouvertes\/#breadcrumb","itemListElement":[{"@type":"ListItem","position":1,"name":"Accueil","item":"https:\/\/festiukulele77.fr\/"},{"@type":"ListItem","position":2,"name":"Inscriptions sc\u00e8nes ouvertes"}]},{"@type":"WebSite","@id":"https:\/\/festiukulele77.fr\/#website","url":"https:\/\/festiukulele77.fr\/","name":"6\u00e8me Festivillage Ukul\u00e9l\u00e9 - mai 2026","description":"7 au 10 mai 2026 - Villeneuve le Comte (77), village du ukul\u00e9l\u00e9","publisher":{"@id":"https:\/\/festiukulele77.fr\/#organization"},"potentialAction":[{"@type":"SearchAction","target":{"@type":"EntryPoint","urlTemplate":"https:\/\/festiukulele77.fr\/?s={search_term_string}"},"query-input":{"@type":"PropertyValueSpecification","valueRequired":true,"valueName":"search_term_string"}}],"inLanguage":"fr-FR"},{"@type":"Organization","@id":"https:\/\/festiukulele77.fr\/#organization","name":"6\u00e8me Festivillage Ukul\u00e9l\u00e9 - mai 2026","url":"https:\/\/festiukulele77.fr\/","logo":{"@type":"ImageObject","inLanguage":"fr-FR","@id":"https:\/\/festiukulele77.fr\/#\/schema\/logo\/image\/","url":"https:\/\/festiukulele77.fr\/wp-content\/uploads\/2025\/11\/cropped-Badge-Festival-avec-bulle-e1764321489617.png","contentUrl":"https:\/\/festiukulele77.fr\/wp-content\/uploads\/2025\/11\/cropped-Badge-Festival-avec-bulle-e1764321489617.png","width":200,"height":200,"caption":"6\u00e8me Festivillage Ukul\u00e9l\u00e9 - mai 2026"},"image":{"@id":"https:\/\/festiukulele77.fr\/#\/schema\/logo\/image\/"}}]}},"_links":{"self":[{"href":"https:\/\/festiukulele77.fr\/index.php\/wp-json\/wp\/v2\/pages\/8476","targetHints":{"allow":["GET"]}}],"collection":[{"href":"https:\/\/festiukulele77.fr\/index.php\/wp-json\/wp\/v2\/pages"}],"about":[{"href":"https:\/\/festiukulele77.fr\/index.php\/wp-json\/wp\/v2\/types\/page"}],"author":[{"embeddable":true,"href":"https:\/\/festiukulele77.fr\/index.php\/wp-json\/wp\/v2\/users\/1"}],"replies":[{"embeddable":true,"href":"https:\/\/festiukulele77.fr\/index.php\/wp-json\/wp\/v2\/comments?post=8476"}],"version-history":[{"count":60,"href":"https:\/\/festiukulele77.fr\/index.php\/wp-json\/wp\/v2\/pages\/8476\/revisions"}],"predecessor-version":[{"id":8619,"href":"https:\/\/festiukulele77.fr\/index.php\/wp-json\/wp\/v2\/pages\/8476\/revisions\/8619"}],"wp:attachment":[{"href":"https:\/\/festiukulele77.fr\/index.php\/wp-json\/wp\/v2\/media?parent=8476"}],"curies":[{"name":"wp","href":"https:\/\/api.w.org\/{rel}","templated":true}]}}