{"id":799,"date":"2022-02-01T07:17:58","date_gmt":"2022-02-01T06:17:58","guid":{"rendered":"http:\/\/festiukulele77.fr\/?page_id=799"},"modified":"2026-03-01T11:28:45","modified_gmt":"2026-03-01T10:28:45","slug":"work-le-temps","status":"publish","type":"page","link":"https:\/\/festiukulele77.fr\/index.php\/work-le-temps\/","title":{"rendered":"Work Eric Milliard"},"content":{"rendered":"\t\t<div data-elementor-type=\"wp-page\" data-elementor-id=\"799\" class=\"elementor elementor-799\">\n\t\t\t\t\t\t<section class=\"elementor-section elementor-top-section elementor-element elementor-element-8f4f2ed animated-slow elementor-section-boxed elementor-section-height-default elementor-section-height-default elementor-invisible\" data-id=\"8f4f2ed\" data-element_type=\"section\" data-e-type=\"section\" data-settings=\"{&quot;animation&quot;:&quot;zoomIn&quot;}\">\n\t\t\t\t\t\t<div class=\"elementor-container elementor-column-gap-default\">\n\t\t\t\t\t<div class=\"elementor-column elementor-col-100 elementor-top-column elementor-element elementor-element-edccb24\" data-id=\"edccb24\" data-element_type=\"column\" data-e-type=\"column\">\n\t\t\t<div class=\"elementor-widget-wrap elementor-element-populated\">\n\t\t\t\t\t\t<div class=\"elementor-element elementor-element-1430403 animated-slow elementor-invisible elementor-widget elementor-widget-heading\" data-id=\"1430403\" data-element_type=\"widget\" data-e-type=\"widget\" data-settings=\"{&quot;_animation&quot;:&quot;zoomIn&quot;}\" data-widget_type=\"heading.default\">\n\t\t\t\t<div class=\"elementor-widget-container\">\n\t\t\t\t\t<h2 class=\"elementor-heading-title elementor-size-default\">Workshop le samedi 9 mai \u00e0 la maison Zulma de 10h00 \u00e0 12h00 pour les d\u00e9butants <br>de 14h00 \u00e0 16h00 pour les interm\u00e9diaires. <\/h2>\t\t\t\t<\/div>\n\t\t\t\t<\/div>\n\t\t\t\t\t<\/div>\n\t\t<\/div>\n\t\t\t\t\t<\/div>\n\t\t<\/section>\n\t\t\t\t<section class=\"elementor-section elementor-top-section elementor-element elementor-element-c2396fc elementor-section-boxed elementor-section-height-default elementor-section-height-default\" data-id=\"c2396fc\" data-element_type=\"section\" data-e-type=\"section\">\n\t\t\t\t\t\t<div class=\"elementor-container elementor-column-gap-default\">\n\t\t\t\t\t<div class=\"elementor-column elementor-col-50 elementor-top-column elementor-element elementor-element-910a168\" data-id=\"910a168\" data-element_type=\"column\" data-e-type=\"column\">\n\t\t\t<div class=\"elementor-widget-wrap elementor-element-populated\">\n\t\t\t\t\t\t<div class=\"elementor-element elementor-element-1e770ce elementor-widget__width-initial elementor-widget elementor-widget-image\" data-id=\"1e770ce\" data-element_type=\"widget\" data-e-type=\"widget\" data-widget_type=\"image.default\">\n\t\t\t\t<div class=\"elementor-widget-container\">\n\t\t\t\t\t\t\t\t\t\t\t\t\t\t\t<img fetchpriority=\"high\" decoding=\"async\" width=\"300\" height=\"300\" src=\"https:\/\/festiukulele77.fr\/wp-content\/uploads\/2023\/10\/Kala-2-300x300.jpg\" class=\"attachment-medium size-medium wp-image-3264\" alt=\"\" srcset=\"https:\/\/festiukulele77.fr\/wp-content\/uploads\/2023\/10\/Kala-2-300x300.jpg 300w, https:\/\/festiukulele77.fr\/wp-content\/uploads\/2023\/10\/Kala-2-150x150.jpg 150w, https:\/\/festiukulele77.fr\/wp-content\/uploads\/2023\/10\/Kala-2-768x768.jpg 768w, https:\/\/festiukulele77.fr\/wp-content\/uploads\/2023\/10\/Kala-2.jpg 960w\" sizes=\"(max-width: 300px) 100vw, 300px\" \/>\t\t\t\t\t\t\t\t\t\t\t\t\t\t\t<\/div>\n\t\t\t\t<\/div>\n\t\t\t\t<div class=\"elementor-element elementor-element-cbeb1eb elementor-widget__width-initial elementor-widget elementor-widget-text-editor\" data-id=\"cbeb1eb\" data-element_type=\"widget\" data-e-type=\"widget\" data-widget_type=\"text-editor.default\">\n\t\t\t\t<div class=\"elementor-widget-container\">\n\t\t\t\t\t\t\t\t\t<p style=\"text-align: center;\">\u00c9ric MILLIARD au ukul\u00e9l\u00e9<br \/>sera accompagn\u00e9 de Nathalie CHANRION chanteuse<\/p>\t\t\t\t\t\t\t\t<\/div>\n\t\t\t\t<\/div>\n\t\t\t\t<div class=\"elementor-element elementor-element-32f6034 elementor-widget elementor-widget-text-editor\" data-id=\"32f6034\" data-element_type=\"widget\" data-e-type=\"widget\" data-widget_type=\"text-editor.default\">\n\t\t\t\t<div class=\"elementor-widget-container\">\n\t\t\t\t\t\t\t\t\t<p style=\"text-align: center;\"><strong><span style=\"color: #a10000;\">Restitution du workshop le samedi 8 mai \u00e0 18h00 sur la grande sc\u00e8ne place de la Fontaine<\/span><\/strong><\/p>\t\t\t\t\t\t\t\t<\/div>\n\t\t\t\t<\/div>\n\t\t\t\t\t<\/div>\n\t\t<\/div>\n\t\t\t\t<div class=\"elementor-column elementor-col-50 elementor-top-column elementor-element elementor-element-14f5711\" data-id=\"14f5711\" data-element_type=\"column\" data-e-type=\"column\">\n\t\t\t<div class=\"elementor-widget-wrap elementor-element-populated\">\n\t\t\t\t\t\t<div class=\"elementor-element elementor-element-c5e6059 elementor-widget elementor-widget-image\" data-id=\"c5e6059\" data-element_type=\"widget\" data-e-type=\"widget\" data-widget_type=\"image.default\">\n\t\t\t\t<div class=\"elementor-widget-container\">\n\t\t\t\t\t\t\t\t\t\t\t\t\t\t\t<img decoding=\"async\" width=\"150\" height=\"98\" src=\"https:\/\/festiukulele77.fr\/wp-content\/uploads\/2025\/11\/Reservation-e1763801776724.png\" class=\"attachment-large size-large wp-image-6383\" alt=\"\" \/>\t\t\t\t\t\t\t\t\t\t\t\t\t\t\t<\/div>\n\t\t\t\t<\/div>\n\t\t\t\t<div class=\"elementor-element elementor-element-5040311 elementor-widget elementor-widget-text-editor\" data-id=\"5040311\" data-element_type=\"widget\" data-e-type=\"widget\" data-widget_type=\"text-editor.default\">\n\t\t\t\t<div class=\"elementor-widget-container\">\n\t\t\t\t\t\t\t\t\t<p>Eric MILLIARD est un compositeur, auteur-compositeur et professeur de ukul\u00e9l\u00e9 bas\u00e9 \u00e0 Paris. Il pense que le ukul\u00e9l\u00e9 est non seulement l\u2019un des instruments les plus accessibles qui soit, mais aussi le plus amusant !<\/p><p>Nathalie CHANRION, professeure de chant (Piaffou) l&rsquo;accompagnera pour ce workshop.<\/p><ul><li style=\"list-style-type: none;\"><ul><li style=\"list-style-type: none;\"><ul><li>chant ukul\u00e9l\u00e9 d\u00e9butant &#8211; 2h &#8211;\u00a0<\/li><li>chant ukul\u00e9l\u00e9 interm\u00e9diaire &#8211; 2h<\/li><\/ul><\/li><\/ul><\/li><\/ul>\t\t\t\t\t\t\t\t<\/div>\n\t\t\t\t<\/div>\n\t\t\t\t<div class=\"elementor-element elementor-element-44f5815 elementor-align-center elementor-widget elementor-widget-button\" data-id=\"44f5815\" data-element_type=\"widget\" data-e-type=\"widget\" data-widget_type=\"button.default\">\n\t\t\t\t<div class=\"elementor-widget-container\">\n\t\t\t\t\t\t\t\t\t<div class=\"elementor-button-wrapper\">\n\t\t\t\t\t<a class=\"elementor-button elementor-button-link elementor-size-sm\" href=\"https:\/\/festiukulele77.fr\/index.php\/billetterie\/\">\n\t\t\t\t\t\t<span class=\"elementor-button-content-wrapper\">\n\t\t\t\t\t\t<span class=\"elementor-button-icon\">\n\t\t\t\t<i aria-hidden=\"true\" class=\"far fa-credit-card\"><\/i>\t\t\t<\/span>\n\t\t\t\t\t\t\t\t\t<span class=\"elementor-button-text\">R\u00e9servez<\/span>\n\t\t\t\t\t<\/span>\n\t\t\t\t\t<\/a>\n\t\t\t\t<\/div>\n\t\t\t\t\t\t\t\t<\/div>\n\t\t\t\t<\/div>\n\t\t\t\t\t<\/div>\n\t\t<\/div>\n\t\t\t\t\t<\/div>\n\t\t<\/section>\n\t\t\t\t<\/div>\n\t\t","protected":false},"excerpt":{"rendered":"<p>Workshop le samedi 9 mai \u00e0 la maison Zulma de 10h00 \u00e0 12h00 pour les d\u00e9butants de 14h00 \u00e0 16h00 pour les interm\u00e9diaires. \u00c9ric MILLIARD au ukul\u00e9l\u00e9sera accompagn\u00e9 de Nathalie CHANRION chanteuse Restitution du workshop le samedi 8 mai \u00e0 18h00 sur la grande sc\u00e8ne place de la Fontaine Eric&hellip;<\/p>\n","protected":false},"author":1,"featured_media":0,"parent":0,"menu_order":0,"comment_status":"closed","ping_status":"closed","template":"","meta":{"footnotes":""},"class_list":["post-799","page","type-page","status-publish","hentry"],"yoast_head":"<!-- This site is optimized with the Yoast SEO plugin v27.2 - https:\/\/yoast.com\/product\/yoast-seo-wordpress\/ -->\n<title>Work Eric Milliard - 6\u00e8me Festivillage Ukul\u00e9l\u00e9 - mai 2026<\/title>\n<meta name=\"robots\" content=\"index, follow, max-snippet:-1, max-image-preview:large, max-video-preview:-1\" \/>\n<link rel=\"canonical\" href=\"https:\/\/festiukulele77.fr\/index.php\/work-le-temps\/\" \/>\n<meta property=\"og:locale\" content=\"fr_FR\" \/>\n<meta property=\"og:type\" content=\"article\" \/>\n<meta property=\"og:title\" content=\"Work Eric Milliard - 6\u00e8me Festivillage Ukul\u00e9l\u00e9 - mai 2026\" \/>\n<meta property=\"og:description\" content=\"Workshop le samedi 9 mai \u00e0 la maison Zulma de 10h00 \u00e0 12h00 pour les d\u00e9butants de 14h00 \u00e0 16h00 pour les interm\u00e9diaires. \u00c9ric MILLIARD au ukul\u00e9l\u00e9sera accompagn\u00e9 de Nathalie CHANRION chanteuse Restitution du workshop le samedi 8 mai \u00e0 18h00 sur la grande sc\u00e8ne place de la Fontaine Eric&hellip;\" \/>\n<meta property=\"og:url\" content=\"https:\/\/festiukulele77.fr\/index.php\/work-le-temps\/\" \/>\n<meta property=\"og:site_name\" content=\"6\u00e8me Festivillage Ukul\u00e9l\u00e9 - mai 2026\" \/>\n<meta property=\"article:modified_time\" content=\"2026-03-01T10:28:45+00:00\" \/>\n<meta property=\"og:image\" content=\"http:\/\/festiukulele77.fr\/wp-content\/uploads\/2023\/10\/Kala-2-300x300.jpg\" \/>\n<meta name=\"twitter:card\" content=\"summary_large_image\" \/>\n<meta name=\"twitter:label1\" content=\"Dur\u00e9e de lecture estim\u00e9e\" \/>\n\t<meta name=\"twitter:data1\" content=\"1 minute\" \/>\n<script type=\"application\/ld+json\" class=\"yoast-schema-graph\">{\"@context\":\"https:\/\/schema.org\",\"@graph\":[{\"@type\":\"WebPage\",\"@id\":\"https:\/\/festiukulele77.fr\/index.php\/work-le-temps\/\",\"url\":\"https:\/\/festiukulele77.fr\/index.php\/work-le-temps\/\",\"name\":\"Work Eric Milliard - 6\u00e8me Festivillage Ukul\u00e9l\u00e9 - mai 2026\",\"isPartOf\":{\"@id\":\"https:\/\/festiukulele77.fr\/#website\"},\"primaryImageOfPage\":{\"@id\":\"https:\/\/festiukulele77.fr\/index.php\/work-le-temps\/#primaryimage\"},\"image\":{\"@id\":\"https:\/\/festiukulele77.fr\/index.php\/work-le-temps\/#primaryimage\"},\"thumbnailUrl\":\"http:\/\/festiukulele77.fr\/wp-content\/uploads\/2023\/10\/Kala-2-300x300.jpg\",\"datePublished\":\"2022-02-01T06:17:58+00:00\",\"dateModified\":\"2026-03-01T10:28:45+00:00\",\"breadcrumb\":{\"@id\":\"https:\/\/festiukulele77.fr\/index.php\/work-le-temps\/#breadcrumb\"},\"inLanguage\":\"fr-FR\",\"potentialAction\":[{\"@type\":\"ReadAction\",\"target\":[\"https:\/\/festiukulele77.fr\/index.php\/work-le-temps\/\"]}]},{\"@type\":\"ImageObject\",\"inLanguage\":\"fr-FR\",\"@id\":\"https:\/\/festiukulele77.fr\/index.php\/work-le-temps\/#primaryimage\",\"url\":\"https:\/\/festiukulele77.fr\/wp-content\/uploads\/2023\/10\/Kala-2.jpg\",\"contentUrl\":\"https:\/\/festiukulele77.fr\/wp-content\/uploads\/2023\/10\/Kala-2.jpg\",\"width\":960,\"height\":960},{\"@type\":\"BreadcrumbList\",\"@id\":\"https:\/\/festiukulele77.fr\/index.php\/work-le-temps\/#breadcrumb\",\"itemListElement\":[{\"@type\":\"ListItem\",\"position\":1,\"name\":\"Accueil\",\"item\":\"https:\/\/festiukulele77.fr\/\"},{\"@type\":\"ListItem\",\"position\":2,\"name\":\"Work Eric Milliard\"}]},{\"@type\":\"WebSite\",\"@id\":\"https:\/\/festiukulele77.fr\/#website\",\"url\":\"https:\/\/festiukulele77.fr\/\",\"name\":\"6\u00e8me Festivillage Ukul\u00e9l\u00e9 - mai 2026\",\"description\":\"7 au 10 mai 2026 - Villeneuve le Comte (77), village du ukul\u00e9l\u00e9\",\"publisher\":{\"@id\":\"https:\/\/festiukulele77.fr\/#organization\"},\"potentialAction\":[{\"@type\":\"SearchAction\",\"target\":{\"@type\":\"EntryPoint\",\"urlTemplate\":\"https:\/\/festiukulele77.fr\/?s={search_term_string}\"},\"query-input\":{\"@type\":\"PropertyValueSpecification\",\"valueRequired\":true,\"valueName\":\"search_term_string\"}}],\"inLanguage\":\"fr-FR\"},{\"@type\":\"Organization\",\"@id\":\"https:\/\/festiukulele77.fr\/#organization\",\"name\":\"6\u00e8me Festivillage Ukul\u00e9l\u00e9 - mai 2026\",\"url\":\"https:\/\/festiukulele77.fr\/\",\"logo\":{\"@type\":\"ImageObject\",\"inLanguage\":\"fr-FR\",\"@id\":\"https:\/\/festiukulele77.fr\/#\/schema\/logo\/image\/\",\"url\":\"https:\/\/festiukulele77.fr\/wp-content\/uploads\/2025\/11\/cropped-Badge-Festival-avec-bulle-e1764321489617.png\",\"contentUrl\":\"https:\/\/festiukulele77.fr\/wp-content\/uploads\/2025\/11\/cropped-Badge-Festival-avec-bulle-e1764321489617.png\",\"width\":200,\"height\":200,\"caption\":\"6\u00e8me Festivillage Ukul\u00e9l\u00e9 - mai 2026\"},\"image\":{\"@id\":\"https:\/\/festiukulele77.fr\/#\/schema\/logo\/image\/\"}}]}<\/script>\n<!-- \/ Yoast SEO plugin. -->","yoast_head_json":{"title":"Work Eric Milliard - 6\u00e8me Festivillage Ukul\u00e9l\u00e9 - mai 2026","robots":{"index":"index","follow":"follow","max-snippet":"max-snippet:-1","max-image-preview":"max-image-preview:large","max-video-preview":"max-video-preview:-1"},"canonical":"https:\/\/festiukulele77.fr\/index.php\/work-le-temps\/","og_locale":"fr_FR","og_type":"article","og_title":"Work Eric Milliard - 6\u00e8me Festivillage Ukul\u00e9l\u00e9 - mai 2026","og_description":"Workshop le samedi 9 mai \u00e0 la maison Zulma de 10h00 \u00e0 12h00 pour les d\u00e9butants de 14h00 \u00e0 16h00 pour les interm\u00e9diaires. \u00c9ric MILLIARD au ukul\u00e9l\u00e9sera accompagn\u00e9 de Nathalie CHANRION chanteuse Restitution du workshop le samedi 8 mai \u00e0 18h00 sur la grande sc\u00e8ne place de la Fontaine Eric&hellip;","og_url":"https:\/\/festiukulele77.fr\/index.php\/work-le-temps\/","og_site_name":"6\u00e8me Festivillage Ukul\u00e9l\u00e9 - mai 2026","article_modified_time":"2026-03-01T10:28:45+00:00","og_image":[{"url":"http:\/\/festiukulele77.fr\/wp-content\/uploads\/2023\/10\/Kala-2-300x300.jpg","type":"","width":"","height":""}],"twitter_card":"summary_large_image","twitter_misc":{"Dur\u00e9e de lecture estim\u00e9e":"1 minute"},"schema":{"@context":"https:\/\/schema.org","@graph":[{"@type":"WebPage","@id":"https:\/\/festiukulele77.fr\/index.php\/work-le-temps\/","url":"https:\/\/festiukulele77.fr\/index.php\/work-le-temps\/","name":"Work Eric Milliard - 6\u00e8me Festivillage Ukul\u00e9l\u00e9 - mai 2026","isPartOf":{"@id":"https:\/\/festiukulele77.fr\/#website"},"primaryImageOfPage":{"@id":"https:\/\/festiukulele77.fr\/index.php\/work-le-temps\/#primaryimage"},"image":{"@id":"https:\/\/festiukulele77.fr\/index.php\/work-le-temps\/#primaryimage"},"thumbnailUrl":"http:\/\/festiukulele77.fr\/wp-content\/uploads\/2023\/10\/Kala-2-300x300.jpg","datePublished":"2022-02-01T06:17:58+00:00","dateModified":"2026-03-01T10:28:45+00:00","breadcrumb":{"@id":"https:\/\/festiukulele77.fr\/index.php\/work-le-temps\/#breadcrumb"},"inLanguage":"fr-FR","potentialAction":[{"@type":"ReadAction","target":["https:\/\/festiukulele77.fr\/index.php\/work-le-temps\/"]}]},{"@type":"ImageObject","inLanguage":"fr-FR","@id":"https:\/\/festiukulele77.fr\/index.php\/work-le-temps\/#primaryimage","url":"https:\/\/festiukulele77.fr\/wp-content\/uploads\/2023\/10\/Kala-2.jpg","contentUrl":"https:\/\/festiukulele77.fr\/wp-content\/uploads\/2023\/10\/Kala-2.jpg","width":960,"height":960},{"@type":"BreadcrumbList","@id":"https:\/\/festiukulele77.fr\/index.php\/work-le-temps\/#breadcrumb","itemListElement":[{"@type":"ListItem","position":1,"name":"Accueil","item":"https:\/\/festiukulele77.fr\/"},{"@type":"ListItem","position":2,"name":"Work Eric Milliard"}]},{"@type":"WebSite","@id":"https:\/\/festiukulele77.fr\/#website","url":"https:\/\/festiukulele77.fr\/","name":"6\u00e8me Festivillage Ukul\u00e9l\u00e9 - mai 2026","description":"7 au 10 mai 2026 - Villeneuve le Comte (77), village du ukul\u00e9l\u00e9","publisher":{"@id":"https:\/\/festiukulele77.fr\/#organization"},"potentialAction":[{"@type":"SearchAction","target":{"@type":"EntryPoint","urlTemplate":"https:\/\/festiukulele77.fr\/?s={search_term_string}"},"query-input":{"@type":"PropertyValueSpecification","valueRequired":true,"valueName":"search_term_string"}}],"inLanguage":"fr-FR"},{"@type":"Organization","@id":"https:\/\/festiukulele77.fr\/#organization","name":"6\u00e8me Festivillage Ukul\u00e9l\u00e9 - mai 2026","url":"https:\/\/festiukulele77.fr\/","logo":{"@type":"ImageObject","inLanguage":"fr-FR","@id":"https:\/\/festiukulele77.fr\/#\/schema\/logo\/image\/","url":"https:\/\/festiukulele77.fr\/wp-content\/uploads\/2025\/11\/cropped-Badge-Festival-avec-bulle-e1764321489617.png","contentUrl":"https:\/\/festiukulele77.fr\/wp-content\/uploads\/2025\/11\/cropped-Badge-Festival-avec-bulle-e1764321489617.png","width":200,"height":200,"caption":"6\u00e8me Festivillage Ukul\u00e9l\u00e9 - mai 2026"},"image":{"@id":"https:\/\/festiukulele77.fr\/#\/schema\/logo\/image\/"}}]}},"_links":{"self":[{"href":"https:\/\/festiukulele77.fr\/index.php\/wp-json\/wp\/v2\/pages\/799","targetHints":{"allow":["GET"]}}],"collection":[{"href":"https:\/\/festiukulele77.fr\/index.php\/wp-json\/wp\/v2\/pages"}],"about":[{"href":"https:\/\/festiukulele77.fr\/index.php\/wp-json\/wp\/v2\/types\/page"}],"author":[{"embeddable":true,"href":"https:\/\/festiukulele77.fr\/index.php\/wp-json\/wp\/v2\/users\/1"}],"replies":[{"embeddable":true,"href":"https:\/\/festiukulele77.fr\/index.php\/wp-json\/wp\/v2\/comments?post=799"}],"version-history":[{"count":125,"href":"https:\/\/festiukulele77.fr\/index.php\/wp-json\/wp\/v2\/pages\/799\/revisions"}],"predecessor-version":[{"id":8698,"href":"https:\/\/festiukulele77.fr\/index.php\/wp-json\/wp\/v2\/pages\/799\/revisions\/8698"}],"wp:attachment":[{"href":"https:\/\/festiukulele77.fr\/index.php\/wp-json\/wp\/v2\/media?parent=799"}],"curies":[{"name":"wp","href":"https:\/\/api.w.org\/{rel}","templated":true}]}}