{"id":7033,"date":"2025-11-21T15:25:50","date_gmt":"2025-11-21T14:25:50","guid":{"rendered":"https:\/\/festiukulele77.fr\/?page_id=7033"},"modified":"2026-04-13T09:20:15","modified_gmt":"2026-04-13T07:20:15","slug":"work-prinzy","status":"publish","type":"page","link":"https:\/\/festiukulele77.fr\/index.php\/work-prinzy\/","title":{"rendered":"Work Prinzy"},"content":{"rendered":"\t\t<div data-elementor-type=\"wp-page\" data-elementor-id=\"7033\" class=\"elementor elementor-7033\">\n\t\t\t\t\t\t<section class=\"elementor-section elementor-top-section elementor-element elementor-element-c15c8d6 elementor-section-boxed elementor-section-height-default elementor-section-height-default\" data-id=\"c15c8d6\" data-element_type=\"section\" data-e-type=\"section\">\n\t\t\t\t\t\t<div class=\"elementor-container elementor-column-gap-default\">\n\t\t\t\t\t<div class=\"elementor-column elementor-col-100 elementor-top-column elementor-element elementor-element-f1ee3e2\" data-id=\"f1ee3e2\" data-element_type=\"column\" data-e-type=\"column\">\n\t\t\t<div class=\"elementor-widget-wrap elementor-element-populated\">\n\t\t\t\t\t\t<div class=\"elementor-element elementor-element-f0c6567 animated-slow elementor-invisible elementor-widget elementor-widget-heading\" data-id=\"f0c6567\" data-element_type=\"widget\" data-e-type=\"widget\" data-settings=\"{&quot;_animation&quot;:&quot;zoomIn&quot;}\" data-widget_type=\"heading.default\">\n\t\t\t\t<div class=\"elementor-widget-container\">\n\t\t\t\t\t<h2 class=\"elementor-heading-title elementor-size-default\">Workshops le jeudi 7 mai de 14h30 \u00e0 16h00 au club du Bel Age et le vendredi 8 mai 2026 de 14h00 \u00e0 16h00 - Auberge de l'Ours.<\/h2>\t\t\t\t<\/div>\n\t\t\t\t<\/div>\n\t\t\t\t\t<\/div>\n\t\t<\/div>\n\t\t\t\t\t<\/div>\n\t\t<\/section>\n\t\t\t\t<section class=\"elementor-section elementor-top-section elementor-element elementor-element-7b1b2dc elementor-section-boxed elementor-section-height-default elementor-section-height-default\" data-id=\"7b1b2dc\" data-element_type=\"section\" data-e-type=\"section\">\n\t\t\t\t\t\t<div class=\"elementor-container elementor-column-gap-default\">\n\t\t\t\t\t<div class=\"elementor-column elementor-col-33 elementor-top-column elementor-element elementor-element-61500e7\" data-id=\"61500e7\" data-element_type=\"column\" data-e-type=\"column\">\n\t\t\t<div class=\"elementor-widget-wrap elementor-element-populated\">\n\t\t\t\t\t\t<div class=\"elementor-element elementor-element-8657c6b elementor-widget elementor-widget-text-editor\" data-id=\"8657c6b\" data-element_type=\"widget\" data-e-type=\"widget\" data-widget_type=\"text-editor.default\">\n\t\t\t\t<div class=\"elementor-widget-container\">\n\t\t\t\t\t\t\t\t\t<p><strong>jeudi :<\/strong> r\u00e9serv\u00e9 au club du Bel Age &#8211; initiation de nos seniors au ukul\u00e9l\u00e9<\/p>\n<p><strong>vendredi :<\/strong> ouvert \u00e0 tous &#8211; niveau interm\u00e9diaire &#8211;&nbsp; initiation au reggae <strong><span style=\"color: #ff0000;\">sur r\u00e9servation<\/span><\/strong><\/p>\t\t\t\t\t\t\t\t<\/div>\n\t\t\t\t<\/div>\n\t\t\t\t<div class=\"elementor-element elementor-element-c3a3590 elementor-align-center elementor-widget elementor-widget-button\" data-id=\"c3a3590\" data-element_type=\"widget\" data-e-type=\"widget\" data-widget_type=\"button.default\">\n\t\t\t\t<div class=\"elementor-widget-container\">\n\t\t\t\t\t\t\t\t\t<div class=\"elementor-button-wrapper\">\n\t\t\t\t\t<a class=\"elementor-button elementor-button-link elementor-size-sm\" href=\"https:\/\/festiukulele77.fr\/index.php\/billetterie\/\">\n\t\t\t\t\t\t<span class=\"elementor-button-content-wrapper\">\n\t\t\t\t\t\t<span class=\"elementor-button-icon\">\n\t\t\t\t<i aria-hidden=\"true\" class=\"far fa-credit-card\"><\/i>\t\t\t<\/span>\n\t\t\t\t\t\t\t\t\t<span class=\"elementor-button-text\">R\u00e9servez<\/span>\n\t\t\t\t\t<\/span>\n\t\t\t\t\t<\/a>\n\t\t\t\t<\/div>\n\t\t\t\t\t\t\t\t<\/div>\n\t\t\t\t<\/div>\n\t\t\t\t\t<\/div>\n\t\t<\/div>\n\t\t\t\t<div class=\"elementor-column elementor-col-33 elementor-top-column elementor-element elementor-element-da5b311\" data-id=\"da5b311\" data-element_type=\"column\" data-e-type=\"column\">\n\t\t\t<div class=\"elementor-widget-wrap elementor-element-populated\">\n\t\t\t\t\t\t<div class=\"elementor-element elementor-element-b01d094 elementor-widget elementor-widget-text-editor\" data-id=\"b01d094\" data-element_type=\"widget\" data-e-type=\"widget\" data-widget_type=\"text-editor.default\">\n\t\t\t\t<div class=\"elementor-widget-container\">\n\t\t\t\t\t\t\t\t\t<p><strong>Alain\u00a0PRINZIVALLI<\/strong>, professeur de ukul\u00e9l\u00e9 &#8211; guitare et basse \u00e0 l&rsquo;\u00e9cole de musique de Villeneuve le Comte<\/p>\t\t\t\t\t\t\t\t<\/div>\n\t\t\t\t<\/div>\n\t\t\t\t<div class=\"elementor-element elementor-element-40a19ef elementor-widget elementor-widget-image\" data-id=\"40a19ef\" data-element_type=\"widget\" data-e-type=\"widget\" data-widget_type=\"image.default\">\n\t\t\t\t<div class=\"elementor-widget-container\">\n\t\t\t\t\t\t\t\t\t\t\t\t\t\t\t\t<a href=\"http:\/\/festiukulele77.fr\/wp-content\/uploads\/2025\/12\/Prinzy.jpg\" data-elementor-open-lightbox=\"yes\" data-elementor-lightbox-title=\"rpt\" data-e-action-hash=\"#elementor-action%3Aaction%3Dlightbox%26settings%3DeyJpZCI6NzkzNSwidXJsIjoiaHR0cHM6XC9cL2Zlc3RpdWt1bGVsZTc3LmZyXC93cC1jb250ZW50XC91cGxvYWRzXC8yMDI1XC8xMlwvUHJpbnp5LmpwZyJ9\">\n\t\t\t\t\t\t\t<img decoding=\"async\" src=\"https:\/\/festiukulele77.fr\/wp-content\/uploads\/2025\/12\/Prinzy.jpg\" title=\"rpt\" alt=\"rpt\" loading=\"lazy\" \/>\t\t\t\t\t\t\t\t<\/a>\n\t\t\t\t\t\t\t\t\t\t\t\t\t\t\t<\/div>\n\t\t\t\t<\/div>\n\t\t\t\t\t<\/div>\n\t\t<\/div>\n\t\t\t\t<div class=\"elementor-column elementor-col-33 elementor-top-column elementor-element elementor-element-dcbaba2\" data-id=\"dcbaba2\" data-element_type=\"column\" data-e-type=\"column\">\n\t\t\t<div class=\"elementor-widget-wrap elementor-element-populated\">\n\t\t\t\t\t\t<div class=\"elementor-element elementor-element-2d87c7b elementor-widget elementor-widget-image\" data-id=\"2d87c7b\" data-element_type=\"widget\" data-e-type=\"widget\" data-widget_type=\"image.default\">\n\t\t\t\t<div class=\"elementor-widget-container\">\n\t\t\t\t\t\t\t\t\t\t\t\t\t\t\t<img fetchpriority=\"high\" decoding=\"async\" width=\"900\" height=\"675\" src=\"https:\/\/festiukulele77.fr\/wp-content\/uploads\/2025\/11\/Stage-Uku-6.jpg\" class=\"attachment-large size-large wp-image-7050\" alt=\"\" srcset=\"https:\/\/festiukulele77.fr\/wp-content\/uploads\/2025\/11\/Stage-Uku-6.jpg 900w, https:\/\/festiukulele77.fr\/wp-content\/uploads\/2025\/11\/Stage-Uku-6-300x225.jpg 300w, https:\/\/festiukulele77.fr\/wp-content\/uploads\/2025\/11\/Stage-Uku-6-768x576.jpg 768w, https:\/\/festiukulele77.fr\/wp-content\/uploads\/2025\/11\/Stage-Uku-6-450x338.jpg 450w\" sizes=\"(max-width: 900px) 100vw, 900px\" \/>\t\t\t\t\t\t\t\t\t\t\t\t\t\t\t<\/div>\n\t\t\t\t<\/div>\n\t\t\t\t\t<\/div>\n\t\t<\/div>\n\t\t\t\t\t<\/div>\n\t\t<\/section>\n\t\t\t\t<section class=\"elementor-section elementor-top-section elementor-element elementor-element-ae2655b elementor-section-boxed elementor-section-height-default elementor-section-height-default\" data-id=\"ae2655b\" data-element_type=\"section\" data-e-type=\"section\">\n\t\t\t\t\t\t<div class=\"elementor-container elementor-column-gap-default\">\n\t\t\t\t\t<div class=\"elementor-column elementor-col-100 elementor-top-column elementor-element elementor-element-c771700\" data-id=\"c771700\" data-element_type=\"column\" data-e-type=\"column\">\n\t\t\t<div class=\"elementor-widget-wrap elementor-element-populated\">\n\t\t\t\t\t\t<div class=\"elementor-element elementor-element-a1fd5fd elementor-widget-divider--view-line elementor-widget elementor-widget-divider\" data-id=\"a1fd5fd\" data-element_type=\"widget\" data-e-type=\"widget\" data-widget_type=\"divider.default\">\n\t\t\t\t<div class=\"elementor-widget-container\">\n\t\t\t\t\t\t\t<div class=\"elementor-divider\">\n\t\t\t<span class=\"elementor-divider-separator\">\n\t\t\t\t\t\t<\/span>\n\t\t<\/div>\n\t\t\t\t\t\t<\/div>\n\t\t\t\t<\/div>\n\t\t\t\t\t<\/div>\n\t\t<\/div>\n\t\t\t\t\t<\/div>\n\t\t<\/section>\n\t\t\t\t<\/div>\n\t\t","protected":false},"excerpt":{"rendered":"<p>Workshops le jeudi 7 mai de 14h30 \u00e0 16h00 au club du Bel Age et le vendredi 8 mai 2026 de 14h00 \u00e0 16h00 &#8211; Auberge de l&rsquo;Ours. jeudi : r\u00e9serv\u00e9 au club du Bel Age &#8211; initiation de nos seniors au ukul\u00e9l\u00e9 vendredi : ouvert \u00e0 tous &#8211; niveau&hellip;<\/p>\n","protected":false},"author":1,"featured_media":0,"parent":0,"menu_order":0,"comment_status":"closed","ping_status":"closed","template":"","meta":{"footnotes":""},"class_list":["post-7033","page","type-page","status-publish","hentry"],"yoast_head":"<!-- This site is optimized with the Yoast SEO plugin v27.2 - https:\/\/yoast.com\/product\/yoast-seo-wordpress\/ -->\n<title>Work Prinzy - 6\u00e8me Festivillage Ukul\u00e9l\u00e9 - mai 2026<\/title>\n<meta name=\"robots\" content=\"index, follow, max-snippet:-1, max-image-preview:large, max-video-preview:-1\" \/>\n<link rel=\"canonical\" href=\"https:\/\/festiukulele77.fr\/index.php\/work-prinzy\/\" \/>\n<meta property=\"og:locale\" content=\"fr_FR\" \/>\n<meta property=\"og:type\" content=\"article\" \/>\n<meta property=\"og:title\" content=\"Work Prinzy - 6\u00e8me Festivillage Ukul\u00e9l\u00e9 - mai 2026\" \/>\n<meta property=\"og:description\" content=\"Workshops le jeudi 7 mai de 14h30 \u00e0 16h00 au club du Bel Age et le vendredi 8 mai 2026 de 14h00 \u00e0 16h00 &#8211; Auberge de l&rsquo;Ours. jeudi : r\u00e9serv\u00e9 au club du Bel Age &#8211; initiation de nos seniors au ukul\u00e9l\u00e9 vendredi : ouvert \u00e0 tous &#8211; niveau&hellip;\" \/>\n<meta property=\"og:url\" content=\"https:\/\/festiukulele77.fr\/index.php\/work-prinzy\/\" \/>\n<meta property=\"og:site_name\" content=\"6\u00e8me Festivillage Ukul\u00e9l\u00e9 - mai 2026\" \/>\n<meta property=\"article:modified_time\" content=\"2026-04-13T07:20:15+00:00\" \/>\n<meta property=\"og:image\" content=\"http:\/\/festiukulele77.fr\/wp-content\/uploads\/elementor\/thumbs\/Prinzy-rg37qmt4ifk2kirrzhvbwg6x6jhiwhvp93a5wicw4s.jpg\" \/>\n<meta name=\"twitter:card\" content=\"summary_large_image\" \/>\n<meta name=\"twitter:label1\" content=\"Dur\u00e9e de lecture estim\u00e9e\" \/>\n\t<meta name=\"twitter:data1\" content=\"1 minute\" \/>\n<script type=\"application\/ld+json\" class=\"yoast-schema-graph\">{\"@context\":\"https:\/\/schema.org\",\"@graph\":[{\"@type\":\"WebPage\",\"@id\":\"https:\/\/festiukulele77.fr\/index.php\/work-prinzy\/\",\"url\":\"https:\/\/festiukulele77.fr\/index.php\/work-prinzy\/\",\"name\":\"Work Prinzy - 6\u00e8me Festivillage Ukul\u00e9l\u00e9 - mai 2026\",\"isPartOf\":{\"@id\":\"https:\/\/festiukulele77.fr\/#website\"},\"primaryImageOfPage\":{\"@id\":\"https:\/\/festiukulele77.fr\/index.php\/work-prinzy\/#primaryimage\"},\"image\":{\"@id\":\"https:\/\/festiukulele77.fr\/index.php\/work-prinzy\/#primaryimage\"},\"thumbnailUrl\":\"http:\/\/festiukulele77.fr\/wp-content\/uploads\/elementor\/thumbs\/Prinzy-rg37qmt4ifk2kirrzhvbwg6x6jhiwhvp93a5wicw4s.jpg\",\"datePublished\":\"2025-11-21T14:25:50+00:00\",\"dateModified\":\"2026-04-13T07:20:15+00:00\",\"breadcrumb\":{\"@id\":\"https:\/\/festiukulele77.fr\/index.php\/work-prinzy\/#breadcrumb\"},\"inLanguage\":\"fr-FR\",\"potentialAction\":[{\"@type\":\"ReadAction\",\"target\":[\"https:\/\/festiukulele77.fr\/index.php\/work-prinzy\/\"]}]},{\"@type\":\"ImageObject\",\"inLanguage\":\"fr-FR\",\"@id\":\"https:\/\/festiukulele77.fr\/index.php\/work-prinzy\/#primaryimage\",\"url\":\"http:\/\/festiukulele77.fr\/wp-content\/uploads\/elementor\/thumbs\/Prinzy-rg37qmt4ifk2kirrzhvbwg6x6jhiwhvp93a5wicw4s.jpg\",\"contentUrl\":\"http:\/\/festiukulele77.fr\/wp-content\/uploads\/elementor\/thumbs\/Prinzy-rg37qmt4ifk2kirrzhvbwg6x6jhiwhvp93a5wicw4s.jpg\"},{\"@type\":\"BreadcrumbList\",\"@id\":\"https:\/\/festiukulele77.fr\/index.php\/work-prinzy\/#breadcrumb\",\"itemListElement\":[{\"@type\":\"ListItem\",\"position\":1,\"name\":\"Accueil\",\"item\":\"https:\/\/festiukulele77.fr\/\"},{\"@type\":\"ListItem\",\"position\":2,\"name\":\"Work Prinzy\"}]},{\"@type\":\"WebSite\",\"@id\":\"https:\/\/festiukulele77.fr\/#website\",\"url\":\"https:\/\/festiukulele77.fr\/\",\"name\":\"6\u00e8me Festivillage Ukul\u00e9l\u00e9 - mai 2026\",\"description\":\"7 au 10 mai 2026 - Villeneuve le Comte (77), village du ukul\u00e9l\u00e9\",\"publisher\":{\"@id\":\"https:\/\/festiukulele77.fr\/#organization\"},\"potentialAction\":[{\"@type\":\"SearchAction\",\"target\":{\"@type\":\"EntryPoint\",\"urlTemplate\":\"https:\/\/festiukulele77.fr\/?s={search_term_string}\"},\"query-input\":{\"@type\":\"PropertyValueSpecification\",\"valueRequired\":true,\"valueName\":\"search_term_string\"}}],\"inLanguage\":\"fr-FR\"},{\"@type\":\"Organization\",\"@id\":\"https:\/\/festiukulele77.fr\/#organization\",\"name\":\"6\u00e8me Festivillage Ukul\u00e9l\u00e9 - mai 2026\",\"url\":\"https:\/\/festiukulele77.fr\/\",\"logo\":{\"@type\":\"ImageObject\",\"inLanguage\":\"fr-FR\",\"@id\":\"https:\/\/festiukulele77.fr\/#\/schema\/logo\/image\/\",\"url\":\"https:\/\/festiukulele77.fr\/wp-content\/uploads\/2025\/11\/cropped-Badge-Festival-avec-bulle-e1764321489617.png\",\"contentUrl\":\"https:\/\/festiukulele77.fr\/wp-content\/uploads\/2025\/11\/cropped-Badge-Festival-avec-bulle-e1764321489617.png\",\"width\":200,\"height\":200,\"caption\":\"6\u00e8me Festivillage Ukul\u00e9l\u00e9 - mai 2026\"},\"image\":{\"@id\":\"https:\/\/festiukulele77.fr\/#\/schema\/logo\/image\/\"}}]}<\/script>\n<!-- \/ Yoast SEO plugin. -->","yoast_head_json":{"title":"Work Prinzy - 6\u00e8me Festivillage Ukul\u00e9l\u00e9 - mai 2026","robots":{"index":"index","follow":"follow","max-snippet":"max-snippet:-1","max-image-preview":"max-image-preview:large","max-video-preview":"max-video-preview:-1"},"canonical":"https:\/\/festiukulele77.fr\/index.php\/work-prinzy\/","og_locale":"fr_FR","og_type":"article","og_title":"Work Prinzy - 6\u00e8me Festivillage Ukul\u00e9l\u00e9 - mai 2026","og_description":"Workshops le jeudi 7 mai de 14h30 \u00e0 16h00 au club du Bel Age et le vendredi 8 mai 2026 de 14h00 \u00e0 16h00 &#8211; Auberge de l&rsquo;Ours. jeudi : r\u00e9serv\u00e9 au club du Bel Age &#8211; initiation de nos seniors au ukul\u00e9l\u00e9 vendredi : ouvert \u00e0 tous &#8211; niveau&hellip;","og_url":"https:\/\/festiukulele77.fr\/index.php\/work-prinzy\/","og_site_name":"6\u00e8me Festivillage Ukul\u00e9l\u00e9 - mai 2026","article_modified_time":"2026-04-13T07:20:15+00:00","og_image":[{"url":"http:\/\/festiukulele77.fr\/wp-content\/uploads\/elementor\/thumbs\/Prinzy-rg37qmt4ifk2kirrzhvbwg6x6jhiwhvp93a5wicw4s.jpg","type":"","width":"","height":""}],"twitter_card":"summary_large_image","twitter_misc":{"Dur\u00e9e de lecture estim\u00e9e":"1 minute"},"schema":{"@context":"https:\/\/schema.org","@graph":[{"@type":"WebPage","@id":"https:\/\/festiukulele77.fr\/index.php\/work-prinzy\/","url":"https:\/\/festiukulele77.fr\/index.php\/work-prinzy\/","name":"Work Prinzy - 6\u00e8me Festivillage Ukul\u00e9l\u00e9 - mai 2026","isPartOf":{"@id":"https:\/\/festiukulele77.fr\/#website"},"primaryImageOfPage":{"@id":"https:\/\/festiukulele77.fr\/index.php\/work-prinzy\/#primaryimage"},"image":{"@id":"https:\/\/festiukulele77.fr\/index.php\/work-prinzy\/#primaryimage"},"thumbnailUrl":"http:\/\/festiukulele77.fr\/wp-content\/uploads\/elementor\/thumbs\/Prinzy-rg37qmt4ifk2kirrzhvbwg6x6jhiwhvp93a5wicw4s.jpg","datePublished":"2025-11-21T14:25:50+00:00","dateModified":"2026-04-13T07:20:15+00:00","breadcrumb":{"@id":"https:\/\/festiukulele77.fr\/index.php\/work-prinzy\/#breadcrumb"},"inLanguage":"fr-FR","potentialAction":[{"@type":"ReadAction","target":["https:\/\/festiukulele77.fr\/index.php\/work-prinzy\/"]}]},{"@type":"ImageObject","inLanguage":"fr-FR","@id":"https:\/\/festiukulele77.fr\/index.php\/work-prinzy\/#primaryimage","url":"http:\/\/festiukulele77.fr\/wp-content\/uploads\/elementor\/thumbs\/Prinzy-rg37qmt4ifk2kirrzhvbwg6x6jhiwhvp93a5wicw4s.jpg","contentUrl":"http:\/\/festiukulele77.fr\/wp-content\/uploads\/elementor\/thumbs\/Prinzy-rg37qmt4ifk2kirrzhvbwg6x6jhiwhvp93a5wicw4s.jpg"},{"@type":"BreadcrumbList","@id":"https:\/\/festiukulele77.fr\/index.php\/work-prinzy\/#breadcrumb","itemListElement":[{"@type":"ListItem","position":1,"name":"Accueil","item":"https:\/\/festiukulele77.fr\/"},{"@type":"ListItem","position":2,"name":"Work Prinzy"}]},{"@type":"WebSite","@id":"https:\/\/festiukulele77.fr\/#website","url":"https:\/\/festiukulele77.fr\/","name":"6\u00e8me Festivillage Ukul\u00e9l\u00e9 - mai 2026","description":"7 au 10 mai 2026 - Villeneuve le Comte (77), village du ukul\u00e9l\u00e9","publisher":{"@id":"https:\/\/festiukulele77.fr\/#organization"},"potentialAction":[{"@type":"SearchAction","target":{"@type":"EntryPoint","urlTemplate":"https:\/\/festiukulele77.fr\/?s={search_term_string}"},"query-input":{"@type":"PropertyValueSpecification","valueRequired":true,"valueName":"search_term_string"}}],"inLanguage":"fr-FR"},{"@type":"Organization","@id":"https:\/\/festiukulele77.fr\/#organization","name":"6\u00e8me Festivillage Ukul\u00e9l\u00e9 - mai 2026","url":"https:\/\/festiukulele77.fr\/","logo":{"@type":"ImageObject","inLanguage":"fr-FR","@id":"https:\/\/festiukulele77.fr\/#\/schema\/logo\/image\/","url":"https:\/\/festiukulele77.fr\/wp-content\/uploads\/2025\/11\/cropped-Badge-Festival-avec-bulle-e1764321489617.png","contentUrl":"https:\/\/festiukulele77.fr\/wp-content\/uploads\/2025\/11\/cropped-Badge-Festival-avec-bulle-e1764321489617.png","width":200,"height":200,"caption":"6\u00e8me Festivillage Ukul\u00e9l\u00e9 - mai 2026"},"image":{"@id":"https:\/\/festiukulele77.fr\/#\/schema\/logo\/image\/"}}]}},"_links":{"self":[{"href":"https:\/\/festiukulele77.fr\/index.php\/wp-json\/wp\/v2\/pages\/7033","targetHints":{"allow":["GET"]}}],"collection":[{"href":"https:\/\/festiukulele77.fr\/index.php\/wp-json\/wp\/v2\/pages"}],"about":[{"href":"https:\/\/festiukulele77.fr\/index.php\/wp-json\/wp\/v2\/types\/page"}],"author":[{"embeddable":true,"href":"https:\/\/festiukulele77.fr\/index.php\/wp-json\/wp\/v2\/users\/1"}],"replies":[{"embeddable":true,"href":"https:\/\/festiukulele77.fr\/index.php\/wp-json\/wp\/v2\/comments?post=7033"}],"version-history":[{"count":58,"href":"https:\/\/festiukulele77.fr\/index.php\/wp-json\/wp\/v2\/pages\/7033\/revisions"}],"predecessor-version":[{"id":8949,"href":"https:\/\/festiukulele77.fr\/index.php\/wp-json\/wp\/v2\/pages\/7033\/revisions\/8949"}],"wp:attachment":[{"href":"https:\/\/festiukulele77.fr\/index.php\/wp-json\/wp\/v2\/media?parent=7033"}],"curies":[{"name":"wp","href":"https:\/\/api.w.org\/{rel}","templated":true}]}}