{"id":609,"date":"2022-01-31T14:16:07","date_gmt":"2022-01-31T13:16:07","guid":{"rendered":"http:\/\/festiukulele77.fr\/?page_id=609"},"modified":"2026-03-23T16:52:56","modified_gmt":"2026-03-23T15:52:56","slug":"scene-ouverte-2","status":"publish","type":"page","link":"https:\/\/festiukulele77.fr\/index.php\/scene-ouverte-2\/","title":{"rendered":"Sc\u00e8ne ouverte"},"content":{"rendered":"\t\t<div data-elementor-type=\"wp-page\" data-elementor-id=\"609\" class=\"elementor elementor-609\">\n\t\t\t\t\t\t<section class=\"elementor-section elementor-top-section elementor-element elementor-element-ba67982 elementor-section-boxed elementor-section-height-default elementor-section-height-default\" data-id=\"ba67982\" data-element_type=\"section\" data-e-type=\"section\">\n\t\t\t\t\t\t<div class=\"elementor-container elementor-column-gap-default\">\n\t\t\t\t\t<div class=\"elementor-column elementor-col-100 elementor-top-column elementor-element elementor-element-1b40c54\" data-id=\"1b40c54\" data-element_type=\"column\" data-e-type=\"column\">\n\t\t\t<div class=\"elementor-widget-wrap\">\n\t\t\t\t\t\t\t<\/div>\n\t\t<\/div>\n\t\t\t\t\t<\/div>\n\t\t<\/section>\n\t\t\t\t<section class=\"elementor-section elementor-top-section elementor-element elementor-element-c758a46 elementor-section-boxed elementor-section-height-default elementor-section-height-default\" data-id=\"c758a46\" data-element_type=\"section\" data-e-type=\"section\">\n\t\t\t\t\t\t<div class=\"elementor-container elementor-column-gap-default\">\n\t\t\t\t\t<div class=\"elementor-column elementor-col-100 elementor-top-column elementor-element elementor-element-a71dc05\" data-id=\"a71dc05\" data-element_type=\"column\" data-e-type=\"column\">\n\t\t\t<div class=\"elementor-widget-wrap elementor-element-populated\">\n\t\t\t\t\t\t<div class=\"elementor-element elementor-element-26708ea animated-slow elementor-invisible elementor-widget elementor-widget-heading\" data-id=\"26708ea\" data-element_type=\"widget\" data-e-type=\"widget\" data-settings=\"{&quot;_animation&quot;:&quot;zoomIn&quot;}\" data-widget_type=\"heading.default\">\n\t\t\t\t<div class=\"elementor-widget-container\">\n\t\t\t\t\t<h2 class=\"elementor-heading-title elementor-size-default\">Sc\u00e8nes ouvertes - 8 - 9 et 10 mai 2026.<\/h2>\t\t\t\t<\/div>\n\t\t\t\t<\/div>\n\t\t\t\t\t<\/div>\n\t\t<\/div>\n\t\t\t\t\t<\/div>\n\t\t<\/section>\n\t\t\t\t<section class=\"elementor-section elementor-top-section elementor-element elementor-element-bceadff elementor-section-boxed elementor-section-height-default elementor-section-height-default\" data-id=\"bceadff\" data-element_type=\"section\" data-e-type=\"section\">\n\t\t\t\t\t\t<div class=\"elementor-container elementor-column-gap-default\">\n\t\t\t\t\t<div class=\"elementor-column elementor-col-50 elementor-top-column elementor-element elementor-element-4f69dfd\" data-id=\"4f69dfd\" data-element_type=\"column\" data-e-type=\"column\">\n\t\t\t<div class=\"elementor-widget-wrap elementor-element-populated\">\n\t\t\t\t\t\t<div class=\"elementor-element elementor-element-bd13c72 elementor-invisible elementor-widget elementor-widget-text-editor\" data-id=\"bd13c72\" data-element_type=\"widget\" data-e-type=\"widget\" data-settings=\"{&quot;_animation&quot;:&quot;zoomInDown&quot;}\" data-widget_type=\"text-editor.default\">\n\t\t\t\t<div class=\"elementor-widget-container\">\n\t\t\t\t\t\t\t\t\t<p style=\"text-align: center;\"><em><span style=\"color: #00ff00;\">Inscription obligatoire<\/span><\/em><\/p>\t\t\t\t\t\t\t\t<\/div>\n\t\t\t\t<\/div>\n\t\t\t\t\t<\/div>\n\t\t<\/div>\n\t\t\t\t<div class=\"elementor-column elementor-col-50 elementor-top-column elementor-element elementor-element-cdc0b0a\" data-id=\"cdc0b0a\" data-element_type=\"column\" data-e-type=\"column\">\n\t\t\t<div class=\"elementor-widget-wrap elementor-element-populated\">\n\t\t\t\t\t\t<div class=\"elementor-element elementor-element-c7ff9ff elementor-align-center elementor-widget elementor-widget-button\" data-id=\"c7ff9ff\" data-element_type=\"widget\" data-e-type=\"widget\" data-widget_type=\"button.default\">\n\t\t\t\t<div class=\"elementor-widget-container\">\n\t\t\t\t\t\t\t\t\t<div class=\"elementor-button-wrapper\">\n\t\t\t\t\t<a class=\"elementor-button elementor-button-link elementor-size-sm\" href=\"https:\/\/festiukulele77.fr\/index.php\/inscriptions-scenes-ouvertes\/\">\n\t\t\t\t\t\t<span class=\"elementor-button-content-wrapper\">\n\t\t\t\t\t\t\t\t\t<span class=\"elementor-button-text\">Inscription<\/span>\n\t\t\t\t\t<\/span>\n\t\t\t\t\t<\/a>\n\t\t\t\t<\/div>\n\t\t\t\t\t\t\t\t<\/div>\n\t\t\t\t<\/div>\n\t\t\t\t\t<\/div>\n\t\t<\/div>\n\t\t\t\t\t<\/div>\n\t\t<\/section>\n\t\t\t\t<section class=\"elementor-section elementor-top-section elementor-element elementor-element-dc65bb1 elementor-section-boxed elementor-section-height-default elementor-section-height-default\" data-id=\"dc65bb1\" data-element_type=\"section\" data-e-type=\"section\">\n\t\t\t\t\t\t<div class=\"elementor-container elementor-column-gap-default\">\n\t\t\t\t\t<div class=\"elementor-column elementor-col-50 elementor-top-column elementor-element elementor-element-559e616\" data-id=\"559e616\" data-element_type=\"column\" data-e-type=\"column\">\n\t\t\t<div class=\"elementor-widget-wrap elementor-element-populated\">\n\t\t\t\t\t\t<div class=\"elementor-element elementor-element-1d13a43 elementor-widget elementor-widget-text-editor\" data-id=\"1d13a43\" data-element_type=\"widget\" data-e-type=\"widget\" data-widget_type=\"text-editor.default\">\n\t\t\t\t<div class=\"elementor-widget-container\">\n\t\t\t\t\t\t\t\t\t<p style=\"text-align: center;\"><span style=\"color: #a10000;\"><strong>vendredi 8 mai <\/strong><\/span><\/p><ul><li style=\"list-style-type: none;\"><ul><li style=\"list-style-type: none;\"><ul><li><strong>10h00 \u00e0 11h30 :<\/strong> Place de l&rsquo;\u00c9glise<\/li><li><strong>14h00 \u00e0 16h00 :<\/strong> Place de l&rsquo;\u00c9glise<\/li><li><strong>14h00 \u00e0 16h00 :<\/strong> Grande sc\u00e8ne<\/li><li><strong>19h30 \u00e0 23h00 :<\/strong> Salle des f\u00eates <span style=\"color: #ff0000;\"><strong><a style=\"color: #ff0000;\" href=\"https:\/\/festiukulele77.fr\/index.php\/billetterie\/\">avec r\u00e9servation<\/a><\/strong><\/span> pour le <span style=\"color: #ff0000;\"><strong><a style=\"color: #ff0000;\" href=\"https:\/\/festiukulele77.fr\/index.php\/repas\/\">repas des Ukus\u00a0\u00a0<\/a><\/strong><\/span><\/li><\/ul><\/li><\/ul><\/li><\/ul><p style=\"text-align: center;\"><strong style=\"text-align: center;\"><span style=\"color: #a10000;\">samedi 9 mai<\/span><\/strong><\/p><ul><li style=\"list-style-type: none;\"><ul><li style=\"list-style-type: none;\"><ul><li><strong>10h00 \u00e0 14h00 :<\/strong> Place de l&rsquo;\u00c9glise<\/li><li><strong>10h00 \u00e0 14h00 :<\/strong> Grande sc\u00e8ne<\/li><li><strong>14h00 \u00e0 16h00 :<\/strong> Place de l&rsquo;\u00c9glise<\/li><\/ul><\/li><\/ul><\/li><\/ul><p style=\"text-align: center;\"><span style=\"color: #a10000;\"><strong>dimanche 10 mai<\/strong><\/span><\/p><ul><li style=\"list-style-type: none;\"><ul><li style=\"list-style-type: none;\"><ul><li><strong>10h00 \u00e0 11h00 :<\/strong> place de l&rsquo;\u00c9glise<\/li><li><strong>12h00 \u00e0 13h30 :<\/strong> place de l&rsquo;\u00c9glise<\/li><\/ul><\/li><\/ul><\/li><\/ul>\t\t\t\t\t\t\t\t<\/div>\n\t\t\t\t<\/div>\n\t\t\t\t\t<\/div>\n\t\t<\/div>\n\t\t\t\t<div class=\"elementor-column elementor-col-50 elementor-top-column elementor-element elementor-element-0d06e46\" data-id=\"0d06e46\" data-element_type=\"column\" data-e-type=\"column\">\n\t\t\t<div class=\"elementor-widget-wrap elementor-element-populated\">\n\t\t\t\t\t\t<div class=\"elementor-element elementor-element-249eda3 elementor-widget elementor-widget-image\" data-id=\"249eda3\" data-element_type=\"widget\" data-e-type=\"widget\" data-widget_type=\"image.default\">\n\t\t\t\t<div class=\"elementor-widget-container\">\n\t\t\t\t\t\t\t\t\t\t\t\t\t\t\t\t<a href=\"http:\/\/festiukulele77.fr\/wp-content\/uploads\/2025\/11\/Festival-2024-85.jpg\" data-elementor-open-lightbox=\"yes\" data-e-action-hash=\"#elementor-action%3Aaction%3Dlightbox%26settings%3DeyJpZCI6NzE3MiwidXJsIjpmYWxzZX0%3D\">\n\t\t\t\t\t\t\t<img decoding=\"async\" src=\"http:\/\/festiukulele77.fr\/wp-content\/uploads\/2025\/11\/Festival-2024-85.jpg\" title=\"\" alt=\"\" loading=\"lazy\" \/>\t\t\t\t\t\t\t\t<\/a>\n\t\t\t\t\t\t\t\t\t\t\t\t\t\t\t<\/div>\n\t\t\t\t<\/div>\n\t\t\t\t<div class=\"elementor-element elementor-element-323da61 elementor-widget elementor-widget-image\" data-id=\"323da61\" data-element_type=\"widget\" data-e-type=\"widget\" data-widget_type=\"image.default\">\n\t\t\t\t<div class=\"elementor-widget-container\">\n\t\t\t\t\t\t\t\t\t\t\t\t\t\t\t\t<a href=\"http:\/\/festiukulele77.fr\/wp-content\/uploads\/2025\/11\/Scene-ouverte-1.jpg\" data-elementor-open-lightbox=\"yes\" data-elementor-lightbox-title=\"Sc\u00e8ne ouverte 1\" data-e-action-hash=\"#elementor-action%3Aaction%3Dlightbox%26settings%3DeyJpZCI6NzE4NCwidXJsIjoiaHR0cHM6XC9cL2Zlc3RpdWt1bGVsZTc3LmZyXC93cC1jb250ZW50XC91cGxvYWRzXC8yMDI1XC8xMVwvU2NlbmUtb3V2ZXJ0ZS0xLmpwZyJ9\">\n\t\t\t\t\t\t\t<img fetchpriority=\"high\" decoding=\"async\" width=\"1000\" height=\"561\" src=\"https:\/\/festiukulele77.fr\/wp-content\/uploads\/2025\/11\/Scene-ouverte-1.jpg\" class=\"attachment-large size-large wp-image-7184\" alt=\"\" srcset=\"https:\/\/festiukulele77.fr\/wp-content\/uploads\/2025\/11\/Scene-ouverte-1.jpg 1000w, https:\/\/festiukulele77.fr\/wp-content\/uploads\/2025\/11\/Scene-ouverte-1-300x168.jpg 300w, https:\/\/festiukulele77.fr\/wp-content\/uploads\/2025\/11\/Scene-ouverte-1-768x431.jpg 768w\" sizes=\"(max-width: 1000px) 100vw, 1000px\" \/>\t\t\t\t\t\t\t\t<\/a>\n\t\t\t\t\t\t\t\t\t\t\t\t\t\t\t<\/div>\n\t\t\t\t<\/div>\n\t\t\t\t\t<\/div>\n\t\t<\/div>\n\t\t\t\t\t<\/div>\n\t\t<\/section>\n\t\t\t\t<\/div>\n\t\t","protected":false},"excerpt":{"rendered":"<p>Sc\u00e8nes ouvertes &#8211; 8 &#8211; 9 et 10 mai 2026. Inscription obligatoire Inscription vendredi 8 mai 10h00 \u00e0 11h30 : Place de l&rsquo;\u00c9glise 14h00 \u00e0 16h00 : Place de l&rsquo;\u00c9glise 14h00 \u00e0 16h00 : Grande sc\u00e8ne 19h30 \u00e0 23h00 : Salle des f\u00eates avec r\u00e9servation pour le repas des Ukus\u00a0\u00a0&hellip;<\/p>\n","protected":false},"author":1,"featured_media":0,"parent":0,"menu_order":0,"comment_status":"closed","ping_status":"closed","template":"","meta":{"footnotes":""},"class_list":["post-609","page","type-page","status-publish","hentry"],"yoast_head":"<!-- This site is optimized with the Yoast SEO plugin v27.2 - https:\/\/yoast.com\/product\/yoast-seo-wordpress\/ -->\n<title>Sc\u00e8ne ouverte - 6\u00e8me Festivillage Ukul\u00e9l\u00e9 - mai 2026<\/title>\n<meta name=\"robots\" content=\"index, follow, max-snippet:-1, max-image-preview:large, max-video-preview:-1\" \/>\n<link rel=\"canonical\" href=\"https:\/\/festiukulele77.fr\/index.php\/scene-ouverte-2\/\" \/>\n<meta property=\"og:locale\" content=\"fr_FR\" \/>\n<meta property=\"og:type\" content=\"article\" \/>\n<meta property=\"og:title\" content=\"Sc\u00e8ne ouverte - 6\u00e8me Festivillage Ukul\u00e9l\u00e9 - mai 2026\" \/>\n<meta property=\"og:description\" content=\"Sc\u00e8nes ouvertes &#8211; 8 &#8211; 9 et 10 mai 2026. Inscription obligatoire Inscription vendredi 8 mai 10h00 \u00e0 11h30 : Place de l&rsquo;\u00c9glise 14h00 \u00e0 16h00 : Place de l&rsquo;\u00c9glise 14h00 \u00e0 16h00 : Grande sc\u00e8ne 19h30 \u00e0 23h00 : Salle des f\u00eates avec r\u00e9servation pour le repas des Ukus\u00a0\u00a0&hellip;\" \/>\n<meta property=\"og:url\" content=\"https:\/\/festiukulele77.fr\/index.php\/scene-ouverte-2\/\" \/>\n<meta property=\"og:site_name\" content=\"6\u00e8me Festivillage Ukul\u00e9l\u00e9 - mai 2026\" \/>\n<meta property=\"article:modified_time\" content=\"2026-03-23T15:52:56+00:00\" \/>\n<meta property=\"og:image\" content=\"http:\/\/festiukulele77.fr\/wp-content\/uploads\/2025\/11\/Festival-2024-85.jpg\" \/>\n<meta name=\"twitter:card\" content=\"summary_large_image\" \/>\n<meta name=\"twitter:label1\" content=\"Dur\u00e9e de lecture estim\u00e9e\" \/>\n\t<meta name=\"twitter:data1\" content=\"1 minute\" \/>\n<script type=\"application\/ld+json\" class=\"yoast-schema-graph\">{\"@context\":\"https:\/\/schema.org\",\"@graph\":[{\"@type\":\"WebPage\",\"@id\":\"https:\/\/festiukulele77.fr\/index.php\/scene-ouverte-2\/\",\"url\":\"https:\/\/festiukulele77.fr\/index.php\/scene-ouverte-2\/\",\"name\":\"Sc\u00e8ne ouverte - 6\u00e8me Festivillage Ukul\u00e9l\u00e9 - mai 2026\",\"isPartOf\":{\"@id\":\"https:\/\/festiukulele77.fr\/#website\"},\"primaryImageOfPage\":{\"@id\":\"https:\/\/festiukulele77.fr\/index.php\/scene-ouverte-2\/#primaryimage\"},\"image\":{\"@id\":\"https:\/\/festiukulele77.fr\/index.php\/scene-ouverte-2\/#primaryimage\"},\"thumbnailUrl\":\"http:\/\/festiukulele77.fr\/wp-content\/uploads\/2025\/11\/Festival-2024-85.jpg\",\"datePublished\":\"2022-01-31T13:16:07+00:00\",\"dateModified\":\"2026-03-23T15:52:56+00:00\",\"breadcrumb\":{\"@id\":\"https:\/\/festiukulele77.fr\/index.php\/scene-ouverte-2\/#breadcrumb\"},\"inLanguage\":\"fr-FR\",\"potentialAction\":[{\"@type\":\"ReadAction\",\"target\":[\"https:\/\/festiukulele77.fr\/index.php\/scene-ouverte-2\/\"]}]},{\"@type\":\"ImageObject\",\"inLanguage\":\"fr-FR\",\"@id\":\"https:\/\/festiukulele77.fr\/index.php\/scene-ouverte-2\/#primaryimage\",\"url\":\"http:\/\/festiukulele77.fr\/wp-content\/uploads\/2025\/11\/Festival-2024-85.jpg\",\"contentUrl\":\"http:\/\/festiukulele77.fr\/wp-content\/uploads\/2025\/11\/Festival-2024-85.jpg\"},{\"@type\":\"BreadcrumbList\",\"@id\":\"https:\/\/festiukulele77.fr\/index.php\/scene-ouverte-2\/#breadcrumb\",\"itemListElement\":[{\"@type\":\"ListItem\",\"position\":1,\"name\":\"Accueil\",\"item\":\"https:\/\/festiukulele77.fr\/\"},{\"@type\":\"ListItem\",\"position\":2,\"name\":\"Sc\u00e8ne ouverte\"}]},{\"@type\":\"WebSite\",\"@id\":\"https:\/\/festiukulele77.fr\/#website\",\"url\":\"https:\/\/festiukulele77.fr\/\",\"name\":\"6\u00e8me Festivillage Ukul\u00e9l\u00e9 - mai 2026\",\"description\":\"7 au 10 mai 2026 - Villeneuve le Comte (77), village du ukul\u00e9l\u00e9\",\"publisher\":{\"@id\":\"https:\/\/festiukulele77.fr\/#organization\"},\"potentialAction\":[{\"@type\":\"SearchAction\",\"target\":{\"@type\":\"EntryPoint\",\"urlTemplate\":\"https:\/\/festiukulele77.fr\/?s={search_term_string}\"},\"query-input\":{\"@type\":\"PropertyValueSpecification\",\"valueRequired\":true,\"valueName\":\"search_term_string\"}}],\"inLanguage\":\"fr-FR\"},{\"@type\":\"Organization\",\"@id\":\"https:\/\/festiukulele77.fr\/#organization\",\"name\":\"6\u00e8me Festivillage Ukul\u00e9l\u00e9 - mai 2026\",\"url\":\"https:\/\/festiukulele77.fr\/\",\"logo\":{\"@type\":\"ImageObject\",\"inLanguage\":\"fr-FR\",\"@id\":\"https:\/\/festiukulele77.fr\/#\/schema\/logo\/image\/\",\"url\":\"https:\/\/festiukulele77.fr\/wp-content\/uploads\/2025\/11\/cropped-Badge-Festival-avec-bulle-e1764321489617.png\",\"contentUrl\":\"https:\/\/festiukulele77.fr\/wp-content\/uploads\/2025\/11\/cropped-Badge-Festival-avec-bulle-e1764321489617.png\",\"width\":200,\"height\":200,\"caption\":\"6\u00e8me Festivillage Ukul\u00e9l\u00e9 - mai 2026\"},\"image\":{\"@id\":\"https:\/\/festiukulele77.fr\/#\/schema\/logo\/image\/\"}}]}<\/script>\n<!-- \/ Yoast SEO plugin. -->","yoast_head_json":{"title":"Sc\u00e8ne ouverte - 6\u00e8me Festivillage Ukul\u00e9l\u00e9 - mai 2026","robots":{"index":"index","follow":"follow","max-snippet":"max-snippet:-1","max-image-preview":"max-image-preview:large","max-video-preview":"max-video-preview:-1"},"canonical":"https:\/\/festiukulele77.fr\/index.php\/scene-ouverte-2\/","og_locale":"fr_FR","og_type":"article","og_title":"Sc\u00e8ne ouverte - 6\u00e8me Festivillage Ukul\u00e9l\u00e9 - mai 2026","og_description":"Sc\u00e8nes ouvertes &#8211; 8 &#8211; 9 et 10 mai 2026. Inscription obligatoire Inscription vendredi 8 mai 10h00 \u00e0 11h30 : Place de l&rsquo;\u00c9glise 14h00 \u00e0 16h00 : Place de l&rsquo;\u00c9glise 14h00 \u00e0 16h00 : Grande sc\u00e8ne 19h30 \u00e0 23h00 : Salle des f\u00eates avec r\u00e9servation pour le repas des Ukus\u00a0\u00a0&hellip;","og_url":"https:\/\/festiukulele77.fr\/index.php\/scene-ouverte-2\/","og_site_name":"6\u00e8me Festivillage Ukul\u00e9l\u00e9 - mai 2026","article_modified_time":"2026-03-23T15:52:56+00:00","og_image":[{"url":"http:\/\/festiukulele77.fr\/wp-content\/uploads\/2025\/11\/Festival-2024-85.jpg","type":"","width":"","height":""}],"twitter_card":"summary_large_image","twitter_misc":{"Dur\u00e9e de lecture estim\u00e9e":"1 minute"},"schema":{"@context":"https:\/\/schema.org","@graph":[{"@type":"WebPage","@id":"https:\/\/festiukulele77.fr\/index.php\/scene-ouverte-2\/","url":"https:\/\/festiukulele77.fr\/index.php\/scene-ouverte-2\/","name":"Sc\u00e8ne ouverte - 6\u00e8me Festivillage Ukul\u00e9l\u00e9 - mai 2026","isPartOf":{"@id":"https:\/\/festiukulele77.fr\/#website"},"primaryImageOfPage":{"@id":"https:\/\/festiukulele77.fr\/index.php\/scene-ouverte-2\/#primaryimage"},"image":{"@id":"https:\/\/festiukulele77.fr\/index.php\/scene-ouverte-2\/#primaryimage"},"thumbnailUrl":"http:\/\/festiukulele77.fr\/wp-content\/uploads\/2025\/11\/Festival-2024-85.jpg","datePublished":"2022-01-31T13:16:07+00:00","dateModified":"2026-03-23T15:52:56+00:00","breadcrumb":{"@id":"https:\/\/festiukulele77.fr\/index.php\/scene-ouverte-2\/#breadcrumb"},"inLanguage":"fr-FR","potentialAction":[{"@type":"ReadAction","target":["https:\/\/festiukulele77.fr\/index.php\/scene-ouverte-2\/"]}]},{"@type":"ImageObject","inLanguage":"fr-FR","@id":"https:\/\/festiukulele77.fr\/index.php\/scene-ouverte-2\/#primaryimage","url":"http:\/\/festiukulele77.fr\/wp-content\/uploads\/2025\/11\/Festival-2024-85.jpg","contentUrl":"http:\/\/festiukulele77.fr\/wp-content\/uploads\/2025\/11\/Festival-2024-85.jpg"},{"@type":"BreadcrumbList","@id":"https:\/\/festiukulele77.fr\/index.php\/scene-ouverte-2\/#breadcrumb","itemListElement":[{"@type":"ListItem","position":1,"name":"Accueil","item":"https:\/\/festiukulele77.fr\/"},{"@type":"ListItem","position":2,"name":"Sc\u00e8ne ouverte"}]},{"@type":"WebSite","@id":"https:\/\/festiukulele77.fr\/#website","url":"https:\/\/festiukulele77.fr\/","name":"6\u00e8me Festivillage Ukul\u00e9l\u00e9 - mai 2026","description":"7 au 10 mai 2026 - Villeneuve le Comte (77), village du ukul\u00e9l\u00e9","publisher":{"@id":"https:\/\/festiukulele77.fr\/#organization"},"potentialAction":[{"@type":"SearchAction","target":{"@type":"EntryPoint","urlTemplate":"https:\/\/festiukulele77.fr\/?s={search_term_string}"},"query-input":{"@type":"PropertyValueSpecification","valueRequired":true,"valueName":"search_term_string"}}],"inLanguage":"fr-FR"},{"@type":"Organization","@id":"https:\/\/festiukulele77.fr\/#organization","name":"6\u00e8me Festivillage Ukul\u00e9l\u00e9 - mai 2026","url":"https:\/\/festiukulele77.fr\/","logo":{"@type":"ImageObject","inLanguage":"fr-FR","@id":"https:\/\/festiukulele77.fr\/#\/schema\/logo\/image\/","url":"https:\/\/festiukulele77.fr\/wp-content\/uploads\/2025\/11\/cropped-Badge-Festival-avec-bulle-e1764321489617.png","contentUrl":"https:\/\/festiukulele77.fr\/wp-content\/uploads\/2025\/11\/cropped-Badge-Festival-avec-bulle-e1764321489617.png","width":200,"height":200,"caption":"6\u00e8me Festivillage Ukul\u00e9l\u00e9 - mai 2026"},"image":{"@id":"https:\/\/festiukulele77.fr\/#\/schema\/logo\/image\/"}}]}},"_links":{"self":[{"href":"https:\/\/festiukulele77.fr\/index.php\/wp-json\/wp\/v2\/pages\/609","targetHints":{"allow":["GET"]}}],"collection":[{"href":"https:\/\/festiukulele77.fr\/index.php\/wp-json\/wp\/v2\/pages"}],"about":[{"href":"https:\/\/festiukulele77.fr\/index.php\/wp-json\/wp\/v2\/types\/page"}],"author":[{"embeddable":true,"href":"https:\/\/festiukulele77.fr\/index.php\/wp-json\/wp\/v2\/users\/1"}],"replies":[{"embeddable":true,"href":"https:\/\/festiukulele77.fr\/index.php\/wp-json\/wp\/v2\/comments?post=609"}],"version-history":[{"count":130,"href":"https:\/\/festiukulele77.fr\/index.php\/wp-json\/wp\/v2\/pages\/609\/revisions"}],"predecessor-version":[{"id":8883,"href":"https:\/\/festiukulele77.fr\/index.php\/wp-json\/wp\/v2\/pages\/609\/revisions\/8883"}],"wp:attachment":[{"href":"https:\/\/festiukulele77.fr\/index.php\/wp-json\/wp\/v2\/media?parent=609"}],"curies":[{"name":"wp","href":"https:\/\/api.w.org\/{rel}","templated":true}]}}