{"id":514,"date":"2022-01-31T10:55:32","date_gmt":"2022-01-31T09:55:32","guid":{"rendered":"http:\/\/festiukulele77.fr\/?page_id=514"},"modified":"2026-03-01T11:31:55","modified_gmt":"2026-03-01T10:31:55","slug":"framboize","status":"publish","type":"page","link":"https:\/\/festiukulele77.fr\/index.php\/framboize\/","title":{"rendered":"Work Framboize"},"content":{"rendered":"\t\t<div data-elementor-type=\"wp-page\" data-elementor-id=\"514\" class=\"elementor elementor-514\">\n\t\t\t\t\t\t<section class=\"elementor-section elementor-top-section elementor-element elementor-element-c15c8d6 elementor-section-boxed elementor-section-height-default elementor-section-height-default\" data-id=\"c15c8d6\" data-element_type=\"section\" data-e-type=\"section\">\n\t\t\t\t\t\t<div class=\"elementor-container elementor-column-gap-default\">\n\t\t\t\t\t<div class=\"elementor-column elementor-col-100 elementor-top-column elementor-element elementor-element-f1ee3e2\" data-id=\"f1ee3e2\" data-element_type=\"column\" data-e-type=\"column\">\n\t\t\t<div class=\"elementor-widget-wrap elementor-element-populated\">\n\t\t\t\t\t\t<div class=\"elementor-element elementor-element-f0c6567 animated-slow elementor-invisible elementor-widget elementor-widget-heading\" data-id=\"f0c6567\" data-element_type=\"widget\" data-e-type=\"widget\" data-settings=\"{&quot;_animation&quot;:&quot;zoomIn&quot;}\" data-widget_type=\"heading.default\">\n\t\t\t\t<div class=\"elementor-widget-container\">\n\t\t\t\t\t<h2 class=\"elementor-heading-title elementor-size-default\">Workshop le vendredi 8 mai 2026 de 10h00 \u00e0 12h00 - Auberge de l'Ours RDC<\/h2>\t\t\t\t<\/div>\n\t\t\t\t<\/div>\n\t\t\t\t\t<\/div>\n\t\t<\/div>\n\t\t\t\t\t<\/div>\n\t\t<\/section>\n\t\t\t\t<section class=\"elementor-section elementor-top-section elementor-element elementor-element-f8c0a80 elementor-section-boxed elementor-section-height-default elementor-section-height-default\" data-id=\"f8c0a80\" data-element_type=\"section\" data-e-type=\"section\">\n\t\t\t\t\t\t<div class=\"elementor-container elementor-column-gap-default\">\n\t\t\t\t\t<div class=\"elementor-column elementor-col-33 elementor-top-column elementor-element elementor-element-c304682\" data-id=\"c304682\" data-element_type=\"column\" data-e-type=\"column\">\n\t\t\t<div class=\"elementor-widget-wrap elementor-element-populated\">\n\t\t\t\t\t\t<div class=\"elementor-element elementor-element-8956bea elementor-widget elementor-widget-text-editor\" data-id=\"8956bea\" data-element_type=\"widget\" data-e-type=\"widget\" data-widget_type=\"text-editor.default\">\n\t\t\t\t<div class=\"elementor-widget-container\">\n\t\t\t\t\t\t\t\t\t<p>D\u00e9butant \u00e0 partir de 12 ans<\/p><p>Tu r\u00eaves de jouer d\u2019un instrument ?<\/p><p>Tu as essay\u00e9 la guitare, le piano, la fl\u00fbte, le saxo\u2026..tout est trop dur et demande des notions de solf\u00e8ge !!<\/p><p>Le ukul\u00e9l\u00e9 est fait pour toi !!<\/p><p>Viens d\u00e9couvrir avec Framboize cet instrument facile et id\u00e9al pour accompagner le chant\u2026..que du plaisir !!<\/p><p><strong><em>Les ukul\u00e9l\u00e9s sont pr\u00eat\u00e9s sur demande pr\u00e9alable aupr\u00e8s de : amvzik@gmail.com<\/em><\/strong><\/p>\t\t\t\t\t\t\t\t<\/div>\n\t\t\t\t<\/div>\n\t\t\t\t\t<\/div>\n\t\t<\/div>\n\t\t\t\t<div class=\"elementor-column elementor-col-33 elementor-top-column elementor-element elementor-element-a60e9f3\" data-id=\"a60e9f3\" data-element_type=\"column\" data-e-type=\"column\">\n\t\t\t<div class=\"elementor-widget-wrap elementor-element-populated\">\n\t\t\t\t\t\t<div class=\"elementor-element elementor-element-817f3d4 elementor-widget elementor-widget-image\" data-id=\"817f3d4\" data-element_type=\"widget\" data-e-type=\"widget\" data-widget_type=\"image.default\">\n\t\t\t\t<div class=\"elementor-widget-container\">\n\t\t\t\t\t\t\t\t\t\t\t\t\t\t\t\t<a href=\"http:\/\/festiukulele77.fr\/wp-content\/uploads\/2022\/02\/Framboize1.jpg\" data-elementor-open-lightbox=\"yes\" data-elementor-lightbox-title=\"Framboize1\" data-e-action-hash=\"#elementor-action%3Aaction%3Dlightbox%26settings%3DeyJpZCI6MTY2NiwidXJsIjoiaHR0cHM6XC9cL2Zlc3RpdWt1bGVsZTc3LmZyXC93cC1jb250ZW50XC91cGxvYWRzXC8yMDIyXC8wMlwvRnJhbWJvaXplMS5qcGcifQ%3D%3D\">\n\t\t\t\t\t\t\t<img fetchpriority=\"high\" decoding=\"async\" width=\"300\" height=\"300\" src=\"https:\/\/festiukulele77.fr\/wp-content\/uploads\/2022\/02\/Framboize1-300x300.jpg\" class=\"attachment-medium size-medium wp-image-1666\" alt=\"\" srcset=\"https:\/\/festiukulele77.fr\/wp-content\/uploads\/2022\/02\/Framboize1-300x300.jpg 300w, https:\/\/festiukulele77.fr\/wp-content\/uploads\/2022\/02\/Framboize1-150x150.jpg 150w, https:\/\/festiukulele77.fr\/wp-content\/uploads\/2022\/02\/Framboize1.jpg 532w\" sizes=\"(max-width: 300px) 100vw, 300px\" \/>\t\t\t\t\t\t\t\t<\/a>\n\t\t\t\t\t\t\t\t\t\t\t\t\t\t\t<\/div>\n\t\t\t\t<\/div>\n\t\t\t\t\t<\/div>\n\t\t<\/div>\n\t\t\t\t<div class=\"elementor-column elementor-col-33 elementor-top-column elementor-element elementor-element-43196a6\" data-id=\"43196a6\" data-element_type=\"column\" data-e-type=\"column\">\n\t\t\t<div class=\"elementor-widget-wrap elementor-element-populated\">\n\t\t\t\t\t\t<div class=\"elementor-element elementor-element-0a3daa2 elementor-widget elementor-widget-image\" data-id=\"0a3daa2\" data-element_type=\"widget\" data-e-type=\"widget\" data-widget_type=\"image.default\">\n\t\t\t\t<div class=\"elementor-widget-container\">\n\t\t\t\t\t\t\t\t\t\t\t\t\t\t\t<img decoding=\"async\" width=\"150\" height=\"98\" src=\"https:\/\/festiukulele77.fr\/wp-content\/uploads\/2025\/11\/Reservation-e1763801776724.png\" class=\"attachment-large size-large wp-image-6383\" alt=\"\" \/>\t\t\t\t\t\t\t\t\t\t\t\t\t\t\t<\/div>\n\t\t\t\t<\/div>\n\t\t\t\t<div class=\"elementor-element elementor-element-ea1da9d elementor-widget elementor-widget-wp-widget-media_video\" data-id=\"ea1da9d\" data-element_type=\"widget\" data-e-type=\"widget\" data-widget_type=\"wp-widget-media_video.default\">\n\t\t\t\t<div class=\"elementor-widget-container\">\n\t\t\t\t\t<div style=\"width:100%;\" class=\"wp-video\"><video class=\"wp-video-shortcode\" id=\"video-514-1\" preload=\"metadata\" controls=\"controls\"><source type=\"video\/youtube\" src=\"https:\/\/www.youtube.com\/watch?v=FRxxPFFzDnc&#038;_=1\" \/><a href=\"https:\/\/www.youtube.com\/watch?v=FRxxPFFzDnc\">https:\/\/www.youtube.com\/watch?v=FRxxPFFzDnc<\/a><\/video><\/div>\t\t\t\t<\/div>\n\t\t\t\t<\/div>\n\t\t\t\t<div class=\"elementor-element elementor-element-0ecc572 elementor-align-center elementor-widget elementor-widget-button\" data-id=\"0ecc572\" data-element_type=\"widget\" data-e-type=\"widget\" data-widget_type=\"button.default\">\n\t\t\t\t<div class=\"elementor-widget-container\">\n\t\t\t\t\t\t\t\t\t<div class=\"elementor-button-wrapper\">\n\t\t\t\t\t<a class=\"elementor-button elementor-button-link elementor-size-sm\" href=\"https:\/\/festiukulele77.fr\/index.php\/billetterie\/\">\n\t\t\t\t\t\t<span class=\"elementor-button-content-wrapper\">\n\t\t\t\t\t\t<span class=\"elementor-button-icon\">\n\t\t\t\t<i aria-hidden=\"true\" class=\"far fa-credit-card\"><\/i>\t\t\t<\/span>\n\t\t\t\t\t\t\t\t\t<span class=\"elementor-button-text\">R\u00e9servez<\/span>\n\t\t\t\t\t<\/span>\n\t\t\t\t\t<\/a>\n\t\t\t\t<\/div>\n\t\t\t\t\t\t\t\t<\/div>\n\t\t\t\t<\/div>\n\t\t\t\t\t<\/div>\n\t\t<\/div>\n\t\t\t\t\t<\/div>\n\t\t<\/section>\n\t\t\t\t<section class=\"elementor-section elementor-top-section elementor-element elementor-element-5b9b7df elementor-section-boxed elementor-section-height-default elementor-section-height-default\" data-id=\"5b9b7df\" data-element_type=\"section\" data-e-type=\"section\">\n\t\t\t\t\t\t<div class=\"elementor-container elementor-column-gap-default\">\n\t\t\t\t\t<div class=\"elementor-column elementor-col-100 elementor-top-column elementor-element elementor-element-c164d9e\" data-id=\"c164d9e\" data-element_type=\"column\" data-e-type=\"column\">\n\t\t\t<div class=\"elementor-widget-wrap elementor-element-populated\">\n\t\t\t\t\t\t<div class=\"elementor-element elementor-element-70da4b4 elementor-widget elementor-widget-text-editor\" data-id=\"70da4b4\" data-element_type=\"widget\" data-e-type=\"widget\" data-widget_type=\"text-editor.default\">\n\t\t\t\t<div class=\"elementor-widget-container\">\n\t\t\t\t\t\t\t\t\t<div><strong>Framboize &amp; Jipi<\/strong> animent r\u00e9guli\u00e8rement des workshops sur les festivals ukul\u00e9l\u00e9 organis\u00e9s en France : \u00a0Issambres, \u00a0St D\u00e9nis d\u2019Anjou, \u00a0Villeneuve le Comte, Toulon&#8230; \u2026.<\/div><div>Ils \u00a0encadrent des stages d\u2019initiation au ukul\u00e9l\u00e9 de \u00a0courte dur\u00e9e (2h) ou longue dur\u00e9e sur deux jours comme \u00a0au \u00ab\u00a0Bec \u00e0 Sons\u00a0\u00bb association folk \u00e0 Couzon au Mont d\u2019or (69).<\/div><div>Professeurs de musique multi instrumentistes, ils se passionnent pour le ukul\u00e9l\u00e9 depuis une dizaine d\u2019ann\u00e9es, passion qu\u2019ils partagent avec de nombreux musiciens amateurs et professionnels.<\/div><div>Le ukul\u00e9l\u00e9 est un vecteur pour transmettre la joie, la musique et la convivialit\u00e9.<\/div><div>Organisateurs de festivals en Seine et Marne puis dans le Var, ils s&rsquo;occupent actuellement d&rsquo;un des plus gros club ukul\u00e9l\u00e9 en \u00a0France avec plus de 50 ukul\u00e9listes \u00e0 Roquebrune sur Argens.<\/div>\t\t\t\t\t\t\t\t<\/div>\n\t\t\t\t<\/div>\n\t\t\t\t\t<\/div>\n\t\t<\/div>\n\t\t\t\t\t<\/div>\n\t\t<\/section>\n\t\t\t\t<section class=\"elementor-section elementor-top-section elementor-element elementor-element-79481f2 elementor-section-boxed elementor-section-height-default elementor-section-height-default\" data-id=\"79481f2\" data-element_type=\"section\" data-e-type=\"section\">\n\t\t\t\t\t\t<div class=\"elementor-container elementor-column-gap-default\">\n\t\t\t\t\t<div class=\"elementor-column elementor-col-100 elementor-top-column elementor-element elementor-element-f13d228\" data-id=\"f13d228\" data-element_type=\"column\" data-e-type=\"column\">\n\t\t\t<div class=\"elementor-widget-wrap elementor-element-populated\">\n\t\t\t\t\t\t<div class=\"elementor-element elementor-element-99143ca elementor-widget-divider--view-line elementor-widget elementor-widget-divider\" data-id=\"99143ca\" data-element_type=\"widget\" data-e-type=\"widget\" data-widget_type=\"divider.default\">\n\t\t\t\t<div class=\"elementor-widget-container\">\n\t\t\t\t\t\t\t<div class=\"elementor-divider\">\n\t\t\t<span class=\"elementor-divider-separator\">\n\t\t\t\t\t\t<\/span>\n\t\t<\/div>\n\t\t\t\t\t\t<\/div>\n\t\t\t\t<\/div>\n\t\t\t\t\t<\/div>\n\t\t<\/div>\n\t\t\t\t\t<\/div>\n\t\t<\/section>\n\t\t\t\t<\/div>\n\t\t","protected":false},"excerpt":{"rendered":"<p>Workshop le vendredi 8 mai 2026 de 10h00 \u00e0 12h00 &#8211; Auberge de l&rsquo;Ours RDC D\u00e9butant \u00e0 partir de 12 ans Tu r\u00eaves de jouer d\u2019un instrument ? Tu as essay\u00e9 la guitare, le piano, la fl\u00fbte, le saxo\u2026..tout est trop dur et demande des notions de solf\u00e8ge !! Le&hellip;<\/p>\n","protected":false},"author":1,"featured_media":0,"parent":0,"menu_order":0,"comment_status":"closed","ping_status":"closed","template":"","meta":{"footnotes":""},"class_list":["post-514","page","type-page","status-publish","hentry"],"yoast_head":"<!-- This site is optimized with the Yoast SEO plugin v27.2 - https:\/\/yoast.com\/product\/yoast-seo-wordpress\/ -->\n<title>Work Framboize - 6\u00e8me Festivillage Ukul\u00e9l\u00e9 - mai 2026<\/title>\n<meta name=\"robots\" content=\"index, follow, max-snippet:-1, max-image-preview:large, max-video-preview:-1\" \/>\n<link rel=\"canonical\" href=\"https:\/\/festiukulele77.fr\/index.php\/framboize\/\" \/>\n<meta property=\"og:locale\" content=\"fr_FR\" \/>\n<meta property=\"og:type\" content=\"article\" \/>\n<meta property=\"og:title\" content=\"Work Framboize - 6\u00e8me Festivillage Ukul\u00e9l\u00e9 - mai 2026\" \/>\n<meta property=\"og:description\" content=\"Workshop le vendredi 8 mai 2026 de 10h00 \u00e0 12h00 &#8211; Auberge de l&rsquo;Ours RDC D\u00e9butant \u00e0 partir de 12 ans Tu r\u00eaves de jouer d\u2019un instrument ? Tu as essay\u00e9 la guitare, le piano, la fl\u00fbte, le saxo\u2026..tout est trop dur et demande des notions de solf\u00e8ge !! Le&hellip;\" \/>\n<meta property=\"og:url\" content=\"https:\/\/festiukulele77.fr\/index.php\/framboize\/\" \/>\n<meta property=\"og:site_name\" content=\"6\u00e8me Festivillage Ukul\u00e9l\u00e9 - mai 2026\" \/>\n<meta property=\"article:modified_time\" content=\"2026-03-01T10:31:55+00:00\" \/>\n<meta property=\"og:image\" content=\"https:\/\/festiukulele77.fr\/wp-content\/uploads\/2022\/02\/Framboize1.jpg\" \/>\n\t<meta property=\"og:image:width\" content=\"532\" \/>\n\t<meta property=\"og:image:height\" content=\"533\" \/>\n\t<meta property=\"og:image:type\" content=\"image\/jpeg\" \/>\n<meta name=\"twitter:card\" content=\"summary_large_image\" \/>\n<meta name=\"twitter:label1\" content=\"Dur\u00e9e de lecture estim\u00e9e\" \/>\n\t<meta name=\"twitter:data1\" content=\"2 minutes\" \/>\n<script type=\"application\/ld+json\" class=\"yoast-schema-graph\">{\"@context\":\"https:\/\/schema.org\",\"@graph\":[{\"@type\":\"WebPage\",\"@id\":\"https:\/\/festiukulele77.fr\/index.php\/framboize\/\",\"url\":\"https:\/\/festiukulele77.fr\/index.php\/framboize\/\",\"name\":\"Work Framboize - 6\u00e8me Festivillage Ukul\u00e9l\u00e9 - mai 2026\",\"isPartOf\":{\"@id\":\"https:\/\/festiukulele77.fr\/#website\"},\"primaryImageOfPage\":{\"@id\":\"https:\/\/festiukulele77.fr\/index.php\/framboize\/#primaryimage\"},\"image\":{\"@id\":\"https:\/\/festiukulele77.fr\/index.php\/framboize\/#primaryimage\"},\"thumbnailUrl\":\"http:\/\/festiukulele77.fr\/wp-content\/uploads\/2022\/02\/Framboize1-300x300.jpg\",\"datePublished\":\"2022-01-31T09:55:32+00:00\",\"dateModified\":\"2026-03-01T10:31:55+00:00\",\"breadcrumb\":{\"@id\":\"https:\/\/festiukulele77.fr\/index.php\/framboize\/#breadcrumb\"},\"inLanguage\":\"fr-FR\",\"potentialAction\":[{\"@type\":\"ReadAction\",\"target\":[\"https:\/\/festiukulele77.fr\/index.php\/framboize\/\"]}]},{\"@type\":\"ImageObject\",\"inLanguage\":\"fr-FR\",\"@id\":\"https:\/\/festiukulele77.fr\/index.php\/framboize\/#primaryimage\",\"url\":\"https:\/\/festiukulele77.fr\/wp-content\/uploads\/2022\/02\/Framboize1.jpg\",\"contentUrl\":\"https:\/\/festiukulele77.fr\/wp-content\/uploads\/2022\/02\/Framboize1.jpg\",\"width\":532,\"height\":533},{\"@type\":\"BreadcrumbList\",\"@id\":\"https:\/\/festiukulele77.fr\/index.php\/framboize\/#breadcrumb\",\"itemListElement\":[{\"@type\":\"ListItem\",\"position\":1,\"name\":\"Accueil\",\"item\":\"https:\/\/festiukulele77.fr\/\"},{\"@type\":\"ListItem\",\"position\":2,\"name\":\"Work Framboize\"}]},{\"@type\":\"WebSite\",\"@id\":\"https:\/\/festiukulele77.fr\/#website\",\"url\":\"https:\/\/festiukulele77.fr\/\",\"name\":\"6\u00e8me Festivillage Ukul\u00e9l\u00e9 - mai 2026\",\"description\":\"7 au 10 mai 2026 - Villeneuve le Comte (77), village du ukul\u00e9l\u00e9\",\"publisher\":{\"@id\":\"https:\/\/festiukulele77.fr\/#organization\"},\"potentialAction\":[{\"@type\":\"SearchAction\",\"target\":{\"@type\":\"EntryPoint\",\"urlTemplate\":\"https:\/\/festiukulele77.fr\/?s={search_term_string}\"},\"query-input\":{\"@type\":\"PropertyValueSpecification\",\"valueRequired\":true,\"valueName\":\"search_term_string\"}}],\"inLanguage\":\"fr-FR\"},{\"@type\":\"Organization\",\"@id\":\"https:\/\/festiukulele77.fr\/#organization\",\"name\":\"6\u00e8me Festivillage Ukul\u00e9l\u00e9 - mai 2026\",\"url\":\"https:\/\/festiukulele77.fr\/\",\"logo\":{\"@type\":\"ImageObject\",\"inLanguage\":\"fr-FR\",\"@id\":\"https:\/\/festiukulele77.fr\/#\/schema\/logo\/image\/\",\"url\":\"https:\/\/festiukulele77.fr\/wp-content\/uploads\/2025\/11\/cropped-Badge-Festival-avec-bulle-e1764321489617.png\",\"contentUrl\":\"https:\/\/festiukulele77.fr\/wp-content\/uploads\/2025\/11\/cropped-Badge-Festival-avec-bulle-e1764321489617.png\",\"width\":200,\"height\":200,\"caption\":\"6\u00e8me Festivillage Ukul\u00e9l\u00e9 - mai 2026\"},\"image\":{\"@id\":\"https:\/\/festiukulele77.fr\/#\/schema\/logo\/image\/\"}}]}<\/script>\n<!-- \/ Yoast SEO plugin. -->","yoast_head_json":{"title":"Work Framboize - 6\u00e8me Festivillage Ukul\u00e9l\u00e9 - mai 2026","robots":{"index":"index","follow":"follow","max-snippet":"max-snippet:-1","max-image-preview":"max-image-preview:large","max-video-preview":"max-video-preview:-1"},"canonical":"https:\/\/festiukulele77.fr\/index.php\/framboize\/","og_locale":"fr_FR","og_type":"article","og_title":"Work Framboize - 6\u00e8me Festivillage Ukul\u00e9l\u00e9 - mai 2026","og_description":"Workshop le vendredi 8 mai 2026 de 10h00 \u00e0 12h00 &#8211; Auberge de l&rsquo;Ours RDC D\u00e9butant \u00e0 partir de 12 ans Tu r\u00eaves de jouer d\u2019un instrument ? Tu as essay\u00e9 la guitare, le piano, la fl\u00fbte, le saxo\u2026..tout est trop dur et demande des notions de solf\u00e8ge !! Le&hellip;","og_url":"https:\/\/festiukulele77.fr\/index.php\/framboize\/","og_site_name":"6\u00e8me Festivillage Ukul\u00e9l\u00e9 - mai 2026","article_modified_time":"2026-03-01T10:31:55+00:00","og_image":[{"width":532,"height":533,"url":"https:\/\/festiukulele77.fr\/wp-content\/uploads\/2022\/02\/Framboize1.jpg","type":"image\/jpeg"}],"twitter_card":"summary_large_image","twitter_misc":{"Dur\u00e9e de lecture estim\u00e9e":"2 minutes"},"schema":{"@context":"https:\/\/schema.org","@graph":[{"@type":"WebPage","@id":"https:\/\/festiukulele77.fr\/index.php\/framboize\/","url":"https:\/\/festiukulele77.fr\/index.php\/framboize\/","name":"Work Framboize - 6\u00e8me Festivillage Ukul\u00e9l\u00e9 - mai 2026","isPartOf":{"@id":"https:\/\/festiukulele77.fr\/#website"},"primaryImageOfPage":{"@id":"https:\/\/festiukulele77.fr\/index.php\/framboize\/#primaryimage"},"image":{"@id":"https:\/\/festiukulele77.fr\/index.php\/framboize\/#primaryimage"},"thumbnailUrl":"http:\/\/festiukulele77.fr\/wp-content\/uploads\/2022\/02\/Framboize1-300x300.jpg","datePublished":"2022-01-31T09:55:32+00:00","dateModified":"2026-03-01T10:31:55+00:00","breadcrumb":{"@id":"https:\/\/festiukulele77.fr\/index.php\/framboize\/#breadcrumb"},"inLanguage":"fr-FR","potentialAction":[{"@type":"ReadAction","target":["https:\/\/festiukulele77.fr\/index.php\/framboize\/"]}]},{"@type":"ImageObject","inLanguage":"fr-FR","@id":"https:\/\/festiukulele77.fr\/index.php\/framboize\/#primaryimage","url":"https:\/\/festiukulele77.fr\/wp-content\/uploads\/2022\/02\/Framboize1.jpg","contentUrl":"https:\/\/festiukulele77.fr\/wp-content\/uploads\/2022\/02\/Framboize1.jpg","width":532,"height":533},{"@type":"BreadcrumbList","@id":"https:\/\/festiukulele77.fr\/index.php\/framboize\/#breadcrumb","itemListElement":[{"@type":"ListItem","position":1,"name":"Accueil","item":"https:\/\/festiukulele77.fr\/"},{"@type":"ListItem","position":2,"name":"Work Framboize"}]},{"@type":"WebSite","@id":"https:\/\/festiukulele77.fr\/#website","url":"https:\/\/festiukulele77.fr\/","name":"6\u00e8me Festivillage Ukul\u00e9l\u00e9 - mai 2026","description":"7 au 10 mai 2026 - Villeneuve le Comte (77), village du ukul\u00e9l\u00e9","publisher":{"@id":"https:\/\/festiukulele77.fr\/#organization"},"potentialAction":[{"@type":"SearchAction","target":{"@type":"EntryPoint","urlTemplate":"https:\/\/festiukulele77.fr\/?s={search_term_string}"},"query-input":{"@type":"PropertyValueSpecification","valueRequired":true,"valueName":"search_term_string"}}],"inLanguage":"fr-FR"},{"@type":"Organization","@id":"https:\/\/festiukulele77.fr\/#organization","name":"6\u00e8me Festivillage Ukul\u00e9l\u00e9 - mai 2026","url":"https:\/\/festiukulele77.fr\/","logo":{"@type":"ImageObject","inLanguage":"fr-FR","@id":"https:\/\/festiukulele77.fr\/#\/schema\/logo\/image\/","url":"https:\/\/festiukulele77.fr\/wp-content\/uploads\/2025\/11\/cropped-Badge-Festival-avec-bulle-e1764321489617.png","contentUrl":"https:\/\/festiukulele77.fr\/wp-content\/uploads\/2025\/11\/cropped-Badge-Festival-avec-bulle-e1764321489617.png","width":200,"height":200,"caption":"6\u00e8me Festivillage Ukul\u00e9l\u00e9 - mai 2026"},"image":{"@id":"https:\/\/festiukulele77.fr\/#\/schema\/logo\/image\/"}}]}},"_links":{"self":[{"href":"https:\/\/festiukulele77.fr\/index.php\/wp-json\/wp\/v2\/pages\/514","targetHints":{"allow":["GET"]}}],"collection":[{"href":"https:\/\/festiukulele77.fr\/index.php\/wp-json\/wp\/v2\/pages"}],"about":[{"href":"https:\/\/festiukulele77.fr\/index.php\/wp-json\/wp\/v2\/types\/page"}],"author":[{"embeddable":true,"href":"https:\/\/festiukulele77.fr\/index.php\/wp-json\/wp\/v2\/users\/1"}],"replies":[{"embeddable":true,"href":"https:\/\/festiukulele77.fr\/index.php\/wp-json\/wp\/v2\/comments?post=514"}],"version-history":[{"count":123,"href":"https:\/\/festiukulele77.fr\/index.php\/wp-json\/wp\/v2\/pages\/514\/revisions"}],"predecessor-version":[{"id":8710,"href":"https:\/\/festiukulele77.fr\/index.php\/wp-json\/wp\/v2\/pages\/514\/revisions\/8710"}],"wp:attachment":[{"href":"https:\/\/festiukulele77.fr\/index.php\/wp-json\/wp\/v2\/media?parent=514"}],"curies":[{"name":"wp","href":"https:\/\/api.w.org\/{rel}","templated":true}]}}