{"id":3000,"date":"2023-10-11T18:42:19","date_gmt":"2023-10-11T16:42:19","guid":{"rendered":"http:\/\/festiukulele77.fr\/?page_id=3000"},"modified":"2024-04-13T09:03:12","modified_gmt":"2024-04-13T07:03:12","slug":"nestor-mabur","status":"publish","type":"page","link":"https:\/\/festiukulele77.fr\/index.php\/nestor-mabur\/","title":{"rendered":"Nestor Mabur"},"content":{"rendered":"\t\t<div data-elementor-type=\"wp-page\" data-elementor-id=\"3000\" class=\"elementor elementor-3000\">\n\t\t\t\t\t\t<section class=\"elementor-section elementor-top-section elementor-element elementor-element-e9e0407 elementor-section-boxed elementor-section-height-default elementor-section-height-default\" data-id=\"e9e0407\" data-element_type=\"section\" data-e-type=\"section\">\n\t\t\t\t\t\t<div class=\"elementor-container elementor-column-gap-default\">\n\t\t\t\t\t<div class=\"elementor-column elementor-col-50 elementor-top-column elementor-element elementor-element-f18d406\" data-id=\"f18d406\" data-element_type=\"column\" data-e-type=\"column\">\n\t\t\t<div class=\"elementor-widget-wrap elementor-element-populated\">\n\t\t\t\t\t\t<div class=\"elementor-element elementor-element-2d8b796 elementor-widget elementor-widget-heading\" data-id=\"2d8b796\" data-element_type=\"widget\" data-e-type=\"widget\" data-widget_type=\"heading.default\">\n\t\t\t\t<div class=\"elementor-widget-container\">\n\t\t\t\t\t<h2 class=\"elementor-heading-title elementor-size-default\">Nestor MABUR<\/h2>\t\t\t\t<\/div>\n\t\t\t\t<\/div>\n\t\t\t\t\t<\/div>\n\t\t<\/div>\n\t\t\t\t<div class=\"elementor-column elementor-col-50 elementor-top-column elementor-element elementor-element-c4d054e\" data-id=\"c4d054e\" data-element_type=\"column\" data-e-type=\"column\">\n\t\t\t<div class=\"elementor-widget-wrap elementor-element-populated\">\n\t\t\t\t\t\t<div class=\"elementor-element elementor-element-e5cf62a elementor-widget elementor-widget-image\" data-id=\"e5cf62a\" data-element_type=\"widget\" data-e-type=\"widget\" data-widget_type=\"image.default\">\n\t\t\t\t<div class=\"elementor-widget-container\">\n\t\t\t\t\t\t\t\t\t\t\t\t\t\t\t<img decoding=\"async\" width=\"151\" height=\"90\" src=\"https:\/\/festiukulele77.fr\/wp-content\/uploads\/2023\/10\/Gratuit.png\" class=\"attachment-large size-large wp-image-3036\" alt=\"\" \/>\t\t\t\t\t\t\t\t\t\t\t\t\t\t\t<\/div>\n\t\t\t\t<\/div>\n\t\t\t\t\t<\/div>\n\t\t<\/div>\n\t\t\t\t\t<\/div>\n\t\t<\/section>\n\t\t\t\t<section class=\"elementor-section elementor-top-section elementor-element elementor-element-c15c8d6 elementor-section-boxed elementor-section-height-default elementor-section-height-default\" data-id=\"c15c8d6\" data-element_type=\"section\" data-e-type=\"section\">\n\t\t\t\t\t\t<div class=\"elementor-container elementor-column-gap-default\">\n\t\t\t\t\t<div class=\"elementor-column elementor-col-100 elementor-top-column elementor-element elementor-element-98e48cb\" data-id=\"98e48cb\" data-element_type=\"column\" data-e-type=\"column\">\n\t\t\t<div class=\"elementor-widget-wrap elementor-element-populated\">\n\t\t\t\t\t\t<div class=\"elementor-element elementor-element-f263b65 animated-slow elementor-invisible elementor-widget elementor-widget-heading\" data-id=\"f263b65\" data-element_type=\"widget\" data-e-type=\"widget\" data-settings=\"{&quot;_animation&quot;:&quot;zoomIn&quot;}\" data-widget_type=\"heading.default\">\n\t\t\t\t<div class=\"elementor-widget-container\">\n\t\t\t\t\t<h2 class=\"elementor-heading-title elementor-size-default\">Vous croiserez s\u00fbrement notre gendarme ukul\u00e9liste le samedi 4 mai <br>de 11h00 \u00e0 12h 00 et de 13h00 \u00e0 14h00 dans les rue de Villeneuve le Comte<\/h2>\t\t\t\t<\/div>\n\t\t\t\t<\/div>\n\t\t\t\t\t<\/div>\n\t\t<\/div>\n\t\t\t\t\t<\/div>\n\t\t<\/section>\n\t\t\t\t<section class=\"elementor-section elementor-top-section elementor-element elementor-element-ba7daa5 elementor-section-boxed elementor-section-height-default elementor-section-height-default\" data-id=\"ba7daa5\" data-element_type=\"section\" data-e-type=\"section\">\n\t\t\t\t\t\t<div class=\"elementor-container elementor-column-gap-default\">\n\t\t\t\t\t<div class=\"elementor-column elementor-col-100 elementor-top-column elementor-element elementor-element-3febea9\" data-id=\"3febea9\" data-element_type=\"column\" data-e-type=\"column\">\n\t\t\t<div class=\"elementor-widget-wrap elementor-element-populated\">\n\t\t\t\t\t\t<div class=\"elementor-element elementor-element-b5885e5 elementor-widget elementor-widget-text-editor\" data-id=\"b5885e5\" data-element_type=\"widget\" data-e-type=\"widget\" data-widget_type=\"text-editor.default\">\n\t\t\t\t<div class=\"elementor-widget-container\">\n\t\t\t\t\t\t\t\t\t<p><strong>SYMPATHIKEUK DE L\u2019U.M.S.K.U.D : UNIT\u00c9 MOBILE S\u00c9CURISANTE D\u2019UNE CONVIVIALIT\u00c9 URBAINE DISTANCI\u00c9E<\/strong><\/p><p>Cette nouvelle forme de police de proximit\u00e9 \u00abCovidistanci\u00e9e\u00bb, sympathique dr\u00f4le et bienveillante, a pour fonction\u00a0le maintien de l\u2019ordre d\u00e9sordonn\u00e9,\u00a0le respect des gestes protecteurs et du sens de l\u2019humour de nos concitoyens.<\/p><p>Sur son v\u00e9lo musical, il parcourt le quartier. Fauteur de trouble \u00e0 l\u2019ordre en espace public, il n\u2019h\u00e9site pas \u00e0 pousser la chansonnette pour aller au contact \/sans contact des habitants et leur distribuer des contredances \u00e0 danser.<\/p>\t\t\t\t\t\t\t\t<\/div>\n\t\t\t\t<\/div>\n\t\t\t\t\t<\/div>\n\t\t<\/div>\n\t\t\t\t\t<\/div>\n\t\t<\/section>\n\t\t\t\t<section class=\"elementor-section elementor-top-section elementor-element elementor-element-860fc90 elementor-section-boxed elementor-section-height-default elementor-section-height-default\" data-id=\"860fc90\" data-element_type=\"section\" data-e-type=\"section\">\n\t\t\t\t\t\t<div class=\"elementor-container elementor-column-gap-default\">\n\t\t\t\t\t<div class=\"elementor-column elementor-col-50 elementor-top-column elementor-element elementor-element-400696d\" data-id=\"400696d\" data-element_type=\"column\" data-e-type=\"column\">\n\t\t\t<div class=\"elementor-widget-wrap elementor-element-populated\">\n\t\t\t\t\t\t<div class=\"elementor-element elementor-element-00557d9 elementor-widget elementor-widget-image\" data-id=\"00557d9\" data-element_type=\"widget\" data-e-type=\"widget\" data-widget_type=\"image.default\">\n\t\t\t\t<div class=\"elementor-widget-container\">\n\t\t\t\t\t\t\t\t\t\t\t\t\t\t\t<img fetchpriority=\"high\" decoding=\"async\" width=\"640\" height=\"431\" src=\"https:\/\/festiukulele77.fr\/wp-content\/uploads\/2023\/10\/Nestor-mabur2-1024x690.png\" class=\"attachment-large size-large wp-image-3031\" alt=\"\" srcset=\"https:\/\/festiukulele77.fr\/wp-content\/uploads\/2023\/10\/Nestor-mabur2-1024x690.png 1024w, https:\/\/festiukulele77.fr\/wp-content\/uploads\/2023\/10\/Nestor-mabur2-300x202.png 300w, https:\/\/festiukulele77.fr\/wp-content\/uploads\/2023\/10\/Nestor-mabur2-768x517.png 768w, https:\/\/festiukulele77.fr\/wp-content\/uploads\/2023\/10\/Nestor-mabur2-1536x1035.png 1536w, https:\/\/festiukulele77.fr\/wp-content\/uploads\/2023\/10\/Nestor-mabur2.png 1588w\" sizes=\"(max-width: 640px) 100vw, 640px\" \/>\t\t\t\t\t\t\t\t\t\t\t\t\t\t\t<\/div>\n\t\t\t\t<\/div>\n\t\t\t\t<div class=\"elementor-element elementor-element-11a22a7 elementor-align-center elementor-widget elementor-widget-button\" data-id=\"11a22a7\" data-element_type=\"widget\" data-e-type=\"widget\" data-widget_type=\"button.default\">\n\t\t\t\t<div class=\"elementor-widget-container\">\n\t\t\t\t\t\t\t\t\t<div class=\"elementor-button-wrapper\">\n\t\t\t\t\t<a class=\"elementor-button elementor-button-link elementor-size-sm\" href=\"https:\/\/spartservices.fr\/spart\/17-spectacle-nestor-mabur-uni-son-production\/\">\n\t\t\t\t\t\t<span class=\"elementor-button-content-wrapper\">\n\t\t\t\t\t\t\t\t\t<span class=\"elementor-button-text\">spartservices.fr\/spart\/17-spectacle-nestor-mabur-uni-son-production<\/span>\n\t\t\t\t\t<\/span>\n\t\t\t\t\t<\/a>\n\t\t\t\t<\/div>\n\t\t\t\t\t\t\t\t<\/div>\n\t\t\t\t<\/div>\n\t\t\t\t\t<\/div>\n\t\t<\/div>\n\t\t\t\t<div class=\"elementor-column elementor-col-50 elementor-top-column elementor-element elementor-element-bb9ab0c\" data-id=\"bb9ab0c\" data-element_type=\"column\" data-e-type=\"column\">\n\t\t\t<div class=\"elementor-widget-wrap elementor-element-populated\">\n\t\t\t\t\t\t<div class=\"elementor-element elementor-element-f64220e elementor-widget elementor-widget-image\" data-id=\"f64220e\" data-element_type=\"widget\" data-e-type=\"widget\" data-widget_type=\"image.default\">\n\t\t\t\t<div class=\"elementor-widget-container\">\n\t\t\t\t\t\t\t\t\t\t\t\t\t\t\t\t<a href=\"http:\/\/festiukulele77.fr\/wp-content\/uploads\/2023\/10\/Nestor-mabur.png\" data-elementor-open-lightbox=\"yes\" data-elementor-lightbox-title=\"Nestor mabur\" data-e-action-hash=\"#elementor-action%3Aaction%3Dlightbox%26settings%3DeyJpZCI6MzAxMSwidXJsIjoiaHR0cHM6XC9cL2Zlc3RpdWt1bGVsZTc3LmZyXC93cC1jb250ZW50XC91cGxvYWRzXC8yMDIzXC8xMFwvTmVzdG9yLW1hYnVyLnBuZyJ9\">\n\t\t\t\t\t\t\t<img decoding=\"async\" src=\"https:\/\/festiukulele77.fr\/wp-content\/uploads\/2023\/10\/Nestor-mabur.png\" title=\"Nestor mabur\" alt=\"Nestor mabur\" loading=\"lazy\" \/>\t\t\t\t\t\t\t\t<\/a>\n\t\t\t\t\t\t\t\t\t\t\t\t\t\t\t<\/div>\n\t\t\t\t<\/div>\n\t\t\t\t\t<\/div>\n\t\t<\/div>\n\t\t\t\t\t<\/div>\n\t\t<\/section>\n\t\t\t\t<\/div>\n\t\t","protected":false},"excerpt":{"rendered":"<p>Nestor MABUR Vous croiserez s\u00fbrement notre gendarme ukul\u00e9liste le samedi 4 mai de 11h00 \u00e0 12h 00 et de 13h00 \u00e0 14h00 dans les rue de Villeneuve le Comte SYMPATHIKEUK DE L\u2019U.M.S.K.U.D : UNIT\u00c9 MOBILE S\u00c9CURISANTE D\u2019UNE CONVIVIALIT\u00c9 URBAINE DISTANCI\u00c9E Cette nouvelle forme de police de proximit\u00e9 \u00abCovidistanci\u00e9e\u00bb, sympathique dr\u00f4le&hellip;<\/p>\n","protected":false},"author":1,"featured_media":0,"parent":0,"menu_order":0,"comment_status":"closed","ping_status":"closed","template":"","meta":{"footnotes":""},"class_list":["post-3000","page","type-page","status-publish","hentry"],"yoast_head":"<!-- This site is optimized with the Yoast SEO plugin v27.2 - https:\/\/yoast.com\/product\/yoast-seo-wordpress\/ -->\n<title>Nestor Mabur - 6\u00e8me Festivillage Ukul\u00e9l\u00e9 - mai 2026<\/title>\n<meta name=\"robots\" content=\"index, follow, max-snippet:-1, max-image-preview:large, max-video-preview:-1\" \/>\n<link rel=\"canonical\" href=\"https:\/\/festiukulele77.fr\/index.php\/nestor-mabur\/\" \/>\n<meta property=\"og:locale\" content=\"fr_FR\" \/>\n<meta property=\"og:type\" content=\"article\" \/>\n<meta property=\"og:title\" content=\"Nestor Mabur - 6\u00e8me Festivillage Ukul\u00e9l\u00e9 - mai 2026\" \/>\n<meta property=\"og:description\" content=\"Nestor MABUR Vous croiserez s\u00fbrement notre gendarme ukul\u00e9liste le samedi 4 mai de 11h00 \u00e0 12h 00 et de 13h00 \u00e0 14h00 dans les rue de Villeneuve le Comte SYMPATHIKEUK DE L\u2019U.M.S.K.U.D : UNIT\u00c9 MOBILE S\u00c9CURISANTE D\u2019UNE CONVIVIALIT\u00c9 URBAINE DISTANCI\u00c9E Cette nouvelle forme de police de proximit\u00e9 \u00abCovidistanci\u00e9e\u00bb, sympathique dr\u00f4le&hellip;\" \/>\n<meta property=\"og:url\" content=\"https:\/\/festiukulele77.fr\/index.php\/nestor-mabur\/\" \/>\n<meta property=\"og:site_name\" content=\"6\u00e8me Festivillage Ukul\u00e9l\u00e9 - mai 2026\" \/>\n<meta property=\"article:modified_time\" content=\"2024-04-13T07:03:12+00:00\" \/>\n<meta property=\"og:image\" content=\"http:\/\/festiukulele77.fr\/wp-content\/uploads\/2023\/10\/Gratuit.png\" \/>\n<meta name=\"twitter:card\" content=\"summary_large_image\" \/>\n<meta name=\"twitter:label1\" content=\"Dur\u00e9e de lecture estim\u00e9e\" \/>\n\t<meta name=\"twitter:data1\" content=\"2 minutes\" \/>\n<script type=\"application\/ld+json\" class=\"yoast-schema-graph\">{\"@context\":\"https:\/\/schema.org\",\"@graph\":[{\"@type\":\"WebPage\",\"@id\":\"https:\/\/festiukulele77.fr\/index.php\/nestor-mabur\/\",\"url\":\"https:\/\/festiukulele77.fr\/index.php\/nestor-mabur\/\",\"name\":\"Nestor Mabur - 6\u00e8me Festivillage Ukul\u00e9l\u00e9 - mai 2026\",\"isPartOf\":{\"@id\":\"https:\/\/festiukulele77.fr\/#website\"},\"primaryImageOfPage\":{\"@id\":\"https:\/\/festiukulele77.fr\/index.php\/nestor-mabur\/#primaryimage\"},\"image\":{\"@id\":\"https:\/\/festiukulele77.fr\/index.php\/nestor-mabur\/#primaryimage\"},\"thumbnailUrl\":\"http:\/\/festiukulele77.fr\/wp-content\/uploads\/2023\/10\/Gratuit.png\",\"datePublished\":\"2023-10-11T16:42:19+00:00\",\"dateModified\":\"2024-04-13T07:03:12+00:00\",\"breadcrumb\":{\"@id\":\"https:\/\/festiukulele77.fr\/index.php\/nestor-mabur\/#breadcrumb\"},\"inLanguage\":\"fr-FR\",\"potentialAction\":[{\"@type\":\"ReadAction\",\"target\":[\"https:\/\/festiukulele77.fr\/index.php\/nestor-mabur\/\"]}]},{\"@type\":\"ImageObject\",\"inLanguage\":\"fr-FR\",\"@id\":\"https:\/\/festiukulele77.fr\/index.php\/nestor-mabur\/#primaryimage\",\"url\":\"https:\/\/festiukulele77.fr\/wp-content\/uploads\/2023\/10\/Gratuit.png\",\"contentUrl\":\"https:\/\/festiukulele77.fr\/wp-content\/uploads\/2023\/10\/Gratuit.png\",\"width\":151,\"height\":90},{\"@type\":\"BreadcrumbList\",\"@id\":\"https:\/\/festiukulele77.fr\/index.php\/nestor-mabur\/#breadcrumb\",\"itemListElement\":[{\"@type\":\"ListItem\",\"position\":1,\"name\":\"Accueil\",\"item\":\"https:\/\/festiukulele77.fr\/\"},{\"@type\":\"ListItem\",\"position\":2,\"name\":\"Nestor Mabur\"}]},{\"@type\":\"WebSite\",\"@id\":\"https:\/\/festiukulele77.fr\/#website\",\"url\":\"https:\/\/festiukulele77.fr\/\",\"name\":\"6\u00e8me Festivillage Ukul\u00e9l\u00e9 - mai 2026\",\"description\":\"7 au 10 mai 2026 - Villeneuve le Comte (77), village du ukul\u00e9l\u00e9\",\"publisher\":{\"@id\":\"https:\/\/festiukulele77.fr\/#organization\"},\"potentialAction\":[{\"@type\":\"SearchAction\",\"target\":{\"@type\":\"EntryPoint\",\"urlTemplate\":\"https:\/\/festiukulele77.fr\/?s={search_term_string}\"},\"query-input\":{\"@type\":\"PropertyValueSpecification\",\"valueRequired\":true,\"valueName\":\"search_term_string\"}}],\"inLanguage\":\"fr-FR\"},{\"@type\":\"Organization\",\"@id\":\"https:\/\/festiukulele77.fr\/#organization\",\"name\":\"6\u00e8me Festivillage Ukul\u00e9l\u00e9 - mai 2026\",\"url\":\"https:\/\/festiukulele77.fr\/\",\"logo\":{\"@type\":\"ImageObject\",\"inLanguage\":\"fr-FR\",\"@id\":\"https:\/\/festiukulele77.fr\/#\/schema\/logo\/image\/\",\"url\":\"https:\/\/festiukulele77.fr\/wp-content\/uploads\/2025\/11\/cropped-Badge-Festival-avec-bulle-e1764321489617.png\",\"contentUrl\":\"https:\/\/festiukulele77.fr\/wp-content\/uploads\/2025\/11\/cropped-Badge-Festival-avec-bulle-e1764321489617.png\",\"width\":200,\"height\":200,\"caption\":\"6\u00e8me Festivillage Ukul\u00e9l\u00e9 - mai 2026\"},\"image\":{\"@id\":\"https:\/\/festiukulele77.fr\/#\/schema\/logo\/image\/\"}}]}<\/script>\n<!-- \/ Yoast SEO plugin. -->","yoast_head_json":{"title":"Nestor Mabur - 6\u00e8me Festivillage Ukul\u00e9l\u00e9 - mai 2026","robots":{"index":"index","follow":"follow","max-snippet":"max-snippet:-1","max-image-preview":"max-image-preview:large","max-video-preview":"max-video-preview:-1"},"canonical":"https:\/\/festiukulele77.fr\/index.php\/nestor-mabur\/","og_locale":"fr_FR","og_type":"article","og_title":"Nestor Mabur - 6\u00e8me Festivillage Ukul\u00e9l\u00e9 - mai 2026","og_description":"Nestor MABUR Vous croiserez s\u00fbrement notre gendarme ukul\u00e9liste le samedi 4 mai de 11h00 \u00e0 12h 00 et de 13h00 \u00e0 14h00 dans les rue de Villeneuve le Comte SYMPATHIKEUK DE L\u2019U.M.S.K.U.D : UNIT\u00c9 MOBILE S\u00c9CURISANTE D\u2019UNE CONVIVIALIT\u00c9 URBAINE DISTANCI\u00c9E Cette nouvelle forme de police de proximit\u00e9 \u00abCovidistanci\u00e9e\u00bb, sympathique dr\u00f4le&hellip;","og_url":"https:\/\/festiukulele77.fr\/index.php\/nestor-mabur\/","og_site_name":"6\u00e8me Festivillage Ukul\u00e9l\u00e9 - mai 2026","article_modified_time":"2024-04-13T07:03:12+00:00","og_image":[{"url":"http:\/\/festiukulele77.fr\/wp-content\/uploads\/2023\/10\/Gratuit.png","type":"","width":"","height":""}],"twitter_card":"summary_large_image","twitter_misc":{"Dur\u00e9e de lecture estim\u00e9e":"2 minutes"},"schema":{"@context":"https:\/\/schema.org","@graph":[{"@type":"WebPage","@id":"https:\/\/festiukulele77.fr\/index.php\/nestor-mabur\/","url":"https:\/\/festiukulele77.fr\/index.php\/nestor-mabur\/","name":"Nestor Mabur - 6\u00e8me Festivillage Ukul\u00e9l\u00e9 - mai 2026","isPartOf":{"@id":"https:\/\/festiukulele77.fr\/#website"},"primaryImageOfPage":{"@id":"https:\/\/festiukulele77.fr\/index.php\/nestor-mabur\/#primaryimage"},"image":{"@id":"https:\/\/festiukulele77.fr\/index.php\/nestor-mabur\/#primaryimage"},"thumbnailUrl":"http:\/\/festiukulele77.fr\/wp-content\/uploads\/2023\/10\/Gratuit.png","datePublished":"2023-10-11T16:42:19+00:00","dateModified":"2024-04-13T07:03:12+00:00","breadcrumb":{"@id":"https:\/\/festiukulele77.fr\/index.php\/nestor-mabur\/#breadcrumb"},"inLanguage":"fr-FR","potentialAction":[{"@type":"ReadAction","target":["https:\/\/festiukulele77.fr\/index.php\/nestor-mabur\/"]}]},{"@type":"ImageObject","inLanguage":"fr-FR","@id":"https:\/\/festiukulele77.fr\/index.php\/nestor-mabur\/#primaryimage","url":"https:\/\/festiukulele77.fr\/wp-content\/uploads\/2023\/10\/Gratuit.png","contentUrl":"https:\/\/festiukulele77.fr\/wp-content\/uploads\/2023\/10\/Gratuit.png","width":151,"height":90},{"@type":"BreadcrumbList","@id":"https:\/\/festiukulele77.fr\/index.php\/nestor-mabur\/#breadcrumb","itemListElement":[{"@type":"ListItem","position":1,"name":"Accueil","item":"https:\/\/festiukulele77.fr\/"},{"@type":"ListItem","position":2,"name":"Nestor Mabur"}]},{"@type":"WebSite","@id":"https:\/\/festiukulele77.fr\/#website","url":"https:\/\/festiukulele77.fr\/","name":"6\u00e8me Festivillage Ukul\u00e9l\u00e9 - mai 2026","description":"7 au 10 mai 2026 - Villeneuve le Comte (77), village du ukul\u00e9l\u00e9","publisher":{"@id":"https:\/\/festiukulele77.fr\/#organization"},"potentialAction":[{"@type":"SearchAction","target":{"@type":"EntryPoint","urlTemplate":"https:\/\/festiukulele77.fr\/?s={search_term_string}"},"query-input":{"@type":"PropertyValueSpecification","valueRequired":true,"valueName":"search_term_string"}}],"inLanguage":"fr-FR"},{"@type":"Organization","@id":"https:\/\/festiukulele77.fr\/#organization","name":"6\u00e8me Festivillage Ukul\u00e9l\u00e9 - mai 2026","url":"https:\/\/festiukulele77.fr\/","logo":{"@type":"ImageObject","inLanguage":"fr-FR","@id":"https:\/\/festiukulele77.fr\/#\/schema\/logo\/image\/","url":"https:\/\/festiukulele77.fr\/wp-content\/uploads\/2025\/11\/cropped-Badge-Festival-avec-bulle-e1764321489617.png","contentUrl":"https:\/\/festiukulele77.fr\/wp-content\/uploads\/2025\/11\/cropped-Badge-Festival-avec-bulle-e1764321489617.png","width":200,"height":200,"caption":"6\u00e8me Festivillage Ukul\u00e9l\u00e9 - mai 2026"},"image":{"@id":"https:\/\/festiukulele77.fr\/#\/schema\/logo\/image\/"}}]}},"_links":{"self":[{"href":"https:\/\/festiukulele77.fr\/index.php\/wp-json\/wp\/v2\/pages\/3000","targetHints":{"allow":["GET"]}}],"collection":[{"href":"https:\/\/festiukulele77.fr\/index.php\/wp-json\/wp\/v2\/pages"}],"about":[{"href":"https:\/\/festiukulele77.fr\/index.php\/wp-json\/wp\/v2\/types\/page"}],"author":[{"embeddable":true,"href":"https:\/\/festiukulele77.fr\/index.php\/wp-json\/wp\/v2\/users\/1"}],"replies":[{"embeddable":true,"href":"https:\/\/festiukulele77.fr\/index.php\/wp-json\/wp\/v2\/comments?post=3000"}],"version-history":[{"count":43,"href":"https:\/\/festiukulele77.fr\/index.php\/wp-json\/wp\/v2\/pages\/3000\/revisions"}],"predecessor-version":[{"id":5560,"href":"https:\/\/festiukulele77.fr\/index.php\/wp-json\/wp\/v2\/pages\/3000\/revisions\/5560"}],"wp:attachment":[{"href":"https:\/\/festiukulele77.fr\/index.php\/wp-json\/wp\/v2\/media?parent=3000"}],"curies":[{"name":"wp","href":"https:\/\/api.w.org\/{rel}","templated":true}]}}