{"id":2321,"date":"2022-05-09T15:52:27","date_gmt":"2022-05-09T13:52:27","guid":{"rendered":"http:\/\/festiukulele77.fr\/?page_id=2321"},"modified":"2026-04-13T09:46:37","modified_gmt":"2026-04-13T07:46:37","slug":"tombola","status":"publish","type":"page","link":"https:\/\/festiukulele77.fr\/index.php\/tombola\/","title":{"rendered":"Tombola"},"content":{"rendered":"\t\t<div data-elementor-type=\"wp-page\" data-elementor-id=\"2321\" class=\"elementor elementor-2321\">\n\t\t\t\t\t\t<section class=\"elementor-section elementor-top-section elementor-element elementor-element-93c7549 elementor-section-boxed elementor-section-height-default elementor-section-height-default\" data-id=\"93c7549\" data-element_type=\"section\" data-e-type=\"section\">\n\t\t\t\t\t\t<div class=\"elementor-container elementor-column-gap-default\">\n\t\t\t\t\t<div class=\"elementor-column elementor-col-50 elementor-top-column elementor-element elementor-element-e8aafc9\" data-id=\"e8aafc9\" data-element_type=\"column\" data-e-type=\"column\">\n\t\t\t<div class=\"elementor-widget-wrap elementor-element-populated\">\n\t\t\t\t\t\t<div class=\"elementor-element elementor-element-a90f5e6 elementor-widget elementor-widget-heading\" data-id=\"a90f5e6\" data-element_type=\"widget\" data-e-type=\"widget\" data-widget_type=\"heading.default\">\n\t\t\t\t<div class=\"elementor-widget-container\">\n\t\t\t\t\t<h2 class=\"elementor-heading-title elementor-size-default\">TOMBOLA<\/h2>\t\t\t\t<\/div>\n\t\t\t\t<\/div>\n\t\t\t\t<div class=\"elementor-element elementor-element-08273eb elementor-widget elementor-widget-image\" data-id=\"08273eb\" data-element_type=\"widget\" data-e-type=\"widget\" data-widget_type=\"image.default\">\n\t\t\t\t<div class=\"elementor-widget-container\">\n\t\t\t\t\t\t\t\t\t\t\t\t\t\t\t\t<a href=\"http:\/\/festiukulele77.fr\/wp-content\/uploads\/2025\/11\/cropped-cropped-Badge-Festival-avec-bulle-e1764321489617.png\" data-elementor-open-lightbox=\"yes\" data-elementor-lightbox-title=\"cropped-cropped-Badge-Festival-avec-bulle-e1764321489617.png\" data-elementor-lightbox-description=\"http:\/\/festiukulele77.fr\/wp-content\/uploads\/2025\/11\/cropped-cropped-Badge-Festival-avec-bulle-e1764321489617.png\" data-e-action-hash=\"#elementor-action%3Aaction%3Dlightbox%26settings%3DeyJpZCI6NzU3OCwidXJsIjoiaHR0cHM6XC9cL2Zlc3RpdWt1bGVsZTc3LmZyXC93cC1jb250ZW50XC91cGxvYWRzXC8yMDI1XC8xMVwvY3JvcHBlZC1jcm9wcGVkLUJhZGdlLUZlc3RpdmFsLWF2ZWMtYnVsbGUtZTE3NjQzMjE0ODk2MTcucG5nIn0%3D\">\n\t\t\t\t\t\t\t<img decoding=\"async\" src=\"https:\/\/festiukulele77.fr\/wp-content\/uploads\/2025\/11\/cropped-cropped-Badge-Festival-avec-bulle-e1764321489617.png\" title=\"cropped-cropped-Badge-Festival-avec-bulle-e1764321489617.png\" alt=\"cropped-cropped-Badge-Festival-avec-bulle-e1764321489617.png\" loading=\"lazy\" \/>\t\t\t\t\t\t\t\t<\/a>\n\t\t\t\t\t\t\t\t\t\t\t\t\t\t\t<\/div>\n\t\t\t\t<\/div>\n\t\t\t\t\t<\/div>\n\t\t<\/div>\n\t\t\t\t<div class=\"elementor-column elementor-col-50 elementor-top-column elementor-element elementor-element-6af7900\" data-id=\"6af7900\" data-element_type=\"column\" data-e-type=\"column\">\n\t\t\t<div class=\"elementor-widget-wrap elementor-element-populated\">\n\t\t\t\t\t\t<div class=\"elementor-element elementor-element-e4f2dc3 elementor-widget elementor-widget-text-editor\" data-id=\"e4f2dc3\" data-element_type=\"widget\" data-e-type=\"widget\" data-widget_type=\"text-editor.default\">\n\t\t\t\t<div class=\"elementor-widget-container\">\n\t\t\t\t\t\t\t\t\t<p>Durant le festival participez \u00e0 notre tombola<\/p><p>5\u20ac le badge tombola &#8211; nombreux lots \u00e0 gagner<\/p><p>\u00a0<\/p>\t\t\t\t\t\t\t\t<\/div>\n\t\t\t\t<\/div>\n\t\t\t\t\t<\/div>\n\t\t<\/div>\n\t\t\t\t\t<\/div>\n\t\t<\/section>\n\t\t\t\t<section class=\"elementor-section elementor-top-section elementor-element elementor-element-bb8abb9 elementor-section-boxed elementor-section-height-default elementor-section-height-default\" data-id=\"bb8abb9\" data-element_type=\"section\" data-e-type=\"section\">\n\t\t\t\t\t\t<div class=\"elementor-container elementor-column-gap-default\">\n\t\t\t\t\t<div class=\"elementor-column elementor-col-100 elementor-top-column elementor-element elementor-element-b61fbfb\" data-id=\"b61fbfb\" data-element_type=\"column\" data-e-type=\"column\">\n\t\t\t<div class=\"elementor-widget-wrap elementor-element-populated\">\n\t\t\t\t\t\t<div class=\"elementor-element elementor-element-b4d386c animated-slow elementor-invisible elementor-widget elementor-widget-heading\" data-id=\"b4d386c\" data-element_type=\"widget\" data-e-type=\"widget\" data-settings=\"{&quot;_animation&quot;:&quot;zoomIn&quot;}\" data-widget_type=\"heading.default\">\n\t\t\t\t<div class=\"elementor-widget-container\">\n\t\t\t\t\t<h2 class=\"elementor-heading-title elementor-size-default\">Tirage le dimanche 10 mai \u00e0 Villeneuve le Comte \u00e0 16h00 - Place de la Fontaine<\/h2>\t\t\t\t<\/div>\n\t\t\t\t<\/div>\n\t\t\t\t\t<\/div>\n\t\t<\/div>\n\t\t\t\t\t<\/div>\n\t\t<\/section>\n\t\t\t\t<section class=\"elementor-section elementor-top-section elementor-element elementor-element-92d1df2 elementor-section-boxed elementor-section-height-default elementor-section-height-default\" data-id=\"92d1df2\" data-element_type=\"section\" data-e-type=\"section\">\n\t\t\t\t\t\t<div class=\"elementor-container elementor-column-gap-default\">\n\t\t\t\t\t<div class=\"elementor-column elementor-col-100 elementor-top-column elementor-element elementor-element-330bdef\" data-id=\"330bdef\" data-element_type=\"column\" data-e-type=\"column\">\n\t\t\t<div class=\"elementor-widget-wrap elementor-element-populated\">\n\t\t\t\t\t\t<div class=\"elementor-element elementor-element-efc4f29 elementor-widget elementor-widget-text-editor\" data-id=\"efc4f29\" data-element_type=\"widget\" data-e-type=\"widget\" data-widget_type=\"text-editor.default\">\n\t\t\t\t<div class=\"elementor-widget-container\">\n\t\t\t\t\t\t\t\t\t<p style=\"text-align: center;\"><b>Les lots seront expos\u00e9s au stand de l&rsquo;AMV.<\/b><\/p>\t\t\t\t\t\t\t\t<\/div>\n\t\t\t\t<\/div>\n\t\t\t\t\t<\/div>\n\t\t<\/div>\n\t\t\t\t\t<\/div>\n\t\t<\/section>\n\t\t\t\t<section class=\"elementor-section elementor-top-section elementor-element elementor-element-32a508e elementor-section-boxed elementor-section-height-default elementor-section-height-default\" data-id=\"32a508e\" data-element_type=\"section\" data-e-type=\"section\">\n\t\t\t\t\t\t<div class=\"elementor-container elementor-column-gap-default\">\n\t\t\t\t\t<div class=\"elementor-column elementor-col-20 elementor-top-column elementor-element elementor-element-0b55f57\" data-id=\"0b55f57\" data-element_type=\"column\" data-e-type=\"column\">\n\t\t\t<div class=\"elementor-widget-wrap elementor-element-populated\">\n\t\t\t\t\t\t<div class=\"elementor-element elementor-element-8a09018 elementor-widget elementor-widget-image\" data-id=\"8a09018\" data-element_type=\"widget\" data-e-type=\"widget\" data-widget_type=\"image.default\">\n\t\t\t\t<div class=\"elementor-widget-container\">\n\t\t\t\t\t\t\t\t\t\t\t\t<figure class=\"wp-caption\">\n\t\t\t\t\t\t\t\t\t\t\t<a href=\"http:\/\/festiukulele77.fr\/wp-content\/uploads\/2026\/04\/Motu-scaled.jpg\" data-elementor-open-lightbox=\"yes\" data-elementor-lightbox-title=\"Motu\" data-e-action-hash=\"#elementor-action%3Aaction%3Dlightbox%26settings%3DeyJpZCI6ODkzMiwidXJsIjoiaHR0cHM6XC9cL2Zlc3RpdWt1bGVsZTc3LmZyXC93cC1jb250ZW50XC91cGxvYWRzXC8yMDI2XC8wNFwvTW90dS1zY2FsZWQuanBnIn0%3D\">\n\t\t\t\t\t\t\t<img fetchpriority=\"high\" decoding=\"async\" width=\"768\" height=\"1024\" src=\"https:\/\/festiukulele77.fr\/wp-content\/uploads\/2026\/04\/Motu-768x1024.jpg\" class=\"attachment-large size-large wp-image-8932\" alt=\"\" srcset=\"https:\/\/festiukulele77.fr\/wp-content\/uploads\/2026\/04\/Motu-768x1024.jpg 768w, https:\/\/festiukulele77.fr\/wp-content\/uploads\/2026\/04\/Motu-225x300.jpg 225w, https:\/\/festiukulele77.fr\/wp-content\/uploads\/2026\/04\/Motu-1152x1536.jpg 1152w, https:\/\/festiukulele77.fr\/wp-content\/uploads\/2026\/04\/Motu-1536x2048.jpg 1536w, https:\/\/festiukulele77.fr\/wp-content\/uploads\/2026\/04\/Motu-scaled.jpg 1920w\" sizes=\"(max-width: 768px) 100vw, 768px\" \/>\t\t\t\t\t\t\t\t<\/a>\n\t\t\t\t\t\t\t\t\t\t\t<figcaption class=\"widget-image-caption wp-caption-text\">1 Motu<\/figcaption>\n\t\t\t\t\t\t\t\t\t\t<\/figure>\n\t\t\t\t\t\t\t\t\t<\/div>\n\t\t\t\t<\/div>\n\t\t\t\t\t<\/div>\n\t\t<\/div>\n\t\t\t\t<div class=\"elementor-column elementor-col-20 elementor-top-column elementor-element elementor-element-c1702c5\" data-id=\"c1702c5\" data-element_type=\"column\" data-e-type=\"column\">\n\t\t\t<div class=\"elementor-widget-wrap elementor-element-populated\">\n\t\t\t\t\t\t<div class=\"elementor-element elementor-element-e7bc08b elementor-widget elementor-widget-image\" data-id=\"e7bc08b\" data-element_type=\"widget\" data-e-type=\"widget\" data-widget_type=\"image.default\">\n\t\t\t\t<div class=\"elementor-widget-container\">\n\t\t\t\t\t\t\t\t\t\t\t\t<figure class=\"wp-caption\">\n\t\t\t\t\t\t\t\t\t\t\t<a href=\"http:\/\/festiukulele77.fr\/wp-content\/uploads\/2026\/04\/Kala-1-scaled.jpg\" data-elementor-open-lightbox=\"yes\" data-elementor-lightbox-title=\"Kala 1\" data-e-action-hash=\"#elementor-action%3Aaction%3Dlightbox%26settings%3DeyJpZCI6ODk1MCwidXJsIjoiaHR0cHM6XC9cL2Zlc3RpdWt1bGVsZTc3LmZyXC93cC1jb250ZW50XC91cGxvYWRzXC8yMDI2XC8wNFwvS2FsYS0xLXNjYWxlZC5qcGcifQ%3D%3D\">\n\t\t\t\t\t\t\t<img decoding=\"async\" width=\"768\" height=\"1024\" src=\"https:\/\/festiukulele77.fr\/wp-content\/uploads\/2026\/04\/Kala-1-768x1024.jpg\" class=\"attachment-large size-large wp-image-8950\" alt=\"\" srcset=\"https:\/\/festiukulele77.fr\/wp-content\/uploads\/2026\/04\/Kala-1-768x1024.jpg 768w, https:\/\/festiukulele77.fr\/wp-content\/uploads\/2026\/04\/Kala-1-225x300.jpg 225w, https:\/\/festiukulele77.fr\/wp-content\/uploads\/2026\/04\/Kala-1-1152x1536.jpg 1152w, https:\/\/festiukulele77.fr\/wp-content\/uploads\/2026\/04\/Kala-1-1536x2048.jpg 1536w, https:\/\/festiukulele77.fr\/wp-content\/uploads\/2026\/04\/Kala-1-scaled.jpg 1920w\" sizes=\"(max-width: 768px) 100vw, 768px\" \/>\t\t\t\t\t\t\t\t<\/a>\n\t\t\t\t\t\t\t\t\t\t\t<figcaption class=\"widget-image-caption wp-caption-text\">KALA Satin Mahogany Soprano KA-15S  <\/figcaption>\n\t\t\t\t\t\t\t\t\t\t<\/figure>\n\t\t\t\t\t\t\t\t\t<\/div>\n\t\t\t\t<\/div>\n\t\t\t\t\t<\/div>\n\t\t<\/div>\n\t\t\t\t<div class=\"elementor-column elementor-col-20 elementor-top-column elementor-element elementor-element-f78ea6f\" data-id=\"f78ea6f\" data-element_type=\"column\" data-e-type=\"column\">\n\t\t\t<div class=\"elementor-widget-wrap elementor-element-populated\">\n\t\t\t\t\t\t<div class=\"elementor-element elementor-element-05186c2 elementor-widget elementor-widget-image\" data-id=\"05186c2\" data-element_type=\"widget\" data-e-type=\"widget\" data-widget_type=\"image.default\">\n\t\t\t\t<div class=\"elementor-widget-container\">\n\t\t\t\t\t\t\t\t\t\t\t\t<figure class=\"wp-caption\">\n\t\t\t\t\t\t\t\t\t\t\t<a href=\"http:\/\/festiukulele77.fr\/wp-content\/uploads\/2026\/04\/Kala-2-scaled.jpg\" data-elementor-open-lightbox=\"yes\" data-elementor-lightbox-title=\"Kala 2\" data-e-action-hash=\"#elementor-action%3Aaction%3Dlightbox%26settings%3DeyJpZCI6ODk1MSwidXJsIjoiaHR0cHM6XC9cL2Zlc3RpdWt1bGVsZTc3LmZyXC93cC1jb250ZW50XC91cGxvYWRzXC8yMDI2XC8wNFwvS2FsYS0yLXNjYWxlZC5qcGcifQ%3D%3D\">\n\t\t\t\t\t\t\t<img decoding=\"async\" width=\"768\" height=\"1024\" src=\"https:\/\/festiukulele77.fr\/wp-content\/uploads\/2026\/04\/Kala-2-768x1024.jpg\" class=\"attachment-large size-large wp-image-8951\" alt=\"\" srcset=\"https:\/\/festiukulele77.fr\/wp-content\/uploads\/2026\/04\/Kala-2-768x1024.jpg 768w, https:\/\/festiukulele77.fr\/wp-content\/uploads\/2026\/04\/Kala-2-225x300.jpg 225w, https:\/\/festiukulele77.fr\/wp-content\/uploads\/2026\/04\/Kala-2-1152x1536.jpg 1152w, https:\/\/festiukulele77.fr\/wp-content\/uploads\/2026\/04\/Kala-2-1536x2048.jpg 1536w, https:\/\/festiukulele77.fr\/wp-content\/uploads\/2026\/04\/Kala-2-scaled.jpg 1920w\" sizes=\"(max-width: 768px) 100vw, 768px\" \/>\t\t\t\t\t\t\t\t<\/a>\n\t\t\t\t\t\t\t\t\t\t\t<figcaption class=\"widget-image-caption wp-caption-text\">KALA Surf\u2019s Up Sufboard Ukul\u00e9l\u00e9 Concert. <\/figcaption>\n\t\t\t\t\t\t\t\t\t\t<\/figure>\n\t\t\t\t\t\t\t\t\t<\/div>\n\t\t\t\t<\/div>\n\t\t\t\t\t<\/div>\n\t\t<\/div>\n\t\t\t\t<div class=\"elementor-column elementor-col-20 elementor-top-column elementor-element elementor-element-6ff6961\" data-id=\"6ff6961\" data-element_type=\"column\" data-e-type=\"column\">\n\t\t\t<div class=\"elementor-widget-wrap elementor-element-populated\">\n\t\t\t\t\t\t<div class=\"elementor-element elementor-element-53cbba1 elementor-widget elementor-widget-image\" data-id=\"53cbba1\" data-element_type=\"widget\" data-e-type=\"widget\" data-widget_type=\"image.default\">\n\t\t\t\t<div class=\"elementor-widget-container\">\n\t\t\t\t\t\t\t\t\t\t\t\t<figure class=\"wp-caption\">\n\t\t\t\t\t\t\t\t\t\t\t<a href=\"http:\/\/festiukulele77.fr\/wp-content\/uploads\/2026\/04\/Kala-3-scaled.jpg\" data-elementor-open-lightbox=\"yes\" data-elementor-lightbox-title=\"Kala 3\" data-e-action-hash=\"#elementor-action%3Aaction%3Dlightbox%26settings%3DeyJpZCI6ODk1MiwidXJsIjoiaHR0cHM6XC9cL2Zlc3RpdWt1bGVsZTc3LmZyXC93cC1jb250ZW50XC91cGxvYWRzXC8yMDI2XC8wNFwvS2FsYS0zLXNjYWxlZC5qcGcifQ%3D%3D\">\n\t\t\t\t\t\t\t<img loading=\"lazy\" decoding=\"async\" width=\"768\" height=\"1024\" src=\"https:\/\/festiukulele77.fr\/wp-content\/uploads\/2026\/04\/Kala-3-768x1024.jpg\" class=\"attachment-large size-large wp-image-8952\" alt=\"\" srcset=\"https:\/\/festiukulele77.fr\/wp-content\/uploads\/2026\/04\/Kala-3-768x1024.jpg 768w, https:\/\/festiukulele77.fr\/wp-content\/uploads\/2026\/04\/Kala-3-225x300.jpg 225w, https:\/\/festiukulele77.fr\/wp-content\/uploads\/2026\/04\/Kala-3-1152x1536.jpg 1152w, https:\/\/festiukulele77.fr\/wp-content\/uploads\/2026\/04\/Kala-3-1536x2048.jpg 1536w, https:\/\/festiukulele77.fr\/wp-content\/uploads\/2026\/04\/Kala-3-scaled.jpg 1920w\" sizes=\"(max-width: 768px) 100vw, 768px\" \/>\t\t\t\t\t\t\t\t<\/a>\n\t\t\t\t\t\t\t\t\t\t\t<figcaption class=\"widget-image-caption wp-caption-text\">KALA Learn to Play Elvis Concert<\/figcaption>\n\t\t\t\t\t\t\t\t\t\t<\/figure>\n\t\t\t\t\t\t\t\t\t<\/div>\n\t\t\t\t<\/div>\n\t\t\t\t\t<\/div>\n\t\t<\/div>\n\t\t\t\t<div class=\"elementor-column elementor-col-20 elementor-top-column elementor-element elementor-element-e862030\" data-id=\"e862030\" data-element_type=\"column\" data-e-type=\"column\">\n\t\t\t<div class=\"elementor-widget-wrap elementor-element-populated\">\n\t\t\t\t\t\t<div class=\"elementor-element elementor-element-9d7f947 elementor-widget elementor-widget-image\" data-id=\"9d7f947\" data-element_type=\"widget\" data-e-type=\"widget\" data-widget_type=\"image.default\">\n\t\t\t\t<div class=\"elementor-widget-container\">\n\t\t\t\t\t\t\t\t\t\t\t\t<figure class=\"wp-caption\">\n\t\t\t\t\t\t\t\t\t\t\t<a href=\"http:\/\/festiukulele77.fr\/wp-content\/uploads\/2026\/04\/Villages-Nature-scaled.jpg\" data-elementor-open-lightbox=\"yes\" data-elementor-lightbox-title=\"Villages Nature\" data-e-action-hash=\"#elementor-action%3Aaction%3Dlightbox%26settings%3DeyJpZCI6ODkzMywidXJsIjoiaHR0cHM6XC9cL2Zlc3RpdWt1bGVsZTc3LmZyXC93cC1jb250ZW50XC91cGxvYWRzXC8yMDI2XC8wNFwvVmlsbGFnZXMtTmF0dXJlLXNjYWxlZC5qcGcifQ%3D%3D\">\n\t\t\t\t\t\t\t<img loading=\"lazy\" decoding=\"async\" width=\"1024\" height=\"768\" src=\"https:\/\/festiukulele77.fr\/wp-content\/uploads\/2026\/04\/Villages-Nature-1024x768.jpg\" class=\"attachment-large size-large wp-image-8933\" alt=\"\" srcset=\"https:\/\/festiukulele77.fr\/wp-content\/uploads\/2026\/04\/Villages-Nature-1024x768.jpg 1024w, https:\/\/festiukulele77.fr\/wp-content\/uploads\/2026\/04\/Villages-Nature-300x225.jpg 300w, https:\/\/festiukulele77.fr\/wp-content\/uploads\/2026\/04\/Villages-Nature-768x576.jpg 768w, https:\/\/festiukulele77.fr\/wp-content\/uploads\/2026\/04\/Villages-Nature-1536x1152.jpg 1536w, https:\/\/festiukulele77.fr\/wp-content\/uploads\/2026\/04\/Villages-Nature-2048x1536.jpg 2048w, https:\/\/festiukulele77.fr\/wp-content\/uploads\/2026\/04\/Villages-Nature-450x338.jpg 450w\" sizes=\"(max-width: 1024px) 100vw, 1024px\" \/>\t\t\t\t\t\t\t\t<\/a>\n\t\t\t\t\t\t\t\t\t\t\t<figcaption class=\"widget-image-caption wp-caption-text\">10 entr\u00e9es Villages Nature<\/figcaption>\n\t\t\t\t\t\t\t\t\t\t<\/figure>\n\t\t\t\t\t\t\t\t\t<\/div>\n\t\t\t\t<\/div>\n\t\t\t\t\t<\/div>\n\t\t<\/div>\n\t\t\t\t\t<\/div>\n\t\t<\/section>\n\t\t\t\t<\/div>\n\t\t","protected":false},"excerpt":{"rendered":"<p>TOMBOLA Durant le festival participez \u00e0 notre tombola 5\u20ac le badge tombola &#8211; nombreux lots \u00e0 gagner \u00a0 Tirage le dimanche 10 mai \u00e0 Villeneuve le Comte \u00e0 16h00 &#8211; Place de la Fontaine Les lots seront expos\u00e9s au stand de l&rsquo;AMV. 1 Motu KALA Satin Mahogany Soprano KA-15S KALA&hellip;<\/p>\n","protected":false},"author":1,"featured_media":0,"parent":0,"menu_order":0,"comment_status":"closed","ping_status":"closed","template":"","meta":{"footnotes":""},"class_list":["post-2321","page","type-page","status-publish","hentry"],"yoast_head":"<!-- This site is optimized with the Yoast SEO plugin v27.2 - https:\/\/yoast.com\/product\/yoast-seo-wordpress\/ -->\n<title>Tombola - 6\u00e8me Festivillage Ukul\u00e9l\u00e9 - mai 2026<\/title>\n<meta name=\"robots\" content=\"index, follow, max-snippet:-1, max-image-preview:large, max-video-preview:-1\" \/>\n<link rel=\"canonical\" href=\"https:\/\/festiukulele77.fr\/index.php\/tombola\/\" \/>\n<meta property=\"og:locale\" content=\"fr_FR\" \/>\n<meta property=\"og:type\" content=\"article\" \/>\n<meta property=\"og:title\" content=\"Tombola - 6\u00e8me Festivillage Ukul\u00e9l\u00e9 - mai 2026\" \/>\n<meta property=\"og:description\" content=\"TOMBOLA Durant le festival participez \u00e0 notre tombola 5\u20ac le badge tombola &#8211; nombreux lots \u00e0 gagner \u00a0 Tirage le dimanche 10 mai \u00e0 Villeneuve le Comte \u00e0 16h00 &#8211; Place de la Fontaine Les lots seront expos\u00e9s au stand de l&rsquo;AMV. 1 Motu KALA Satin Mahogany Soprano KA-15S KALA&hellip;\" \/>\n<meta property=\"og:url\" content=\"https:\/\/festiukulele77.fr\/index.php\/tombola\/\" \/>\n<meta property=\"og:site_name\" content=\"6\u00e8me Festivillage Ukul\u00e9l\u00e9 - mai 2026\" \/>\n<meta property=\"article:modified_time\" content=\"2026-04-13T07:46:37+00:00\" \/>\n<meta property=\"og:image\" content=\"http:\/\/festiukulele77.fr\/wp-content\/uploads\/elementor\/thumbs\/cropped-cropped-Badge-Festival-avec-bulle-e1764321489617-rfd4zw3mhiafzvcjmibajp2m8pkwvtx14mj9o7w160.png\" \/>\n<meta name=\"twitter:card\" content=\"summary_large_image\" \/>\n<meta name=\"twitter:label1\" content=\"Dur\u00e9e de lecture estim\u00e9e\" \/>\n\t<meta name=\"twitter:data1\" content=\"2 minutes\" \/>\n<script type=\"application\/ld+json\" class=\"yoast-schema-graph\">{\"@context\":\"https:\/\/schema.org\",\"@graph\":[{\"@type\":\"WebPage\",\"@id\":\"https:\/\/festiukulele77.fr\/index.php\/tombola\/\",\"url\":\"https:\/\/festiukulele77.fr\/index.php\/tombola\/\",\"name\":\"Tombola - 6\u00e8me Festivillage Ukul\u00e9l\u00e9 - mai 2026\",\"isPartOf\":{\"@id\":\"https:\/\/festiukulele77.fr\/#website\"},\"primaryImageOfPage\":{\"@id\":\"https:\/\/festiukulele77.fr\/index.php\/tombola\/#primaryimage\"},\"image\":{\"@id\":\"https:\/\/festiukulele77.fr\/index.php\/tombola\/#primaryimage\"},\"thumbnailUrl\":\"http:\/\/festiukulele77.fr\/wp-content\/uploads\/elementor\/thumbs\/cropped-cropped-Badge-Festival-avec-bulle-e1764321489617-rfd4zw3mhiafzvcjmibajp2m8pkwvtx14mj9o7w160.png\",\"datePublished\":\"2022-05-09T13:52:27+00:00\",\"dateModified\":\"2026-04-13T07:46:37+00:00\",\"breadcrumb\":{\"@id\":\"https:\/\/festiukulele77.fr\/index.php\/tombola\/#breadcrumb\"},\"inLanguage\":\"fr-FR\",\"potentialAction\":[{\"@type\":\"ReadAction\",\"target\":[\"https:\/\/festiukulele77.fr\/index.php\/tombola\/\"]}]},{\"@type\":\"ImageObject\",\"inLanguage\":\"fr-FR\",\"@id\":\"https:\/\/festiukulele77.fr\/index.php\/tombola\/#primaryimage\",\"url\":\"http:\/\/festiukulele77.fr\/wp-content\/uploads\/elementor\/thumbs\/cropped-cropped-Badge-Festival-avec-bulle-e1764321489617-rfd4zw3mhiafzvcjmibajp2m8pkwvtx14mj9o7w160.png\",\"contentUrl\":\"http:\/\/festiukulele77.fr\/wp-content\/uploads\/elementor\/thumbs\/cropped-cropped-Badge-Festival-avec-bulle-e1764321489617-rfd4zw3mhiafzvcjmibajp2m8pkwvtx14mj9o7w160.png\"},{\"@type\":\"BreadcrumbList\",\"@id\":\"https:\/\/festiukulele77.fr\/index.php\/tombola\/#breadcrumb\",\"itemListElement\":[{\"@type\":\"ListItem\",\"position\":1,\"name\":\"Accueil\",\"item\":\"https:\/\/festiukulele77.fr\/\"},{\"@type\":\"ListItem\",\"position\":2,\"name\":\"Tombola\"}]},{\"@type\":\"WebSite\",\"@id\":\"https:\/\/festiukulele77.fr\/#website\",\"url\":\"https:\/\/festiukulele77.fr\/\",\"name\":\"6\u00e8me Festivillage Ukul\u00e9l\u00e9 - mai 2026\",\"description\":\"7 au 10 mai 2026 - Villeneuve le Comte (77), village du ukul\u00e9l\u00e9\",\"publisher\":{\"@id\":\"https:\/\/festiukulele77.fr\/#organization\"},\"potentialAction\":[{\"@type\":\"SearchAction\",\"target\":{\"@type\":\"EntryPoint\",\"urlTemplate\":\"https:\/\/festiukulele77.fr\/?s={search_term_string}\"},\"query-input\":{\"@type\":\"PropertyValueSpecification\",\"valueRequired\":true,\"valueName\":\"search_term_string\"}}],\"inLanguage\":\"fr-FR\"},{\"@type\":\"Organization\",\"@id\":\"https:\/\/festiukulele77.fr\/#organization\",\"name\":\"6\u00e8me Festivillage Ukul\u00e9l\u00e9 - mai 2026\",\"url\":\"https:\/\/festiukulele77.fr\/\",\"logo\":{\"@type\":\"ImageObject\",\"inLanguage\":\"fr-FR\",\"@id\":\"https:\/\/festiukulele77.fr\/#\/schema\/logo\/image\/\",\"url\":\"https:\/\/festiukulele77.fr\/wp-content\/uploads\/2025\/11\/cropped-Badge-Festival-avec-bulle-e1764321489617.png\",\"contentUrl\":\"https:\/\/festiukulele77.fr\/wp-content\/uploads\/2025\/11\/cropped-Badge-Festival-avec-bulle-e1764321489617.png\",\"width\":200,\"height\":200,\"caption\":\"6\u00e8me Festivillage Ukul\u00e9l\u00e9 - mai 2026\"},\"image\":{\"@id\":\"https:\/\/festiukulele77.fr\/#\/schema\/logo\/image\/\"}}]}<\/script>\n<!-- \/ Yoast SEO plugin. -->","yoast_head_json":{"title":"Tombola - 6\u00e8me Festivillage Ukul\u00e9l\u00e9 - mai 2026","robots":{"index":"index","follow":"follow","max-snippet":"max-snippet:-1","max-image-preview":"max-image-preview:large","max-video-preview":"max-video-preview:-1"},"canonical":"https:\/\/festiukulele77.fr\/index.php\/tombola\/","og_locale":"fr_FR","og_type":"article","og_title":"Tombola - 6\u00e8me Festivillage Ukul\u00e9l\u00e9 - mai 2026","og_description":"TOMBOLA Durant le festival participez \u00e0 notre tombola 5\u20ac le badge tombola &#8211; nombreux lots \u00e0 gagner \u00a0 Tirage le dimanche 10 mai \u00e0 Villeneuve le Comte \u00e0 16h00 &#8211; Place de la Fontaine Les lots seront expos\u00e9s au stand de l&rsquo;AMV. 1 Motu KALA Satin Mahogany Soprano KA-15S KALA&hellip;","og_url":"https:\/\/festiukulele77.fr\/index.php\/tombola\/","og_site_name":"6\u00e8me Festivillage Ukul\u00e9l\u00e9 - mai 2026","article_modified_time":"2026-04-13T07:46:37+00:00","og_image":[{"url":"http:\/\/festiukulele77.fr\/wp-content\/uploads\/elementor\/thumbs\/cropped-cropped-Badge-Festival-avec-bulle-e1764321489617-rfd4zw3mhiafzvcjmibajp2m8pkwvtx14mj9o7w160.png","type":"","width":"","height":""}],"twitter_card":"summary_large_image","twitter_misc":{"Dur\u00e9e de lecture estim\u00e9e":"2 minutes"},"schema":{"@context":"https:\/\/schema.org","@graph":[{"@type":"WebPage","@id":"https:\/\/festiukulele77.fr\/index.php\/tombola\/","url":"https:\/\/festiukulele77.fr\/index.php\/tombola\/","name":"Tombola - 6\u00e8me Festivillage Ukul\u00e9l\u00e9 - mai 2026","isPartOf":{"@id":"https:\/\/festiukulele77.fr\/#website"},"primaryImageOfPage":{"@id":"https:\/\/festiukulele77.fr\/index.php\/tombola\/#primaryimage"},"image":{"@id":"https:\/\/festiukulele77.fr\/index.php\/tombola\/#primaryimage"},"thumbnailUrl":"http:\/\/festiukulele77.fr\/wp-content\/uploads\/elementor\/thumbs\/cropped-cropped-Badge-Festival-avec-bulle-e1764321489617-rfd4zw3mhiafzvcjmibajp2m8pkwvtx14mj9o7w160.png","datePublished":"2022-05-09T13:52:27+00:00","dateModified":"2026-04-13T07:46:37+00:00","breadcrumb":{"@id":"https:\/\/festiukulele77.fr\/index.php\/tombola\/#breadcrumb"},"inLanguage":"fr-FR","potentialAction":[{"@type":"ReadAction","target":["https:\/\/festiukulele77.fr\/index.php\/tombola\/"]}]},{"@type":"ImageObject","inLanguage":"fr-FR","@id":"https:\/\/festiukulele77.fr\/index.php\/tombola\/#primaryimage","url":"http:\/\/festiukulele77.fr\/wp-content\/uploads\/elementor\/thumbs\/cropped-cropped-Badge-Festival-avec-bulle-e1764321489617-rfd4zw3mhiafzvcjmibajp2m8pkwvtx14mj9o7w160.png","contentUrl":"http:\/\/festiukulele77.fr\/wp-content\/uploads\/elementor\/thumbs\/cropped-cropped-Badge-Festival-avec-bulle-e1764321489617-rfd4zw3mhiafzvcjmibajp2m8pkwvtx14mj9o7w160.png"},{"@type":"BreadcrumbList","@id":"https:\/\/festiukulele77.fr\/index.php\/tombola\/#breadcrumb","itemListElement":[{"@type":"ListItem","position":1,"name":"Accueil","item":"https:\/\/festiukulele77.fr\/"},{"@type":"ListItem","position":2,"name":"Tombola"}]},{"@type":"WebSite","@id":"https:\/\/festiukulele77.fr\/#website","url":"https:\/\/festiukulele77.fr\/","name":"6\u00e8me Festivillage Ukul\u00e9l\u00e9 - mai 2026","description":"7 au 10 mai 2026 - Villeneuve le Comte (77), village du ukul\u00e9l\u00e9","publisher":{"@id":"https:\/\/festiukulele77.fr\/#organization"},"potentialAction":[{"@type":"SearchAction","target":{"@type":"EntryPoint","urlTemplate":"https:\/\/festiukulele77.fr\/?s={search_term_string}"},"query-input":{"@type":"PropertyValueSpecification","valueRequired":true,"valueName":"search_term_string"}}],"inLanguage":"fr-FR"},{"@type":"Organization","@id":"https:\/\/festiukulele77.fr\/#organization","name":"6\u00e8me Festivillage Ukul\u00e9l\u00e9 - mai 2026","url":"https:\/\/festiukulele77.fr\/","logo":{"@type":"ImageObject","inLanguage":"fr-FR","@id":"https:\/\/festiukulele77.fr\/#\/schema\/logo\/image\/","url":"https:\/\/festiukulele77.fr\/wp-content\/uploads\/2025\/11\/cropped-Badge-Festival-avec-bulle-e1764321489617.png","contentUrl":"https:\/\/festiukulele77.fr\/wp-content\/uploads\/2025\/11\/cropped-Badge-Festival-avec-bulle-e1764321489617.png","width":200,"height":200,"caption":"6\u00e8me Festivillage Ukul\u00e9l\u00e9 - mai 2026"},"image":{"@id":"https:\/\/festiukulele77.fr\/#\/schema\/logo\/image\/"}}]}},"_links":{"self":[{"href":"https:\/\/festiukulele77.fr\/index.php\/wp-json\/wp\/v2\/pages\/2321","targetHints":{"allow":["GET"]}}],"collection":[{"href":"https:\/\/festiukulele77.fr\/index.php\/wp-json\/wp\/v2\/pages"}],"about":[{"href":"https:\/\/festiukulele77.fr\/index.php\/wp-json\/wp\/v2\/types\/page"}],"author":[{"embeddable":true,"href":"https:\/\/festiukulele77.fr\/index.php\/wp-json\/wp\/v2\/users\/1"}],"replies":[{"embeddable":true,"href":"https:\/\/festiukulele77.fr\/index.php\/wp-json\/wp\/v2\/comments?post=2321"}],"version-history":[{"count":194,"href":"https:\/\/festiukulele77.fr\/index.php\/wp-json\/wp\/v2\/pages\/2321\/revisions"}],"predecessor-version":[{"id":8964,"href":"https:\/\/festiukulele77.fr\/index.php\/wp-json\/wp\/v2\/pages\/2321\/revisions\/8964"}],"wp:attachment":[{"href":"https:\/\/festiukulele77.fr\/index.php\/wp-json\/wp\/v2\/media?parent=2321"}],"curies":[{"name":"wp","href":"https:\/\/api.w.org\/{rel}","templated":true}]}}