{"id":1903,"date":"2022-03-25T14:40:30","date_gmt":"2022-03-25T13:40:30","guid":{"rendered":"http:\/\/festiukulele77.fr\/?page_id=1903"},"modified":"2026-04-06T10:20:36","modified_gmt":"2026-04-06T08:20:36","slug":"billetterie","status":"publish","type":"page","link":"https:\/\/festiukulele77.fr\/index.php\/billetterie\/","title":{"rendered":"Billetterie"},"content":{"rendered":"\t\t<div data-elementor-type=\"wp-page\" data-elementor-id=\"1903\" class=\"elementor elementor-1903\">\n\t\t\t\t\t\t<section class=\"elementor-section elementor-top-section elementor-element elementor-element-00c3797 elementor-section-boxed elementor-section-height-default elementor-section-height-default\" data-id=\"00c3797\" data-element_type=\"section\" data-e-type=\"section\">\n\t\t\t\t\t\t<div class=\"elementor-container elementor-column-gap-default\">\n\t\t\t\t\t<div class=\"elementor-column elementor-col-100 elementor-top-column elementor-element elementor-element-541448c\" data-id=\"541448c\" data-element_type=\"column\" data-e-type=\"column\">\n\t\t\t<div class=\"elementor-widget-wrap\">\n\t\t\t\t\t\t\t<\/div>\n\t\t<\/div>\n\t\t\t\t\t<\/div>\n\t\t<\/section>\n\t\t\t\t<section class=\"elementor-section elementor-top-section elementor-element elementor-element-80e7744 elementor-section-boxed elementor-section-height-default elementor-section-height-default\" data-id=\"80e7744\" data-element_type=\"section\" data-e-type=\"section\">\n\t\t\t\t\t\t<div class=\"elementor-container elementor-column-gap-default\">\n\t\t\t\t\t<div class=\"elementor-column elementor-col-100 elementor-top-column elementor-element elementor-element-7cd3c61\" data-id=\"7cd3c61\" data-element_type=\"column\" data-e-type=\"column\">\n\t\t\t<div class=\"elementor-widget-wrap elementor-element-populated\">\n\t\t\t\t\t\t<div class=\"elementor-element elementor-element-b036c5b elementor-widget elementor-widget-heading\" data-id=\"b036c5b\" data-element_type=\"widget\" data-e-type=\"widget\" data-widget_type=\"heading.default\">\n\t\t\t\t<div class=\"elementor-widget-container\">\n\t\t\t\t\t<h2 class=\"elementor-heading-title elementor-size-default\">Billetterie en ligne<\/h2>\t\t\t\t<\/div>\n\t\t\t\t<\/div>\n\t\t\t\t\t<\/div>\n\t\t<\/div>\n\t\t\t\t\t<\/div>\n\t\t<\/section>\n\t\t\t\t<section class=\"elementor-section elementor-top-section elementor-element elementor-element-ab68361 elementor-section-boxed elementor-section-height-default elementor-section-height-default\" data-id=\"ab68361\" data-element_type=\"section\" data-e-type=\"section\">\n\t\t\t\t\t\t<div class=\"elementor-container elementor-column-gap-default\">\n\t\t\t\t\t<div class=\"elementor-column elementor-col-50 elementor-top-column elementor-element elementor-element-22baf60\" data-id=\"22baf60\" data-element_type=\"column\" data-e-type=\"column\">\n\t\t\t<div class=\"elementor-widget-wrap elementor-element-populated\">\n\t\t\t\t\t\t<div class=\"elementor-element elementor-element-0169556 elementor-widget elementor-widget-text-editor\" data-id=\"0169556\" data-element_type=\"widget\" data-e-type=\"widget\" data-widget_type=\"text-editor.default\">\n\t\t\t\t<div class=\"elementor-widget-container\">\n\t\t\t\t\t\t\t\t\t<p style=\"text-align: center;\"><strong>Concert du jeudi 7 mai<\/strong><\/p>\t\t\t\t\t\t\t\t<\/div>\n\t\t\t\t<\/div>\n\t\t\t\t<div class=\"elementor-element elementor-element-04b00e4 elementor-align-center elementor-widget elementor-widget-button\" data-id=\"04b00e4\" data-element_type=\"widget\" data-e-type=\"widget\" data-widget_type=\"button.default\">\n\t\t\t\t<div class=\"elementor-widget-container\">\n\t\t\t\t\t\t\t\t\t<div class=\"elementor-button-wrapper\">\n\t\t\t\t\t<a class=\"elementor-button elementor-button-link elementor-size-sm\" href=\"https:\/\/file7.com\/fr\/programme\/programme\/07-05-2026-20h00-warm-up-festivillage-ukulele-eoline-concert-de-poche.html\">\n\t\t\t\t\t\t<span class=\"elementor-button-content-wrapper\">\n\t\t\t\t\t\t\t\t\t<span class=\"elementor-button-text\">R\u00e9servations File7<\/span>\n\t\t\t\t\t<\/span>\n\t\t\t\t\t<\/a>\n\t\t\t\t<\/div>\n\t\t\t\t\t\t\t\t<\/div>\n\t\t\t\t<\/div>\n\t\t\t\t\t<\/div>\n\t\t<\/div>\n\t\t\t\t<div class=\"elementor-column elementor-col-50 elementor-top-column elementor-element elementor-element-cbfafd6\" data-id=\"cbfafd6\" data-element_type=\"column\" data-e-type=\"column\">\n\t\t\t<div class=\"elementor-widget-wrap elementor-element-populated\">\n\t\t\t\t\t\t<div class=\"elementor-element elementor-element-bccfe3e elementor-widget elementor-widget-text-editor\" data-id=\"bccfe3e\" data-element_type=\"widget\" data-e-type=\"widget\" data-widget_type=\"text-editor.default\">\n\t\t\t\t<div class=\"elementor-widget-container\">\n\t\t\t\t\t\t\t\t\t<p style=\"text-align: center;\"><strong>Concert des 8 &amp; 9 mai &#8211; workshops<\/strong><\/p>\t\t\t\t\t\t\t\t<\/div>\n\t\t\t\t<\/div>\n\t\t\t\t<div class=\"elementor-element elementor-element-6e1b78e elementor-align-center elementor-widget elementor-widget-button\" data-id=\"6e1b78e\" data-element_type=\"widget\" data-e-type=\"widget\" data-widget_type=\"button.default\">\n\t\t\t\t<div class=\"elementor-widget-container\">\n\t\t\t\t\t\t\t\t\t<div class=\"elementor-button-wrapper\">\n\t\t\t\t\t<a class=\"elementor-button elementor-button-link elementor-size-sm\" href=\"https:\/\/www.helloasso.com\/associations\/association-musicale-vilcomtoise\/evenements\/6eme-festivillage-ukulele-de-villeneuve-le-comte-77-2\">\n\t\t\t\t\t\t<span class=\"elementor-button-content-wrapper\">\n\t\t\t\t\t\t\t\t\t<span class=\"elementor-button-text\">Acc\u00e8s billetterie<\/span>\n\t\t\t\t\t<\/span>\n\t\t\t\t\t<\/a>\n\t\t\t\t<\/div>\n\t\t\t\t\t\t\t\t<\/div>\n\t\t\t\t<\/div>\n\t\t\t\t\t<\/div>\n\t\t<\/div>\n\t\t\t\t\t<\/div>\n\t\t<\/section>\n\t\t\t\t<section class=\"elementor-section elementor-top-section elementor-element elementor-element-e7aea26 elementor-section-boxed elementor-section-height-default elementor-section-height-default\" data-id=\"e7aea26\" data-element_type=\"section\" data-e-type=\"section\">\n\t\t\t\t\t\t<div class=\"elementor-container elementor-column-gap-default\">\n\t\t\t\t\t<div class=\"elementor-column elementor-col-100 elementor-top-column elementor-element elementor-element-71b1277\" data-id=\"71b1277\" data-element_type=\"column\" data-e-type=\"column\">\n\t\t\t<div class=\"elementor-widget-wrap elementor-element-populated\">\n\t\t\t\t\t\t<div class=\"elementor-element elementor-element-aae158a elementor-widget elementor-widget-heading\" data-id=\"aae158a\" data-element_type=\"widget\" data-e-type=\"widget\" data-widget_type=\"heading.default\">\n\t\t\t\t<div class=\"elementor-widget-container\">\n\t\t\t\t\t<h2 class=\"elementor-heading-title elementor-size-default\">Billetterie par ch\u00e8que<\/h2>\t\t\t\t<\/div>\n\t\t\t\t<\/div>\n\t\t\t\t\t<\/div>\n\t\t<\/div>\n\t\t\t\t\t<\/div>\n\t\t<\/section>\n\t\t\t\t<section class=\"elementor-section elementor-top-section elementor-element elementor-element-43f2046 elementor-section-boxed elementor-section-height-default elementor-section-height-default\" data-id=\"43f2046\" data-element_type=\"section\" data-e-type=\"section\">\n\t\t\t\t\t\t<div class=\"elementor-container elementor-column-gap-default\">\n\t\t\t\t\t<div class=\"elementor-column elementor-col-100 elementor-top-column elementor-element elementor-element-bd57cad\" data-id=\"bd57cad\" data-element_type=\"column\" data-e-type=\"column\">\n\t\t\t<div class=\"elementor-widget-wrap elementor-element-populated\">\n\t\t\t\t\t\t<div class=\"elementor-element elementor-element-f65d136 elementor-widget elementor-widget-text-editor\" data-id=\"f65d136\" data-element_type=\"widget\" data-e-type=\"widget\" data-widget_type=\"text-editor.default\">\n\t\t\t\t<div class=\"elementor-widget-container\">\n\t\t\t\t\t\t\t\t\t<p>Cliquez sur le bouton \u00ab\u00a0<a href=\"http:\/\/festiukulele77.fr\/wp-content\/uploads\/2024\/04\/Reservations-Cheque-2jpg.jpg\" target=\"_blank\" rel=\"noopener\">T\u00e9l\u00e9chargez<\/a>\u00ab\u00a0. Le bulletin de r\u00e9servation est \u00e0 nous retourner avant <strong>le 30 avril,<\/strong> accompagn\u00e9 du r\u00e8glement \u00e0 l&rsquo;adresse suivante :<\/p><p>AMV &#8211; 5 avenue Jules Ferry &#8211; 77174 Villeneuve le comte<\/p>\t\t\t\t\t\t\t\t<\/div>\n\t\t\t\t<\/div>\n\t\t\t\t<div class=\"elementor-element elementor-element-66a374c elementor-align-center elementor-widget elementor-widget-button\" data-id=\"66a374c\" data-element_type=\"widget\" data-e-type=\"widget\" data-widget_type=\"button.default\">\n\t\t\t\t<div class=\"elementor-widget-container\">\n\t\t\t\t\t\t\t\t\t<div class=\"elementor-button-wrapper\">\n\t\t\t\t\t<a class=\"elementor-button elementor-button-link elementor-size-sm\" href=\"http:\/\/festiukulele77.fr\/wp-content\/uploads\/2026\/04\/Reservations-Cheque-2026-V2.pdf\" target=\"_blank\">\n\t\t\t\t\t\t<span class=\"elementor-button-content-wrapper\">\n\t\t\t\t\t\t\t\t\t<span class=\"elementor-button-text\">T\u00e9l\u00e9chargez<\/span>\n\t\t\t\t\t<\/span>\n\t\t\t\t\t<\/a>\n\t\t\t\t<\/div>\n\t\t\t\t\t\t\t\t<\/div>\n\t\t\t\t<\/div>\n\t\t\t\t<div class=\"elementor-element elementor-element-ae5de65 elementor-widget elementor-widget-text-editor\" data-id=\"ae5de65\" data-element_type=\"widget\" data-e-type=\"widget\" data-widget_type=\"text-editor.default\">\n\t\t\t\t<div class=\"elementor-widget-container\">\n\t\t\t\t\t\t\t\t\t<p>Les places \u00e9tant limit\u00e9es, merci de nous adresser un mail \u00e0 : amvzik@gmail.com pour confirmer vos r\u00e9servations par ch\u00e8que<\/p>\t\t\t\t\t\t\t\t<\/div>\n\t\t\t\t<\/div>\n\t\t\t\t\t<\/div>\n\t\t<\/div>\n\t\t\t\t\t<\/div>\n\t\t<\/section>\n\t\t\t\t<section class=\"elementor-section elementor-top-section elementor-element elementor-element-e88a7d2 elementor-section-boxed elementor-section-height-default elementor-section-height-default\" data-id=\"e88a7d2\" data-element_type=\"section\" data-e-type=\"section\">\n\t\t\t\t\t\t<div class=\"elementor-container elementor-column-gap-default\">\n\t\t\t\t\t<div class=\"elementor-column elementor-col-100 elementor-top-column elementor-element elementor-element-605304d\" data-id=\"605304d\" data-element_type=\"column\" data-e-type=\"column\">\n\t\t\t<div class=\"elementor-widget-wrap\">\n\t\t\t\t\t\t\t<\/div>\n\t\t<\/div>\n\t\t\t\t\t<\/div>\n\t\t<\/section>\n\t\t\t\t<\/div>\n\t\t","protected":false},"excerpt":{"rendered":"<p>Billetterie en ligne Concert du jeudi 7 mai R\u00e9servations File7 Concert des 8 &amp; 9 mai &#8211; workshops Acc\u00e8s billetterie Billetterie par ch\u00e8que Cliquez sur le bouton \u00ab\u00a0T\u00e9l\u00e9chargez\u00ab\u00a0. Le bulletin de r\u00e9servation est \u00e0 nous retourner avant le 30 avril, accompagn\u00e9 du r\u00e8glement \u00e0 l&rsquo;adresse suivante : AMV &#8211; 5&hellip;<\/p>\n","protected":false},"author":1,"featured_media":0,"parent":0,"menu_order":0,"comment_status":"closed","ping_status":"closed","template":"","meta":{"footnotes":""},"class_list":["post-1903","page","type-page","status-publish","hentry"],"yoast_head":"<!-- This site is optimized with the Yoast SEO plugin v27.2 - https:\/\/yoast.com\/product\/yoast-seo-wordpress\/ -->\n<title>Billetterie - 6\u00e8me Festivillage Ukul\u00e9l\u00e9 - mai 2026<\/title>\n<meta name=\"robots\" content=\"index, follow, max-snippet:-1, max-image-preview:large, max-video-preview:-1\" \/>\n<link rel=\"canonical\" href=\"https:\/\/festiukulele77.fr\/index.php\/billetterie\/\" \/>\n<meta property=\"og:locale\" content=\"fr_FR\" \/>\n<meta property=\"og:type\" content=\"article\" \/>\n<meta property=\"og:title\" content=\"Billetterie - 6\u00e8me Festivillage Ukul\u00e9l\u00e9 - mai 2026\" \/>\n<meta property=\"og:description\" content=\"Billetterie en ligne Concert du jeudi 7 mai R\u00e9servations File7 Concert des 8 &amp; 9 mai &#8211; workshops Acc\u00e8s billetterie Billetterie par ch\u00e8que Cliquez sur le bouton \u00ab\u00a0T\u00e9l\u00e9chargez\u00ab\u00a0. Le bulletin de r\u00e9servation est \u00e0 nous retourner avant le 30 avril, accompagn\u00e9 du r\u00e8glement \u00e0 l&rsquo;adresse suivante : AMV &#8211; 5&hellip;\" \/>\n<meta property=\"og:url\" content=\"https:\/\/festiukulele77.fr\/index.php\/billetterie\/\" \/>\n<meta property=\"og:site_name\" content=\"6\u00e8me Festivillage Ukul\u00e9l\u00e9 - mai 2026\" \/>\n<meta property=\"article:modified_time\" content=\"2026-04-06T08:20:36+00:00\" \/>\n<meta name=\"twitter:card\" content=\"summary_large_image\" \/>\n<meta name=\"twitter:label1\" content=\"Dur\u00e9e de lecture estim\u00e9e\" \/>\n\t<meta name=\"twitter:data1\" content=\"1 minute\" \/>\n<script type=\"application\/ld+json\" class=\"yoast-schema-graph\">{\"@context\":\"https:\/\/schema.org\",\"@graph\":[{\"@type\":\"WebPage\",\"@id\":\"https:\/\/festiukulele77.fr\/index.php\/billetterie\/\",\"url\":\"https:\/\/festiukulele77.fr\/index.php\/billetterie\/\",\"name\":\"Billetterie - 6\u00e8me Festivillage Ukul\u00e9l\u00e9 - mai 2026\",\"isPartOf\":{\"@id\":\"https:\/\/festiukulele77.fr\/#website\"},\"datePublished\":\"2022-03-25T13:40:30+00:00\",\"dateModified\":\"2026-04-06T08:20:36+00:00\",\"breadcrumb\":{\"@id\":\"https:\/\/festiukulele77.fr\/index.php\/billetterie\/#breadcrumb\"},\"inLanguage\":\"fr-FR\",\"potentialAction\":[{\"@type\":\"ReadAction\",\"target\":[\"https:\/\/festiukulele77.fr\/index.php\/billetterie\/\"]}]},{\"@type\":\"BreadcrumbList\",\"@id\":\"https:\/\/festiukulele77.fr\/index.php\/billetterie\/#breadcrumb\",\"itemListElement\":[{\"@type\":\"ListItem\",\"position\":1,\"name\":\"Accueil\",\"item\":\"https:\/\/festiukulele77.fr\/\"},{\"@type\":\"ListItem\",\"position\":2,\"name\":\"Billetterie\"}]},{\"@type\":\"WebSite\",\"@id\":\"https:\/\/festiukulele77.fr\/#website\",\"url\":\"https:\/\/festiukulele77.fr\/\",\"name\":\"6\u00e8me Festivillage Ukul\u00e9l\u00e9 - mai 2026\",\"description\":\"7 au 10 mai 2026 - Villeneuve le Comte (77), village du ukul\u00e9l\u00e9\",\"publisher\":{\"@id\":\"https:\/\/festiukulele77.fr\/#organization\"},\"potentialAction\":[{\"@type\":\"SearchAction\",\"target\":{\"@type\":\"EntryPoint\",\"urlTemplate\":\"https:\/\/festiukulele77.fr\/?s={search_term_string}\"},\"query-input\":{\"@type\":\"PropertyValueSpecification\",\"valueRequired\":true,\"valueName\":\"search_term_string\"}}],\"inLanguage\":\"fr-FR\"},{\"@type\":\"Organization\",\"@id\":\"https:\/\/festiukulele77.fr\/#organization\",\"name\":\"6\u00e8me Festivillage Ukul\u00e9l\u00e9 - mai 2026\",\"url\":\"https:\/\/festiukulele77.fr\/\",\"logo\":{\"@type\":\"ImageObject\",\"inLanguage\":\"fr-FR\",\"@id\":\"https:\/\/festiukulele77.fr\/#\/schema\/logo\/image\/\",\"url\":\"https:\/\/festiukulele77.fr\/wp-content\/uploads\/2025\/11\/cropped-Badge-Festival-avec-bulle-e1764321489617.png\",\"contentUrl\":\"https:\/\/festiukulele77.fr\/wp-content\/uploads\/2025\/11\/cropped-Badge-Festival-avec-bulle-e1764321489617.png\",\"width\":200,\"height\":200,\"caption\":\"6\u00e8me Festivillage Ukul\u00e9l\u00e9 - mai 2026\"},\"image\":{\"@id\":\"https:\/\/festiukulele77.fr\/#\/schema\/logo\/image\/\"}}]}<\/script>\n<!-- \/ Yoast SEO plugin. -->","yoast_head_json":{"title":"Billetterie - 6\u00e8me Festivillage Ukul\u00e9l\u00e9 - mai 2026","robots":{"index":"index","follow":"follow","max-snippet":"max-snippet:-1","max-image-preview":"max-image-preview:large","max-video-preview":"max-video-preview:-1"},"canonical":"https:\/\/festiukulele77.fr\/index.php\/billetterie\/","og_locale":"fr_FR","og_type":"article","og_title":"Billetterie - 6\u00e8me Festivillage Ukul\u00e9l\u00e9 - mai 2026","og_description":"Billetterie en ligne Concert du jeudi 7 mai R\u00e9servations File7 Concert des 8 &amp; 9 mai &#8211; workshops Acc\u00e8s billetterie Billetterie par ch\u00e8que Cliquez sur le bouton \u00ab\u00a0T\u00e9l\u00e9chargez\u00ab\u00a0. Le bulletin de r\u00e9servation est \u00e0 nous retourner avant le 30 avril, accompagn\u00e9 du r\u00e8glement \u00e0 l&rsquo;adresse suivante : AMV &#8211; 5&hellip;","og_url":"https:\/\/festiukulele77.fr\/index.php\/billetterie\/","og_site_name":"6\u00e8me Festivillage Ukul\u00e9l\u00e9 - mai 2026","article_modified_time":"2026-04-06T08:20:36+00:00","twitter_card":"summary_large_image","twitter_misc":{"Dur\u00e9e de lecture estim\u00e9e":"1 minute"},"schema":{"@context":"https:\/\/schema.org","@graph":[{"@type":"WebPage","@id":"https:\/\/festiukulele77.fr\/index.php\/billetterie\/","url":"https:\/\/festiukulele77.fr\/index.php\/billetterie\/","name":"Billetterie - 6\u00e8me Festivillage Ukul\u00e9l\u00e9 - mai 2026","isPartOf":{"@id":"https:\/\/festiukulele77.fr\/#website"},"datePublished":"2022-03-25T13:40:30+00:00","dateModified":"2026-04-06T08:20:36+00:00","breadcrumb":{"@id":"https:\/\/festiukulele77.fr\/index.php\/billetterie\/#breadcrumb"},"inLanguage":"fr-FR","potentialAction":[{"@type":"ReadAction","target":["https:\/\/festiukulele77.fr\/index.php\/billetterie\/"]}]},{"@type":"BreadcrumbList","@id":"https:\/\/festiukulele77.fr\/index.php\/billetterie\/#breadcrumb","itemListElement":[{"@type":"ListItem","position":1,"name":"Accueil","item":"https:\/\/festiukulele77.fr\/"},{"@type":"ListItem","position":2,"name":"Billetterie"}]},{"@type":"WebSite","@id":"https:\/\/festiukulele77.fr\/#website","url":"https:\/\/festiukulele77.fr\/","name":"6\u00e8me Festivillage Ukul\u00e9l\u00e9 - mai 2026","description":"7 au 10 mai 2026 - Villeneuve le Comte (77), village du ukul\u00e9l\u00e9","publisher":{"@id":"https:\/\/festiukulele77.fr\/#organization"},"potentialAction":[{"@type":"SearchAction","target":{"@type":"EntryPoint","urlTemplate":"https:\/\/festiukulele77.fr\/?s={search_term_string}"},"query-input":{"@type":"PropertyValueSpecification","valueRequired":true,"valueName":"search_term_string"}}],"inLanguage":"fr-FR"},{"@type":"Organization","@id":"https:\/\/festiukulele77.fr\/#organization","name":"6\u00e8me Festivillage Ukul\u00e9l\u00e9 - mai 2026","url":"https:\/\/festiukulele77.fr\/","logo":{"@type":"ImageObject","inLanguage":"fr-FR","@id":"https:\/\/festiukulele77.fr\/#\/schema\/logo\/image\/","url":"https:\/\/festiukulele77.fr\/wp-content\/uploads\/2025\/11\/cropped-Badge-Festival-avec-bulle-e1764321489617.png","contentUrl":"https:\/\/festiukulele77.fr\/wp-content\/uploads\/2025\/11\/cropped-Badge-Festival-avec-bulle-e1764321489617.png","width":200,"height":200,"caption":"6\u00e8me Festivillage Ukul\u00e9l\u00e9 - mai 2026"},"image":{"@id":"https:\/\/festiukulele77.fr\/#\/schema\/logo\/image\/"}}]}},"_links":{"self":[{"href":"https:\/\/festiukulele77.fr\/index.php\/wp-json\/wp\/v2\/pages\/1903","targetHints":{"allow":["GET"]}}],"collection":[{"href":"https:\/\/festiukulele77.fr\/index.php\/wp-json\/wp\/v2\/pages"}],"about":[{"href":"https:\/\/festiukulele77.fr\/index.php\/wp-json\/wp\/v2\/types\/page"}],"author":[{"embeddable":true,"href":"https:\/\/festiukulele77.fr\/index.php\/wp-json\/wp\/v2\/users\/1"}],"replies":[{"embeddable":true,"href":"https:\/\/festiukulele77.fr\/index.php\/wp-json\/wp\/v2\/comments?post=1903"}],"version-history":[{"count":407,"href":"https:\/\/festiukulele77.fr\/index.php\/wp-json\/wp\/v2\/pages\/1903\/revisions"}],"predecessor-version":[{"id":8930,"href":"https:\/\/festiukulele77.fr\/index.php\/wp-json\/wp\/v2\/pages\/1903\/revisions\/8930"}],"wp:attachment":[{"href":"https:\/\/festiukulele77.fr\/index.php\/wp-json\/wp\/v2\/media?parent=1903"}],"curies":[{"name":"wp","href":"https:\/\/api.w.org\/{rel}","templated":true}]}}